{"id":13266,"date":"2020-02-05T23:08:56","date_gmt":"2020-02-06T04:08:56","guid":{"rendered":"https:\/\/sensing.konicaminolta.us\/contact-us\/"},"modified":"2025-07-30T05:50:16","modified_gmt":"2025-07-30T09:50:16","slug":"contact-us","status":"publish","type":"page","link":"https:\/\/sensing.konicaminolta.us\/br\/contact-us\/","title":{"rendered":"Fale Conosco"},"content":{"rendered":"<div class=\"wpb-content-wrapper\"><p>[vc_row unlock_row=&#8221;&#8221; row_height_percent=&#8221;0&#8243; override_padding=&#8221;yes&#8221; h_padding=&#8221;2&#8243; top_padding=&#8221;0&#8243; bottom_padding=&#8221;2&#8243; overlay_alpha=&#8221;50&#8243; gutter_size=&#8221;3&#8243; column_width_percent=&#8221;100&#8243; shift_y=&#8221;0&#8243; z_index=&#8221;0&#8243;][vc_column width=&#8221;1\/1&#8243;][vc_single_image media=&#8221;2358&#8243; media_width_percent=&#8221;100&#8243; alignment=&#8221;center&#8221;][\/vc_column][\/vc_row][vc_row unlock_row=&#8221;&#8221; row_height_percent=&#8221;0&#8243; override_padding=&#8221;yes&#8221; h_padding=&#8221;2&#8243; top_padding=&#8221;1&#8243; bottom_padding=&#8221;1&#8243; overlay_alpha=&#8221;50&#8243; gutter_size=&#8221;3&#8243; column_width_percent=&#8221;100&#8243; shift_y=&#8221;0&#8243; z_index=&#8221;0&#8243;][vc_column width=&#8221;1\/1&#8243;][vc_custom_heading heading_semantic=&#8221;h1&#8243; text_size=&#8221;h3&#8243; text_weight=&#8221;700&#8243; separator_color=&#8221;yes&#8221; separator=&#8221;yes&#8221;]Fale Conosco[\/vc_custom_heading][\/vc_column][\/vc_row][vc_row unlock_row=&#8221;&#8221; row_height_percent=&#8221;0&#8243; override_padding=&#8221;yes&#8221; h_padding=&#8221;2&#8243; top_padding=&#8221;0&#8243; bottom_padding=&#8221;2&#8243; overlay_alpha=&#8221;50&#8243; gutter_size=&#8221;3&#8243; column_width_percent=&#8221;100&#8243; shift_y=&#8221;0&#8243; z_index=&#8221;0&#8243; css=&#8221;.vc_custom_1580961455270{padding-top: 20px !important;}&#8221;][vc_column width=&#8221;2\/3&#8243;][vc_row_inner][vc_column_inner column_width_percent=&#8221;100&#8243; gutter_size=&#8221;3&#8243; overlay_alpha=&#8221;50&#8243; shift_x=&#8221;0&#8243; shift_y=&#8221;0&#8243; shift_y_down=&#8221;0&#8243; z_index=&#8221;0&#8243; medium_width=&#8221;0&#8243; mobile_width=&#8221;0&#8243; width=&#8221;1\/1&#8243;][vc_column_text]N\u00f3s gostamos do seu contato. Se voc\u00ea tem qualquer pergunta ou precisa de alguma informa\u00e7\u00e3o adicional sobre um produto, aplica\u00e7\u00e3o industrial espec\u00edfica ou simplesmente precisa solicitar um servi\u00e7o, use os formul\u00e1rios abaixo e entraremos em contato o mais rapidamente poss\u00edvel.[\/vc_column_text][\/vc_column_inner][\/vc_row_inner][vc_row_inner][vc_column_inner width=&#8221;1\/3&#8243;][vc_single_image media=&#8221;2372&#8243; media_width_percent=&#8221;100&#8243; advanced=&#8221;yes&#8221; media_overlay_color=&#8221;color-005090&#8243; media_overlay_opacity=&#8221;10&#8243; media_image_anim=&#8221;no&#8221; media_padding=&#8221;2&#8243; media_link=&#8221;url:%2Fbr%2Fcontact-us%2Fgeneral-inquiries%2F&#8221;][\/vc_column_inner][vc_column_inner width=&#8221;1\/3&#8243;][vc_single_image media=&#8221;2366&#8243; media_width_percent=&#8221;100&#8243; advanced=&#8221;yes&#8221; media_overlay_color=&#8221;color-005090&#8243; media_overlay_opacity=&#8221;10&#8243; media_image_anim=&#8221;no&#8221; media_padding=&#8221;2&#8243; media_link=&#8221;url:%2Fbr%2Fcontact-us%2Frfq-form%2F|||&#8221;][\/vc_column_inner][vc_column_inner width=&#8221;1\/3&#8243;][vc_single_image media=&#8221;2369&#8243; media_width_percent=&#8221;100&#8243; advanced=&#8221;yes&#8221; media_overlay_color=&#8221;color-005090&#8243; media_overlay_opacity=&#8221;10&#8243; media_image_anim=&#8221;no&#8221; media_padding=&#8221;2&#8243; media_link=&#8221;url:%2Fbr%2Fcontact-us%2Fservice-tech-rfq%2F|||&#8221;][\/vc_column_inner][\/vc_row_inner][\/vc_column][vc_column column_width_percent=&#8221;100&#8243; gutter_size=&#8221;3&#8243; overlay_alpha=&#8221;50&#8243; shift_x=&#8221;0&#8243; shift_y=&#8221;0&#8243; shift_y_down=&#8221;0&#8243; z_index=&#8221;0&#8243; medium_width=&#8221;0&#8243; mobile_width=&#8221;0&#8243; width=&#8221;1\/3&#8243;][vc_column_text el_id=&#8221;contact-address&#8221; uncode_shortcode_id=&#8221;151454&#8243;]<em><strong>Konica Minolta Sensing Americas, Inc<\/strong><\/em><\/p>\n<p>101 Williams Drive Ramsey, NJ 07446 USA<\/p>\n<p><strong>Grelton Nascimento<\/strong><br \/>\n<strong>Gerente T\u00e9cnico \/ Comercial<\/strong><br \/>\nPara informa\u00e7\u00f5es t\u00e9cnicas em geral, suporte a produtos e aplica\u00e7\u00f5es entre em contato atrav\u00e9s <a href=\"\/br\/contact-us\/general-inquiries\/\">do e-mail<\/a> ou ligue para:<\/p>\n<p><strong>Celular (11) 9 6589-9924 <\/strong><\/p>\n<p>Para cota\u00e7\u00f5es, utilize nosso <a href=\"\/br\/contact-us\/rfq-form\/\">formul\u00e1rio<\/a> de or\u00e7amento ou <a href=\"\/br\/contact-us\/general-inquiries\/\">envie um e-mail<\/a><\/p>\n<p><strong>P\u00e1ginas Web Internacionais:<\/strong><br \/>\n<a href=\"https:\/\/sensing.konicaminolta.us\/br\/\">Estados Unidos (Ingl\u00eas)<\/a><br \/>\n<a href=\"https:\/\/sensing.konicaminolta.us\/mx\/\">Am\u00e9rica Latina (Espanhol)<\/a>[\/vc_column_text][\/vc_column][\/vc_row]<\/p>\n<\/div>","protected":false},"excerpt":{"rendered":"<p>[vc_row unlock_row=&#8221;&#8221; row_height_percent=&#8221;0&#8243; override_padding=&#8221;yes&#8221; h_padding=&#8221;2&#8243; top_padding=&#8221;0&#8243; bottom_padding=&#8221;2&#8243; overlay_alpha=&#8221;50&#8243; gutter_size=&#8221;3&#8243; column_width_percent=&#8221;100&#8243; shift_y=&#8221;0&#8243; z_index=&#8221;0&#8243;][vc_column width=&#8221;1\/1&#8243;][vc_single_image media=&#8221;2358&#8243; media_width_percent=&#8221;100&#8243; alignment=&#8221;center&#8221;][\/vc_column][\/vc_row][vc_row unlock_row=&#8221;&#8221; row_height_percent=&#8221;0&#8243; override_padding=&#8221;yes&#8221; h_padding=&#8221;2&#8243; [&hellip;]<\/p>\n","protected":false},"author":1,"featured_media":0,"parent":0,"menu_order":0,"comment_status":"closed","ping_status":"closed","template":"","meta":{"footnotes":""},"class_list":["post-13266","page","type-page","status-publish","hentry"],"acf":[],"yoast_head":"<!-- This site is optimized with the Yoast SEO Premium plugin v24.4 (Yoast SEO v24.4) - https:\/\/yoast.com\/wordpress\/plugins\/seo\/ -->\r\n<title>Fale Conosco | Konica Minolta Sensing<\/title>\r\n<meta name=\"description\" content=\"Se voc\u00ea tem qualquer pergunta ou precisa de alguma informa\u00e7\u00e3o adicional use os formul\u00e1rios abaixo e entraremos em contato o mais rapidamente poss\u00edvel.\" \/>\r\n<meta name=\"robots\" content=\"index, follow, max-snippet:-1, max-image-preview:large, max-video-preview:-1\" \/>\r\n<link rel=\"canonical\" href=\"https:\/\/sensing.konicaminolta.us\/br\/contact-us\/\" \/>\r\n<meta property=\"og:locale\" content=\"pt_BR\" \/>\r\n<meta property=\"og:type\" content=\"article\" \/>\r\n<meta property=\"og:title\" content=\"Fale Conosco | Konica Minolta Sensing\" \/>\r\n<meta property=\"og:description\" content=\"Se voc\u00ea tem qualquer pergunta ou precisa de alguma informa\u00e7\u00e3o adicional use os formul\u00e1rios abaixo e entraremos em contato o mais rapidamente poss\u00edvel.\" \/>\r\n<meta property=\"og:url\" content=\"https:\/\/sensing.konicaminolta.us\/br\/contact-us\/\" \/>\r\n<meta property=\"og:site_name\" content=\"Konica Minolta Sensing\" \/>\r\n<meta property=\"article:publisher\" content=\"https:\/\/www.facebook.com\/KonicaMinoltaSensingAmericas\" \/>\r\n<meta property=\"article:modified_time\" content=\"2025-07-30T09:50:16+00:00\" \/>\r\n<meta property=\"og:image\" content=\"https:\/\/sensing.konicaminolta.us\/wp-content\/uploads\/contact-us-banner-new-1.jpg\" \/>\r\n\t<meta property=\"og:image:width\" content=\"1130\" \/>\r\n\t<meta property=\"og:image:height\" content=\"253\" \/>\r\n\t<meta property=\"og:image:type\" content=\"image\/jpeg\" \/>\r\n<meta name=\"twitter:card\" content=\"summary_large_image\" \/>\r\n<meta name=\"twitter:title\" content=\"Fale Conosco | Konica Minolta Sensing\" \/>\r\n<meta name=\"twitter:description\" content=\"Se voc\u00ea tem qualquer pergunta ou precisa de alguma informa\u00e7\u00e3o adicional use os formul\u00e1rios abaixo e entraremos em contato o mais rapidamente poss\u00edvel.\" \/>\r\n<meta name=\"twitter:site\" content=\"@KMSensingUS\" \/>\r\n<meta name=\"twitter:label1\" content=\"Est. tempo de leitura\" \/>\n\t<meta name=\"twitter:data1\" content=\"2 minutos\" \/>\r\n<script type=\"application\/ld+json\" class=\"yoast-schema-graph\">{\"@context\":\"https:\/\/schema.org\",\"@graph\":[{\"@type\":\"WebPage\",\"@id\":\"https:\/\/sensing.konicaminolta.us\/br\/contact-us\/\",\"url\":\"https:\/\/sensing.konicaminolta.us\/br\/contact-us\/\",\"name\":\"Fale Conosco | Konica Minolta Sensing\",\"isPartOf\":{\"@id\":\"https:\/\/sensing.konicaminolta.us\/br\/#website\"},\"datePublished\":\"2020-02-06T04:08:56+00:00\",\"dateModified\":\"2025-07-30T09:50:16+00:00\",\"description\":\"Se voc\u00ea tem qualquer pergunta ou precisa de alguma informa\u00e7\u00e3o adicional use os formul\u00e1rios abaixo e entraremos em contato o mais rapidamente poss\u00edvel.\",\"breadcrumb\":{\"@id\":\"https:\/\/sensing.konicaminolta.us\/br\/contact-us\/#breadcrumb\"},\"inLanguage\":\"pt-BR\",\"potentialAction\":[{\"@type\":\"ReadAction\",\"target\":[\"https:\/\/sensing.konicaminolta.us\/br\/contact-us\/\"]}]},{\"@type\":\"BreadcrumbList\",\"@id\":\"https:\/\/sensing.konicaminolta.us\/br\/contact-us\/#breadcrumb\",\"itemListElement\":[{\"@type\":\"ListItem\",\"position\":1,\"name\":\"Home\",\"item\":\"https:\/\/sensing.konicaminolta.us\/br\/\"},{\"@type\":\"ListItem\",\"position\":2,\"name\":\"Fale Conosco\"}]},{\"@type\":\"WebSite\",\"@id\":\"https:\/\/sensing.konicaminolta.us\/br\/#website\",\"url\":\"https:\/\/sensing.konicaminolta.us\/br\/\",\"name\":\"Konica Minolta Sensing\",\"description\":\"Color, Light, and LED Measuring Instruments\",\"publisher\":{\"@id\":\"https:\/\/sensing.konicaminolta.us\/br\/#organization\"},\"potentialAction\":[{\"@type\":\"SearchAction\",\"target\":{\"@type\":\"EntryPoint\",\"urlTemplate\":\"https:\/\/sensing.konicaminolta.us\/br\/?s={search_term_string}\"},\"query-input\":{\"@type\":\"PropertyValueSpecification\",\"valueRequired\":true,\"valueName\":\"search_term_string\"}}],\"inLanguage\":\"pt-BR\"},{\"@type\":\"Organization\",\"@id\":\"https:\/\/sensing.konicaminolta.us\/br\/#organization\",\"name\":\"Konica Minolta Sensing Americas\",\"url\":\"https:\/\/sensing.konicaminolta.us\/br\/\",\"logo\":{\"@type\":\"ImageObject\",\"inLanguage\":\"pt-BR\",\"@id\":\"https:\/\/sensing.konicaminolta.us\/br\/#\/schema\/logo\/image\/\",\"url\":\"https:\/\/sensing.konicaminolta.us\/wp-content\/uploads\/kmsa-vertical.png\",\"contentUrl\":\"https:\/\/sensing.konicaminolta.us\/wp-content\/uploads\/kmsa-vertical.png\",\"width\":195,\"height\":135,\"caption\":\"Konica Minolta Sensing Americas\"},\"image\":{\"@id\":\"https:\/\/sensing.konicaminolta.us\/br\/#\/schema\/logo\/image\/\"},\"sameAs\":[\"https:\/\/www.facebook.com\/KonicaMinoltaSensingAmericas\",\"https:\/\/x.com\/KMSensingUS\",\"https:\/\/www.instagram.com\/kmsensingus\/\",\"http:\/\/www.linkedin.com\/company\/531676?trk=tyah\",\"https:\/\/www.pinterest.com\/KMSensingUS\/\",\"http:\/\/www.youtube.com\/KonicaMinoltaSense\"]}]}<\/script>\r\n<!-- \/ Yoast SEO Premium plugin. -->","yoast_head_json":{"title":"Fale Conosco | Konica Minolta Sensing","description":"Se voc\u00ea tem qualquer pergunta ou precisa de alguma informa\u00e7\u00e3o adicional use os formul\u00e1rios abaixo e entraremos em contato o mais rapidamente poss\u00edvel.","robots":{"index":"index","follow":"follow","max-snippet":"max-snippet:-1","max-image-preview":"max-image-preview:large","max-video-preview":"max-video-preview:-1"},"canonical":"https:\/\/sensing.konicaminolta.us\/br\/contact-us\/","og_locale":"pt_BR","og_type":"article","og_title":"Fale Conosco | Konica Minolta Sensing","og_description":"Se voc\u00ea tem qualquer pergunta ou precisa de alguma informa\u00e7\u00e3o adicional use os formul\u00e1rios abaixo e entraremos em contato o mais rapidamente poss\u00edvel.","og_url":"https:\/\/sensing.konicaminolta.us\/br\/contact-us\/","og_site_name":"Konica Minolta Sensing","article_publisher":"https:\/\/www.facebook.com\/KonicaMinoltaSensingAmericas","article_modified_time":"2025-07-30T09:50:16+00:00","og_image":[{"width":1130,"height":253,"url":"https:\/\/sensing.konicaminolta.us\/wp-content\/uploads\/contact-us-banner-new-1.jpg","type":"image\/jpeg"}],"twitter_card":"summary_large_image","twitter_title":"Fale Conosco | Konica Minolta Sensing","twitter_description":"Se voc\u00ea tem qualquer pergunta ou precisa de alguma informa\u00e7\u00e3o adicional use os formul\u00e1rios abaixo e entraremos em contato o mais rapidamente poss\u00edvel.","twitter_site":"@KMSensingUS","twitter_misc":{"Est. tempo de leitura":"2 minutos"},"schema":{"@context":"https:\/\/schema.org","@graph":[{"@type":"WebPage","@id":"https:\/\/sensing.konicaminolta.us\/br\/contact-us\/","url":"https:\/\/sensing.konicaminolta.us\/br\/contact-us\/","name":"Fale Conosco | Konica Minolta Sensing","isPartOf":{"@id":"https:\/\/sensing.konicaminolta.us\/br\/#website"},"datePublished":"2020-02-06T04:08:56+00:00","dateModified":"2025-07-30T09:50:16+00:00","description":"Se voc\u00ea tem qualquer pergunta ou precisa de alguma informa\u00e7\u00e3o adicional use os formul\u00e1rios abaixo e entraremos em contato o mais rapidamente poss\u00edvel.","breadcrumb":{"@id":"https:\/\/sensing.konicaminolta.us\/br\/contact-us\/#breadcrumb"},"inLanguage":"pt-BR","potentialAction":[{"@type":"ReadAction","target":["https:\/\/sensing.konicaminolta.us\/br\/contact-us\/"]}]},{"@type":"BreadcrumbList","@id":"https:\/\/sensing.konicaminolta.us\/br\/contact-us\/#breadcrumb","itemListElement":[{"@type":"ListItem","position":1,"name":"Home","item":"https:\/\/sensing.konicaminolta.us\/br\/"},{"@type":"ListItem","position":2,"name":"Fale Conosco"}]},{"@type":"WebSite","@id":"https:\/\/sensing.konicaminolta.us\/br\/#website","url":"https:\/\/sensing.konicaminolta.us\/br\/","name":"Konica Minolta Sensing","description":"Color, Light, and LED Measuring Instruments","publisher":{"@id":"https:\/\/sensing.konicaminolta.us\/br\/#organization"},"potentialAction":[{"@type":"SearchAction","target":{"@type":"EntryPoint","urlTemplate":"https:\/\/sensing.konicaminolta.us\/br\/?s={search_term_string}"},"query-input":{"@type":"PropertyValueSpecification","valueRequired":true,"valueName":"search_term_string"}}],"inLanguage":"pt-BR"},{"@type":"Organization","@id":"https:\/\/sensing.konicaminolta.us\/br\/#organization","name":"Konica Minolta Sensing Americas","url":"https:\/\/sensing.konicaminolta.us\/br\/","logo":{"@type":"ImageObject","inLanguage":"pt-BR","@id":"https:\/\/sensing.konicaminolta.us\/br\/#\/schema\/logo\/image\/","url":"https:\/\/sensing.konicaminolta.us\/wp-content\/uploads\/kmsa-vertical.png","contentUrl":"https:\/\/sensing.konicaminolta.us\/wp-content\/uploads\/kmsa-vertical.png","width":195,"height":135,"caption":"Konica Minolta Sensing Americas"},"image":{"@id":"https:\/\/sensing.konicaminolta.us\/br\/#\/schema\/logo\/image\/"},"sameAs":["https:\/\/www.facebook.com\/KonicaMinoltaSensingAmericas","https:\/\/x.com\/KMSensingUS","https:\/\/www.instagram.com\/kmsensingus\/","http:\/\/www.linkedin.com\/company\/531676?trk=tyah","https:\/\/www.pinterest.com\/KMSensingUS\/","http:\/\/www.youtube.com\/KonicaMinoltaSense"]}]}},"_links":{"self":[{"href":"https:\/\/sensing.konicaminolta.us\/br\/wp-json\/wp\/v2\/pages\/13266","targetHints":{"allow":["GET"]}}],"collection":[{"href":"https:\/\/sensing.konicaminolta.us\/br\/wp-json\/wp\/v2\/pages"}],"about":[{"href":"https:\/\/sensing.konicaminolta.us\/br\/wp-json\/wp\/v2\/types\/page"}],"author":[{"embeddable":true,"href":"https:\/\/sensing.konicaminolta.us\/br\/wp-json\/wp\/v2\/users\/1"}],"replies":[{"embeddable":true,"href":"https:\/\/sensing.konicaminolta.us\/br\/wp-json\/wp\/v2\/comments?post=13266"}],"version-history":[{"count":6,"href":"https:\/\/sensing.konicaminolta.us\/br\/wp-json\/wp\/v2\/pages\/13266\/revisions"}],"predecessor-version":[{"id":26362,"href":"https:\/\/sensing.konicaminolta.us\/br\/wp-json\/wp\/v2\/pages\/13266\/revisions\/26362"}],"wp:attachment":[{"href":"https:\/\/sensing.konicaminolta.us\/br\/wp-json\/wp\/v2\/media?parent=13266"}],"curies":[{"name":"wp","href":"https:\/\/api.w.org\/{rel}","templated":true}]}}