{"id":17079,"date":"2020-02-05T11:50:16","date_gmt":"2020-02-05T16:50:16","guid":{"rendered":"https:\/\/sensing.konicaminolta.us\/usp\/"},"modified":"2020-04-05T00:23:57","modified_gmt":"2020-04-05T04:23:57","slug":"usp","status":"publish","type":"page","link":"https:\/\/sensing.konicaminolta.us\/br\/usp\/","title":{"rendered":"What We Stand For"},"content":{"rendered":"<div class=\"wpb-content-wrapper\"><p>[vc_row unlock_row_content=&#8221;yes&#8221; row_height_percent=&#8221;100&#8243; override_padding=&#8221;yes&#8221; h_padding=&#8221;0&#8243; top_padding=&#8221;0&#8243; bottom_padding=&#8221;0&#8243; overlay_alpha=&#8221;50&#8243; gutter_size=&#8221;3&#8243; column_width_percent=&#8221;100&#8243; shift_y=&#8221;0&#8243; z_index=&#8221;0&#8243;][vc_column width=&#8221;1\/1&#8243;][layerslider_vc id=&#8221;2&#8243;][\/vc_column][\/vc_row][vc_row row_height_percent=&#8221;0&#8243; override_padding=&#8221;yes&#8221; h_padding=&#8221;2&#8243; top_padding=&#8221;2&#8243; bottom_padding=&#8221;2&#8243; back_color=&#8221;color-f4f5f5&#8243; overlay_alpha=&#8221;50&#8243; gutter_size=&#8221;3&#8243; column_width_percent=&#8221;100&#8243; shift_y=&#8221;0&#8243; z_index=&#8221;0&#8243;][vc_column width=&#8221;1\/1&#8243;][vc_row_inner row_inner_height_percent=&#8221;0&#8243; force_width_grid=&#8221;yes&#8221; overlay_alpha=&#8221;50&#8243; gutter_size=&#8221;3&#8243; shift_y=&#8221;0&#8243; z_index=&#8221;0&#8243;][vc_column_inner column_width_percent=&#8221;100&#8243; gutter_size=&#8221;3&#8243; overlay_alpha=&#8221;50&#8243; shift_x=&#8221;0&#8243; shift_y=&#8221;0&#8243; shift_y_down=&#8221;0&#8243; z_index=&#8221;0&#8243; medium_width=&#8221;0&#8243; mobile_width=&#8221;0&#8243; width=&#8221;1\/1&#8243;][vc_single_image media=&#8221;2323&#8243; media_width_use_pixel=&#8221;yes&#8221; alignment=&#8221;center&#8221; media_width_pixel=&#8221;500&#8243;][vc_column_text text_lead=&#8221;yes&#8221;]<\/p>\n<p style=\"text-align: center;\">Properties such as length and weight are easy to measure with a ruler or scale because the physical quantities are absolute. Measuring color is different. Color is a perceived phenomenon, reliant on our brain as well as the object itself and the light source shining on it. Because of this, there may be slight differences in the way individuals see color. At Konica Minolta, we design and manufacture instruments to measure color, expressing it in a quantifiable way in the same way as a ruler uses numbers to represent dimension. These instruments make it possible for anybody, anywhere to measure color objectively. On the factory floor, in the laboratory or in the farmer\u2019s field, our customers can expect consistent results. Our color and light measuring instruments are accurate and fully traceable. In addition, the measurement data corresponds well with visual assessment, based on the global and exhaustive research of the Commission Internationale de l&#8217;\u00c9clairage (CIE). Konica Minolta\u2019s advanced color and light measurement technology helps our customers to increase manufacturing efficiency whilst reducing downtime and material waste. It also helps to improve the perceived consistency and quality of their products.<\/p>\n<p>[\/vc_column_text][\/vc_column_inner][\/vc_row_inner][\/vc_column][\/vc_row][vc_row row_height_percent=&#8221;0&#8243; overlay_alpha=&#8221;50&#8243; gutter_size=&#8221;3&#8243; column_width_percent=&#8221;100&#8243; shift_y=&#8221;0&#8243; z_index=&#8221;0&#8243;][vc_column width=&#8221;1\/1&#8243;][\/vc_column][\/vc_row]<\/p>\n<\/div>","protected":false},"excerpt":{"rendered":"<p>[vc_row unlock_row_content=&#8221;yes&#8221; row_height_percent=&#8221;100&#8243; override_padding=&#8221;yes&#8221; h_padding=&#8221;0&#8243; top_padding=&#8221;0&#8243; bottom_padding=&#8221;0&#8243; overlay_alpha=&#8221;50&#8243; gutter_size=&#8221;3&#8243; column_width_percent=&#8221;100&#8243; shift_y=&#8221;0&#8243; z_index=&#8221;0&#8243;][vc_column width=&#8221;1\/1&#8243;][layerslider_vc id=&#8221;2&#8243;][\/vc_column][\/vc_row][vc_row row_height_percent=&#8221;0&#8243; override_padding=&#8221;yes&#8221; h_padding=&#8221;2&#8243; top_padding=&#8221;2&#8243; bottom_padding=&#8221;2&#8243; back_color=&#8221;color-f4f5f5&#8243; [&hellip;]<\/p>\n","protected":false},"author":1,"featured_media":0,"parent":0,"menu_order":0,"comment_status":"closed","ping_status":"closed","template":"page-usp.php","meta":{"footnotes":""},"class_list":["post-17079","page","type-page","status-publish","hentry"],"acf":[],"yoast_head":"<!-- This site is optimized with the Yoast SEO Premium plugin v24.4 (Yoast SEO v24.4) - https:\/\/yoast.com\/wordpress\/plugins\/seo\/ -->\r\n<title>O Padr\u00e3o na Medi\u00e7\u00e3o de Cor e Luz<\/title>\r\n<meta name=\"description\" content=\"Konica Minolta j\u00e1 vendeu mais de 2 milh\u00f5es de produtos em todo o mundo, incluindo instrumentos de medi\u00e7\u00e3o que s\u00e3o base em normas nacionais.\" \/>\r\n<meta name=\"robots\" content=\"index, follow, max-snippet:-1, max-image-preview:large, max-video-preview:-1\" \/>\r\n<link rel=\"canonical\" href=\"https:\/\/sensing.konicaminolta.us\/br\/usp\/\" \/>\r\n<meta property=\"og:locale\" content=\"pt_BR\" \/>\r\n<meta property=\"og:type\" content=\"article\" \/>\r\n<meta property=\"og:title\" content=\"O Padr\u00e3o na Medi\u00e7\u00e3o de Cor e Luz\" \/>\r\n<meta property=\"og:description\" content=\"Konica Minolta j\u00e1 vendeu mais de 2 milh\u00f5es de produtos em todo o mundo, incluindo instrumentos de medi\u00e7\u00e3o que s\u00e3o base em normas nacionais.\" \/>\r\n<meta property=\"og:url\" content=\"https:\/\/sensing.konicaminolta.us\/br\/usp\/\" \/>\r\n<meta property=\"og:site_name\" content=\"Konica Minolta Sensing\" \/>\r\n<meta property=\"article:publisher\" content=\"https:\/\/www.facebook.com\/KonicaMinoltaSensingAmericas\" \/>\r\n<meta property=\"article:modified_time\" content=\"2020-04-05T04:23:57+00:00\" \/>\r\n<meta property=\"og:image\" content=\"https:\/\/sensing.konicaminolta.us\/wp-content\/uploads\/mv02-2.jpg\" \/>\r\n\t<meta property=\"og:image:width\" content=\"1360\" \/>\r\n\t<meta property=\"og:image:height\" content=\"680\" \/>\r\n\t<meta property=\"og:image:type\" content=\"image\/jpeg\" \/>\r\n<meta name=\"twitter:card\" content=\"summary_large_image\" \/>\r\n<meta name=\"twitter:title\" content=\"O Padr\u00e3o na Medi\u00e7\u00e3o de Cor e Luz\" \/>\r\n<meta name=\"twitter:description\" content=\"Konica Minolta j\u00e1 vendeu mais de 2 milh\u00f5es de produtos em todo o mundo, incluindo instrumentos de medi\u00e7\u00e3o que s\u00e3o base em normas nacionais.\" \/>\r\n<meta name=\"twitter:site\" content=\"@KMSensingUS\" \/>\r\n<meta name=\"twitter:label1\" content=\"Est. tempo de leitura\" \/>\n\t<meta name=\"twitter:data1\" content=\"2 minutos\" \/>\r\n<script type=\"application\/ld+json\" class=\"yoast-schema-graph\">{\"@context\":\"https:\/\/schema.org\",\"@graph\":[{\"@type\":\"WebPage\",\"@id\":\"https:\/\/sensing.konicaminolta.us\/br\/usp\/\",\"url\":\"https:\/\/sensing.konicaminolta.us\/br\/usp\/\",\"name\":\"O Padr\u00e3o na Medi\u00e7\u00e3o de Cor e Luz\",\"isPartOf\":{\"@id\":\"https:\/\/sensing.konicaminolta.us\/br\/#website\"},\"datePublished\":\"2020-02-05T16:50:16+00:00\",\"dateModified\":\"2020-04-05T04:23:57+00:00\",\"description\":\"Konica Minolta j\u00e1 vendeu mais de 2 milh\u00f5es de produtos em todo o mundo, incluindo instrumentos de medi\u00e7\u00e3o que s\u00e3o base em normas nacionais.\",\"breadcrumb\":{\"@id\":\"https:\/\/sensing.konicaminolta.us\/br\/usp\/#breadcrumb\"},\"inLanguage\":\"pt-BR\",\"potentialAction\":[{\"@type\":\"ReadAction\",\"target\":[\"https:\/\/sensing.konicaminolta.us\/br\/usp\/\"]}]},{\"@type\":\"BreadcrumbList\",\"@id\":\"https:\/\/sensing.konicaminolta.us\/br\/usp\/#breadcrumb\",\"itemListElement\":[{\"@type\":\"ListItem\",\"position\":1,\"name\":\"Home\",\"item\":\"https:\/\/sensing.konicaminolta.us\/br\/\"},{\"@type\":\"ListItem\",\"position\":2,\"name\":\"What We Stand For\"}]},{\"@type\":\"WebSite\",\"@id\":\"https:\/\/sensing.konicaminolta.us\/br\/#website\",\"url\":\"https:\/\/sensing.konicaminolta.us\/br\/\",\"name\":\"Konica Minolta Sensing\",\"description\":\"Color, Light, and LED Measuring Instruments\",\"publisher\":{\"@id\":\"https:\/\/sensing.konicaminolta.us\/br\/#organization\"},\"potentialAction\":[{\"@type\":\"SearchAction\",\"target\":{\"@type\":\"EntryPoint\",\"urlTemplate\":\"https:\/\/sensing.konicaminolta.us\/br\/?s={search_term_string}\"},\"query-input\":{\"@type\":\"PropertyValueSpecification\",\"valueRequired\":true,\"valueName\":\"search_term_string\"}}],\"inLanguage\":\"pt-BR\"},{\"@type\":\"Organization\",\"@id\":\"https:\/\/sensing.konicaminolta.us\/br\/#organization\",\"name\":\"Konica Minolta Sensing Americas\",\"url\":\"https:\/\/sensing.konicaminolta.us\/br\/\",\"logo\":{\"@type\":\"ImageObject\",\"inLanguage\":\"pt-BR\",\"@id\":\"https:\/\/sensing.konicaminolta.us\/br\/#\/schema\/logo\/image\/\",\"url\":\"https:\/\/sensing.konicaminolta.us\/wp-content\/uploads\/kmsa-vertical.png\",\"contentUrl\":\"https:\/\/sensing.konicaminolta.us\/wp-content\/uploads\/kmsa-vertical.png\",\"width\":195,\"height\":135,\"caption\":\"Konica Minolta Sensing Americas\"},\"image\":{\"@id\":\"https:\/\/sensing.konicaminolta.us\/br\/#\/schema\/logo\/image\/\"},\"sameAs\":[\"https:\/\/www.facebook.com\/KonicaMinoltaSensingAmericas\",\"https:\/\/x.com\/KMSensingUS\",\"https:\/\/www.instagram.com\/kmsensingus\/\",\"http:\/\/www.linkedin.com\/company\/531676?trk=tyah\",\"https:\/\/www.pinterest.com\/KMSensingUS\/\",\"http:\/\/www.youtube.com\/KonicaMinoltaSense\"]}]}<\/script>\r\n<!-- \/ Yoast SEO Premium plugin. -->","yoast_head_json":{"title":"O Padr\u00e3o na Medi\u00e7\u00e3o de Cor e Luz","description":"Konica Minolta j\u00e1 vendeu mais de 2 milh\u00f5es de produtos em todo o mundo, incluindo instrumentos de medi\u00e7\u00e3o que s\u00e3o base em normas nacionais.","robots":{"index":"index","follow":"follow","max-snippet":"max-snippet:-1","max-image-preview":"max-image-preview:large","max-video-preview":"max-video-preview:-1"},"canonical":"https:\/\/sensing.konicaminolta.us\/br\/usp\/","og_locale":"pt_BR","og_type":"article","og_title":"O Padr\u00e3o na Medi\u00e7\u00e3o de Cor e Luz","og_description":"Konica Minolta j\u00e1 vendeu mais de 2 milh\u00f5es de produtos em todo o mundo, incluindo instrumentos de medi\u00e7\u00e3o que s\u00e3o base em normas nacionais.","og_url":"https:\/\/sensing.konicaminolta.us\/br\/usp\/","og_site_name":"Konica Minolta Sensing","article_publisher":"https:\/\/www.facebook.com\/KonicaMinoltaSensingAmericas","article_modified_time":"2020-04-05T04:23:57+00:00","og_image":[{"width":1360,"height":680,"url":"https:\/\/sensing.konicaminolta.us\/wp-content\/uploads\/mv02-2.jpg","type":"image\/jpeg"}],"twitter_card":"summary_large_image","twitter_title":"O Padr\u00e3o na Medi\u00e7\u00e3o de Cor e Luz","twitter_description":"Konica Minolta j\u00e1 vendeu mais de 2 milh\u00f5es de produtos em todo o mundo, incluindo instrumentos de medi\u00e7\u00e3o que s\u00e3o base em normas nacionais.","twitter_site":"@KMSensingUS","twitter_misc":{"Est. tempo de leitura":"2 minutos"},"schema":{"@context":"https:\/\/schema.org","@graph":[{"@type":"WebPage","@id":"https:\/\/sensing.konicaminolta.us\/br\/usp\/","url":"https:\/\/sensing.konicaminolta.us\/br\/usp\/","name":"O Padr\u00e3o na Medi\u00e7\u00e3o de Cor e Luz","isPartOf":{"@id":"https:\/\/sensing.konicaminolta.us\/br\/#website"},"datePublished":"2020-02-05T16:50:16+00:00","dateModified":"2020-04-05T04:23:57+00:00","description":"Konica Minolta j\u00e1 vendeu mais de 2 milh\u00f5es de produtos em todo o mundo, incluindo instrumentos de medi\u00e7\u00e3o que s\u00e3o base em normas nacionais.","breadcrumb":{"@id":"https:\/\/sensing.konicaminolta.us\/br\/usp\/#breadcrumb"},"inLanguage":"pt-BR","potentialAction":[{"@type":"ReadAction","target":["https:\/\/sensing.konicaminolta.us\/br\/usp\/"]}]},{"@type":"BreadcrumbList","@id":"https:\/\/sensing.konicaminolta.us\/br\/usp\/#breadcrumb","itemListElement":[{"@type":"ListItem","position":1,"name":"Home","item":"https:\/\/sensing.konicaminolta.us\/br\/"},{"@type":"ListItem","position":2,"name":"What We Stand For"}]},{"@type":"WebSite","@id":"https:\/\/sensing.konicaminolta.us\/br\/#website","url":"https:\/\/sensing.konicaminolta.us\/br\/","name":"Konica Minolta Sensing","description":"Color, Light, and LED Measuring Instruments","publisher":{"@id":"https:\/\/sensing.konicaminolta.us\/br\/#organization"},"potentialAction":[{"@type":"SearchAction","target":{"@type":"EntryPoint","urlTemplate":"https:\/\/sensing.konicaminolta.us\/br\/?s={search_term_string}"},"query-input":{"@type":"PropertyValueSpecification","valueRequired":true,"valueName":"search_term_string"}}],"inLanguage":"pt-BR"},{"@type":"Organization","@id":"https:\/\/sensing.konicaminolta.us\/br\/#organization","name":"Konica Minolta Sensing Americas","url":"https:\/\/sensing.konicaminolta.us\/br\/","logo":{"@type":"ImageObject","inLanguage":"pt-BR","@id":"https:\/\/sensing.konicaminolta.us\/br\/#\/schema\/logo\/image\/","url":"https:\/\/sensing.konicaminolta.us\/wp-content\/uploads\/kmsa-vertical.png","contentUrl":"https:\/\/sensing.konicaminolta.us\/wp-content\/uploads\/kmsa-vertical.png","width":195,"height":135,"caption":"Konica Minolta Sensing Americas"},"image":{"@id":"https:\/\/sensing.konicaminolta.us\/br\/#\/schema\/logo\/image\/"},"sameAs":["https:\/\/www.facebook.com\/KonicaMinoltaSensingAmericas","https:\/\/x.com\/KMSensingUS","https:\/\/www.instagram.com\/kmsensingus\/","http:\/\/www.linkedin.com\/company\/531676?trk=tyah","https:\/\/www.pinterest.com\/KMSensingUS\/","http:\/\/www.youtube.com\/KonicaMinoltaSense"]}]}},"_links":{"self":[{"href":"https:\/\/sensing.konicaminolta.us\/br\/wp-json\/wp\/v2\/pages\/17079","targetHints":{"allow":["GET"]}}],"collection":[{"href":"https:\/\/sensing.konicaminolta.us\/br\/wp-json\/wp\/v2\/pages"}],"about":[{"href":"https:\/\/sensing.konicaminolta.us\/br\/wp-json\/wp\/v2\/types\/page"}],"author":[{"embeddable":true,"href":"https:\/\/sensing.konicaminolta.us\/br\/wp-json\/wp\/v2\/users\/1"}],"replies":[{"embeddable":true,"href":"https:\/\/sensing.konicaminolta.us\/br\/wp-json\/wp\/v2\/comments?post=17079"}],"version-history":[{"count":0,"href":"https:\/\/sensing.konicaminolta.us\/br\/wp-json\/wp\/v2\/pages\/17079\/revisions"}],"wp:attachment":[{"href":"https:\/\/sensing.konicaminolta.us\/br\/wp-json\/wp\/v2\/media?parent=17079"}],"curies":[{"name":"wp","href":"https:\/\/api.w.org\/{rel}","templated":true}]}}