{"id":17266,"date":"2020-04-05T21:15:09","date_gmt":"2020-04-06T01:15:09","guid":{"rendered":"https:\/\/sensing.konicaminolta.us\/on-demand-webinars\/"},"modified":"2024-04-22T08:35:24","modified_gmt":"2024-04-22T12:35:24","slug":"on-demand-webinars","status":"publish","type":"page","link":"https:\/\/sensing.konicaminolta.us\/br\/events\/on-demand-webinars\/","title":{"rendered":"On-Demand Webinars"},"content":{"rendered":"<div class=\"wpb-content-wrapper\"><p>[vc_row row_height_percent=&#8221;0&#8243; override_padding=&#8221;yes&#8221; h_padding=&#8221;2&#8243; top_padding=&#8221;0&#8243; bottom_padding=&#8221;0&#8243; overlay_alpha=&#8221;50&#8243; gutter_size=&#8221;3&#8243; column_width_percent=&#8221;100&#8243; shift_y=&#8221;0&#8243; z_index=&#8221;0&#8243;][vc_column width=&#8221;1\/1&#8243;][vc_single_image media=&#8221;17235&#8243; media_width_percent=&#8221;100&#8243; alignment=&#8221;center&#8221;][\/vc_column][\/vc_row][vc_row row_height_percent=&#8221;0&#8243; overlay_alpha=&#8221;50&#8243; gutter_size=&#8221;3&#8243; column_width_percent=&#8221;100&#8243; shift_y=&#8221;0&#8243; z_index=&#8221;0&#8243;][vc_column column_width_percent=&#8221;100&#8243; position_vertical=&#8221;middle&#8221; gutter_size=&#8221;3&#8243; overlay_alpha=&#8221;50&#8243; shift_x=&#8221;0&#8243; shift_y=&#8221;0&#8243; shift_y_down=&#8221;0&#8243; z_index=&#8221;0&#8243; medium_width=&#8221;0&#8243; mobile_width=&#8221;0&#8243; width=&#8221;1\/1&#8243;][vc_custom_heading heading_semantic=&#8221;h1&#8243; text_size=&#8221;h3&#8243; separator=&#8221;yes&#8221; separator_color=&#8221;yes&#8221;]Webinars Sob Demanda[\/vc_custom_heading][vc_column_text]Aprenda os princ\u00edpios da cor e luz a qualquer momento, 24\/7, com os Webinars Sob Demanda. Voc\u00ea pode iniciar, parar e voltar a apresenta\u00e7\u00e3o quando e quantas vezes quiser, atendendo assim a sua conveni\u00eancia e disponibilidade de agenda.[\/vc_column_text][vc_custom_heading heading_semantic=&#8221;h1&#8243; text_size=&#8221;h3&#8243; separator=&#8221;yes&#8221; separator_color=&#8221;yes&#8221;]Medi\u00e7\u00e3o de Cor[\/vc_custom_heading][vc_row_inner row_inner_height_percent=&#8221;0&#8243; overlay_alpha=&#8221;50&#8243; gutter_size=&#8221;3&#8243; shift_y=&#8221;0&#8243; z_index=&#8221;0&#8243; el_class=&#8221;webinar-row&#8221;][vc_column_inner column_width_percent=&#8221;100&#8243; gutter_size=&#8221;3&#8243; overlay_alpha=&#8221;50&#8243; shift_x=&#8221;0&#8243; shift_y=&#8221;0&#8243; shift_y_down=&#8221;0&#8243; z_index=&#8221;0&#8243; medium_width=&#8221;2&#8243; mobile_width=&#8221;0&#8243; width=&#8221;3\/12&#8243;][vc_single_image media=&#8221;17243&#8243; media_width_percent=&#8221;90&#8243; media_link=&#8221;url:%2Fus%2Fevents%2Fon-demand-webinars%2Fwebinar-form%3Fwebinar%3Dthe-fundamentals-of-color-science|||&#8221;][\/vc_column_inner][vc_column_inner column_width_percent=&#8221;100&#8243; position_vertical=&#8221;middle&#8221; gutter_size=&#8221;3&#8243; overlay_alpha=&#8221;50&#8243; shift_x=&#8221;0&#8243; shift_y=&#8221;0&#8243; shift_y_down=&#8221;0&#8243; z_index=&#8221;0&#8243; medium_width=&#8221;6&#8243; mobile_width=&#8221;0&#8243; width=&#8221;9\/12&#8243;][vc_column_text el_class=&#8221;text-block&#8221;]<strong>Os Fundamentos da Ci\u00eancia da Cor<\/strong><\/p>\n<p>A Konica Minolta Sensing tem o prazer de oferecer os nossos semin\u00e1rios mais procurados agora em formato de v\u00eddeo Flash, acess\u00edvel quando e onde voc\u00ea quiser. O seu tempo \u00e9 valioso e o seu dia completamente cheio, e esses webinars est\u00e3o dispon\u00edveis 24 horas por dia, 7 dias por semana, para que voc\u00ea possa visualiz\u00e1-los. Aproveite todos os benef\u00edcios de um semin\u00e1rio ao vivo, sem ter que acess\u00e1-lo em um hor\u00e1rio espec\u00edfico. Inicie, coloque em pausa, volte ou avance, voc\u00ea controla o ritmo.<\/p>\n<p><a href=\"\/br\/events\/on-demand-webinars\/webinar-form?webinar=the-fundamentals-of-color-science\"> Inscri\u00e7\u00e3o &gt;<\/a>[\/vc_column_text][\/vc_column_inner][\/vc_row_inner][vc_row_inner row_inner_height_percent=&#8221;0&#8243; overlay_alpha=&#8221;50&#8243; gutter_size=&#8221;3&#8243; shift_y=&#8221;0&#8243; z_index=&#8221;0&#8243; el_class=&#8221;webinar-row&#8221;][vc_column_inner column_width_percent=&#8221;100&#8243; gutter_size=&#8221;3&#8243; overlay_alpha=&#8221;50&#8243; shift_x=&#8221;0&#8243; shift_y=&#8221;0&#8243; shift_y_down=&#8221;0&#8243; z_index=&#8221;0&#8243; medium_width=&#8221;2&#8243; mobile_width=&#8221;0&#8243; width=&#8221;3\/12&#8243;][vc_single_image media=&#8221;20783&#8243; media_width_percent=&#8221;90&#8243; media_link=&#8221;url:%2Fbr%2Fevents%2Fon-demand-webinars%2Fwebinar-form%3Fwebinar%3Dcor-em-alimentos|||&#8221;][\/vc_column_inner][vc_column_inner column_width_percent=&#8221;100&#8243; position_vertical=&#8221;middle&#8221; gutter_size=&#8221;3&#8243; overlay_alpha=&#8221;50&#8243; shift_x=&#8221;0&#8243; shift_y=&#8221;0&#8243; shift_y_down=&#8221;0&#8243; z_index=&#8221;0&#8243; medium_width=&#8221;6&#8243; mobile_width=&#8221;0&#8243; width=&#8221;9\/12&#8243;][vc_column_text el_class=&#8221;text-block&#8221;]<strong>Concentra\u00e7\u00e3o de cor em alimentos &#8211; Colorimetria al\u00e9m do L*a*b*<\/strong><\/p>\n<p>Neste semin\u00e1rio voc\u00ea aprender\u00e1 os conceitos b\u00e1sicos de cor, o uso de instrumentos colorim\u00e9tricos, controle de cor na ind\u00fastria aliment\u00edcia, bem como as diferentes aplica\u00e7\u00f5es da cor em ambientes acad\u00eamicos.<\/p>\n<p><a href=\"\/br\/events\/on-demand-webinars\/webinar-form?webinar=cor-em-alimentos\"> Inscri\u00e7\u00e3o &gt;<\/a>[\/vc_column_text][\/vc_column_inner][\/vc_row_inner][\/vc_column][\/vc_row]<\/p>\n<\/div>","protected":false},"excerpt":{"rendered":"<p>[vc_row row_height_percent=&#8221;0&#8243; override_padding=&#8221;yes&#8221; h_padding=&#8221;2&#8243; top_padding=&#8221;0&#8243; bottom_padding=&#8221;0&#8243; overlay_alpha=&#8221;50&#8243; gutter_size=&#8221;3&#8243; column_width_percent=&#8221;100&#8243; shift_y=&#8221;0&#8243; z_index=&#8221;0&#8243;][vc_column width=&#8221;1\/1&#8243;][vc_single_image media=&#8221;17235&#8243; media_width_percent=&#8221;100&#8243; alignment=&#8221;center&#8221;][\/vc_column][\/vc_row][vc_row row_height_percent=&#8221;0&#8243; overlay_alpha=&#8221;50&#8243; gutter_size=&#8221;3&#8243; column_width_percent=&#8221;100&#8243; shift_y=&#8221;0&#8243; [&hellip;]<\/p>\n","protected":false},"author":1,"featured_media":0,"parent":19333,"menu_order":0,"comment_status":"closed","ping_status":"closed","template":"","meta":{"footnotes":""},"class_list":["post-17266","page","type-page","status-publish","hentry"],"acf":[],"yoast_head":"<!-- This site is optimized with the Yoast SEO Premium plugin v24.4 (Yoast SEO v24.4) - https:\/\/yoast.com\/wordpress\/plugins\/seo\/ -->\r\n<title>Webinars Sob Demanda | Konica Minolta Sensing<\/title>\r\n<meta name=\"description\" content=\"Konica Minolta Sensing tem o prazer de oferecer aos nossos webinars mais ocupado agora em formato de v\u00eddeo Flash, acess\u00edveis quando e onde voc\u00ea quiser.\" \/>\r\n<meta name=\"robots\" content=\"index, follow, max-snippet:-1, max-image-preview:large, max-video-preview:-1\" \/>\r\n<link rel=\"canonical\" href=\"https:\/\/sensing.konicaminolta.us\/br\/events\/on-demand-webinars\/\" \/>\r\n<meta property=\"og:locale\" content=\"pt_BR\" \/>\r\n<meta property=\"og:type\" content=\"article\" \/>\r\n<meta property=\"og:title\" content=\"Webinars Sob Demanda | Konica Minolta Sensing\" \/>\r\n<meta property=\"og:description\" content=\"Konica Minolta Sensing tem o prazer de oferecer aos nossos webinars mais ocupado agora em formato de v\u00eddeo Flash, acess\u00edveis quando e onde voc\u00ea quiser.\" \/>\r\n<meta property=\"og:url\" content=\"https:\/\/sensing.konicaminolta.us\/br\/events\/on-demand-webinars\/\" \/>\r\n<meta property=\"og:site_name\" content=\"Konica Minolta Sensing\" \/>\r\n<meta property=\"article:publisher\" content=\"https:\/\/www.facebook.com\/KonicaMinoltaSensingAmericas\" \/>\r\n<meta property=\"article:modified_time\" content=\"2024-04-22T12:35:24+00:00\" \/>\r\n<meta property=\"og:image\" content=\"https:\/\/sensing.konicaminolta.us\/wp-content\/uploads\/LearningCenter_OnDemandWebinars-1.jpg\" \/>\r\n\t<meta property=\"og:image:width\" content=\"1130\" \/>\r\n\t<meta property=\"og:image:height\" content=\"253\" \/>\r\n\t<meta property=\"og:image:type\" content=\"image\/jpeg\" \/>\r\n<meta name=\"twitter:card\" content=\"summary_large_image\" \/>\r\n<meta name=\"twitter:title\" content=\"Webinars Sob Demanda | Konica Minolta Sensing\" \/>\r\n<meta name=\"twitter:description\" content=\"Konica Minolta Sensing tem o prazer de oferecer aos nossos webinars mais ocupado agora em formato de v\u00eddeo Flash, acess\u00edveis quando e onde voc\u00ea quiser.\" \/>\r\n<meta name=\"twitter:site\" content=\"@KMSensingUS\" \/>\r\n<meta name=\"twitter:label1\" content=\"Est. tempo de leitura\" \/>\n\t<meta name=\"twitter:data1\" content=\"3 minutos\" \/>\r\n<script type=\"application\/ld+json\" class=\"yoast-schema-graph\">{\"@context\":\"https:\/\/schema.org\",\"@graph\":[{\"@type\":\"WebPage\",\"@id\":\"https:\/\/sensing.konicaminolta.us\/br\/events\/on-demand-webinars\/\",\"url\":\"https:\/\/sensing.konicaminolta.us\/br\/events\/on-demand-webinars\/\",\"name\":\"Webinars Sob Demanda | Konica Minolta Sensing\",\"isPartOf\":{\"@id\":\"https:\/\/sensing.konicaminolta.us\/br\/#website\"},\"datePublished\":\"2020-04-06T01:15:09+00:00\",\"dateModified\":\"2024-04-22T12:35:24+00:00\",\"description\":\"Konica Minolta Sensing tem o prazer de oferecer aos nossos webinars mais ocupado agora em formato de v\u00eddeo Flash, acess\u00edveis quando e onde voc\u00ea quiser.\",\"breadcrumb\":{\"@id\":\"https:\/\/sensing.konicaminolta.us\/br\/events\/on-demand-webinars\/#breadcrumb\"},\"inLanguage\":\"pt-BR\",\"potentialAction\":[{\"@type\":\"ReadAction\",\"target\":[\"https:\/\/sensing.konicaminolta.us\/br\/events\/on-demand-webinars\/\"]}]},{\"@type\":\"BreadcrumbList\",\"@id\":\"https:\/\/sensing.konicaminolta.us\/br\/events\/on-demand-webinars\/#breadcrumb\",\"itemListElement\":[{\"@type\":\"ListItem\",\"position\":1,\"name\":\"Home\",\"item\":\"https:\/\/sensing.konicaminolta.us\/br\/\"},{\"@type\":\"ListItem\",\"position\":2,\"name\":\"Eventos\",\"item\":\"https:\/\/sensing.konicaminolta.us\/br\/events\/\"},{\"@type\":\"ListItem\",\"position\":3,\"name\":\"On-Demand Webinars\"}]},{\"@type\":\"WebSite\",\"@id\":\"https:\/\/sensing.konicaminolta.us\/br\/#website\",\"url\":\"https:\/\/sensing.konicaminolta.us\/br\/\",\"name\":\"Konica Minolta Sensing\",\"description\":\"Color, Light, and LED Measuring Instruments\",\"publisher\":{\"@id\":\"https:\/\/sensing.konicaminolta.us\/br\/#organization\"},\"potentialAction\":[{\"@type\":\"SearchAction\",\"target\":{\"@type\":\"EntryPoint\",\"urlTemplate\":\"https:\/\/sensing.konicaminolta.us\/br\/?s={search_term_string}\"},\"query-input\":{\"@type\":\"PropertyValueSpecification\",\"valueRequired\":true,\"valueName\":\"search_term_string\"}}],\"inLanguage\":\"pt-BR\"},{\"@type\":\"Organization\",\"@id\":\"https:\/\/sensing.konicaminolta.us\/br\/#organization\",\"name\":\"Konica Minolta Sensing Americas\",\"url\":\"https:\/\/sensing.konicaminolta.us\/br\/\",\"logo\":{\"@type\":\"ImageObject\",\"inLanguage\":\"pt-BR\",\"@id\":\"https:\/\/sensing.konicaminolta.us\/br\/#\/schema\/logo\/image\/\",\"url\":\"https:\/\/sensing.konicaminolta.us\/wp-content\/uploads\/kmsa-vertical.png\",\"contentUrl\":\"https:\/\/sensing.konicaminolta.us\/wp-content\/uploads\/kmsa-vertical.png\",\"width\":195,\"height\":135,\"caption\":\"Konica Minolta Sensing Americas\"},\"image\":{\"@id\":\"https:\/\/sensing.konicaminolta.us\/br\/#\/schema\/logo\/image\/\"},\"sameAs\":[\"https:\/\/www.facebook.com\/KonicaMinoltaSensingAmericas\",\"https:\/\/x.com\/KMSensingUS\",\"https:\/\/www.instagram.com\/kmsensingus\/\",\"http:\/\/www.linkedin.com\/company\/531676?trk=tyah\",\"https:\/\/www.pinterest.com\/KMSensingUS\/\",\"http:\/\/www.youtube.com\/KonicaMinoltaSense\"]}]}<\/script>\r\n<!-- \/ Yoast SEO Premium plugin. -->","yoast_head_json":{"title":"Webinars Sob Demanda | Konica Minolta Sensing","description":"Konica Minolta Sensing tem o prazer de oferecer aos nossos webinars mais ocupado agora em formato de v\u00eddeo Flash, acess\u00edveis quando e onde voc\u00ea quiser.","robots":{"index":"index","follow":"follow","max-snippet":"max-snippet:-1","max-image-preview":"max-image-preview:large","max-video-preview":"max-video-preview:-1"},"canonical":"https:\/\/sensing.konicaminolta.us\/br\/events\/on-demand-webinars\/","og_locale":"pt_BR","og_type":"article","og_title":"Webinars Sob Demanda | Konica Minolta Sensing","og_description":"Konica Minolta Sensing tem o prazer de oferecer aos nossos webinars mais ocupado agora em formato de v\u00eddeo Flash, acess\u00edveis quando e onde voc\u00ea quiser.","og_url":"https:\/\/sensing.konicaminolta.us\/br\/events\/on-demand-webinars\/","og_site_name":"Konica Minolta Sensing","article_publisher":"https:\/\/www.facebook.com\/KonicaMinoltaSensingAmericas","article_modified_time":"2024-04-22T12:35:24+00:00","og_image":[{"width":1130,"height":253,"url":"https:\/\/sensing.konicaminolta.us\/wp-content\/uploads\/LearningCenter_OnDemandWebinars-1.jpg","type":"image\/jpeg"}],"twitter_card":"summary_large_image","twitter_title":"Webinars Sob Demanda | Konica Minolta Sensing","twitter_description":"Konica Minolta Sensing tem o prazer de oferecer aos nossos webinars mais ocupado agora em formato de v\u00eddeo Flash, acess\u00edveis quando e onde voc\u00ea quiser.","twitter_site":"@KMSensingUS","twitter_misc":{"Est. tempo de leitura":"3 minutos"},"schema":{"@context":"https:\/\/schema.org","@graph":[{"@type":"WebPage","@id":"https:\/\/sensing.konicaminolta.us\/br\/events\/on-demand-webinars\/","url":"https:\/\/sensing.konicaminolta.us\/br\/events\/on-demand-webinars\/","name":"Webinars Sob Demanda | Konica Minolta Sensing","isPartOf":{"@id":"https:\/\/sensing.konicaminolta.us\/br\/#website"},"datePublished":"2020-04-06T01:15:09+00:00","dateModified":"2024-04-22T12:35:24+00:00","description":"Konica Minolta Sensing tem o prazer de oferecer aos nossos webinars mais ocupado agora em formato de v\u00eddeo Flash, acess\u00edveis quando e onde voc\u00ea quiser.","breadcrumb":{"@id":"https:\/\/sensing.konicaminolta.us\/br\/events\/on-demand-webinars\/#breadcrumb"},"inLanguage":"pt-BR","potentialAction":[{"@type":"ReadAction","target":["https:\/\/sensing.konicaminolta.us\/br\/events\/on-demand-webinars\/"]}]},{"@type":"BreadcrumbList","@id":"https:\/\/sensing.konicaminolta.us\/br\/events\/on-demand-webinars\/#breadcrumb","itemListElement":[{"@type":"ListItem","position":1,"name":"Home","item":"https:\/\/sensing.konicaminolta.us\/br\/"},{"@type":"ListItem","position":2,"name":"Eventos","item":"https:\/\/sensing.konicaminolta.us\/br\/events\/"},{"@type":"ListItem","position":3,"name":"On-Demand Webinars"}]},{"@type":"WebSite","@id":"https:\/\/sensing.konicaminolta.us\/br\/#website","url":"https:\/\/sensing.konicaminolta.us\/br\/","name":"Konica Minolta Sensing","description":"Color, Light, and LED Measuring Instruments","publisher":{"@id":"https:\/\/sensing.konicaminolta.us\/br\/#organization"},"potentialAction":[{"@type":"SearchAction","target":{"@type":"EntryPoint","urlTemplate":"https:\/\/sensing.konicaminolta.us\/br\/?s={search_term_string}"},"query-input":{"@type":"PropertyValueSpecification","valueRequired":true,"valueName":"search_term_string"}}],"inLanguage":"pt-BR"},{"@type":"Organization","@id":"https:\/\/sensing.konicaminolta.us\/br\/#organization","name":"Konica Minolta Sensing Americas","url":"https:\/\/sensing.konicaminolta.us\/br\/","logo":{"@type":"ImageObject","inLanguage":"pt-BR","@id":"https:\/\/sensing.konicaminolta.us\/br\/#\/schema\/logo\/image\/","url":"https:\/\/sensing.konicaminolta.us\/wp-content\/uploads\/kmsa-vertical.png","contentUrl":"https:\/\/sensing.konicaminolta.us\/wp-content\/uploads\/kmsa-vertical.png","width":195,"height":135,"caption":"Konica Minolta Sensing Americas"},"image":{"@id":"https:\/\/sensing.konicaminolta.us\/br\/#\/schema\/logo\/image\/"},"sameAs":["https:\/\/www.facebook.com\/KonicaMinoltaSensingAmericas","https:\/\/x.com\/KMSensingUS","https:\/\/www.instagram.com\/kmsensingus\/","http:\/\/www.linkedin.com\/company\/531676?trk=tyah","https:\/\/www.pinterest.com\/KMSensingUS\/","http:\/\/www.youtube.com\/KonicaMinoltaSense"]}]}},"_links":{"self":[{"href":"https:\/\/sensing.konicaminolta.us\/br\/wp-json\/wp\/v2\/pages\/17266","targetHints":{"allow":["GET"]}}],"collection":[{"href":"https:\/\/sensing.konicaminolta.us\/br\/wp-json\/wp\/v2\/pages"}],"about":[{"href":"https:\/\/sensing.konicaminolta.us\/br\/wp-json\/wp\/v2\/types\/page"}],"author":[{"embeddable":true,"href":"https:\/\/sensing.konicaminolta.us\/br\/wp-json\/wp\/v2\/users\/1"}],"replies":[{"embeddable":true,"href":"https:\/\/sensing.konicaminolta.us\/br\/wp-json\/wp\/v2\/comments?post=17266"}],"version-history":[{"count":12,"href":"https:\/\/sensing.konicaminolta.us\/br\/wp-json\/wp\/v2\/pages\/17266\/revisions"}],"predecessor-version":[{"id":24669,"href":"https:\/\/sensing.konicaminolta.us\/br\/wp-json\/wp\/v2\/pages\/17266\/revisions\/24669"}],"up":[{"embeddable":true,"href":"https:\/\/sensing.konicaminolta.us\/br\/wp-json\/wp\/v2\/pages\/19333"}],"wp:attachment":[{"href":"https:\/\/sensing.konicaminolta.us\/br\/wp-json\/wp\/v2\/media?parent=17266"}],"curies":[{"name":"wp","href":"https:\/\/api.w.org\/{rel}","templated":true}]}}