{"id":17546,"date":"2020-02-06T16:44:45","date_gmt":"2020-02-06T21:44:45","guid":{"rendered":"https:\/\/sensing.konicaminolta.us\/learning-center\/"},"modified":"2021-09-07T05:41:09","modified_gmt":"2021-09-07T09:41:09","slug":"learning-center","status":"publish","type":"page","link":"https:\/\/sensing.konicaminolta.us\/br\/learning-center\/","title":{"rendered":"Centro de Aprendizagem"},"content":{"rendered":"<div class=\"wpb-content-wrapper\"><p>[vc_row row_height_percent=&#8221;0&#8243; override_padding=&#8221;yes&#8221; h_padding=&#8221;2&#8243; top_padding=&#8221;0&#8243; bottom_padding=&#8221;0&#8243; overlay_alpha=&#8221;50&#8243; gutter_size=&#8221;3&#8243; column_width_percent=&#8221;100&#8243; shift_y=&#8221;0&#8243; z_index=&#8221;0&#8243;][vc_column width=&#8221;1\/1&#8243;][vc_single_image media=&#8221;2400&#8243; media_width_percent=&#8221;100&#8243; alignment=&#8221;center&#8221;][\/vc_column][\/vc_row][vc_row row_height_percent=&#8221;0&#8243; overlay_alpha=&#8221;50&#8243; gutter_size=&#8221;3&#8243; column_width_percent=&#8221;100&#8243; shift_y=&#8221;0&#8243; z_index=&#8221;0&#8243;][vc_column column_width_percent=&#8221;100&#8243; position_vertical=&#8221;middle&#8221; gutter_size=&#8221;3&#8243; overlay_alpha=&#8221;50&#8243; shift_x=&#8221;0&#8243; shift_y=&#8221;0&#8243; shift_y_down=&#8221;0&#8243; z_index=&#8221;0&#8243; medium_width=&#8221;0&#8243; mobile_width=&#8221;0&#8243; width=&#8221;1\/1&#8243;][vc_row_inner row_inner_height_percent=&#8221;0&#8243; overlay_alpha=&#8221;50&#8243; gutter_size=&#8221;3&#8243; shift_y=&#8221;0&#8243; z_index=&#8221;0&#8243;][vc_column_inner width=&#8221;3\/12&#8243;][vc_single_image media=&#8221;2405&#8243; media_width_percent=&#8221;90&#8243; media_link=&#8221;url:https%3A%2F%2Fsensing.konicaminolta.us%2Fbr%2Fblog%2F|title:Blog&#8221;][\/vc_column_inner][vc_column_inner column_width_percent=&#8221;100&#8243; position_vertical=&#8221;middle&#8221; gutter_size=&#8221;3&#8243; overlay_alpha=&#8221;50&#8243; shift_x=&#8221;0&#8243; shift_y=&#8221;0&#8243; shift_y_down=&#8221;0&#8243; z_index=&#8221;0&#8243; medium_width=&#8221;0&#8243; mobile_width=&#8221;0&#8243; width=&#8221;9\/12&#8243;][vc_column_text el_class=&#8221;text-block&#8221;]<strong>Blogs<\/strong><\/p>\n<p>Saiba o que acontece na ind\u00fastria com o blog oficial da Konica Minolta Sensing. Nossos especialistas fornecem, em primeira m\u00e3o, informa\u00e7\u00f5es sobre produtos, recursos, aplica\u00e7\u00f5es e not\u00edcias relacionadas \u00e0 ind\u00fastria te dando acesso a todas as coisas relacionadas \u00e0 Konica Minolta<\/p>\n<p><a href=\"https:\/\/sensing.konicaminolta.us\/br\/blog\/\">Clique aqui para ver os Blogs &gt;<\/a>[\/vc_column_text][\/vc_column_inner][\/vc_row_inner][vc_row_inner row_inner_height_percent=&#8221;0&#8243; overlay_alpha=&#8221;50&#8243; gutter_size=&#8221;3&#8243; shift_y=&#8221;0&#8243; z_index=&#8221;0&#8243;][vc_column_inner width=&#8221;3\/12&#8243;][vc_single_image media=&#8221;2417&#8243; media_width_percent=&#8221;90&#8243; media_link=&#8221;url:%2Fbr%2Flearning-center%2Fyoutube%2F|title:Blog||&#8221;][\/vc_column_inner][vc_column_inner column_width_percent=&#8221;100&#8243; position_vertical=&#8221;middle&#8221; gutter_size=&#8221;3&#8243; overlay_alpha=&#8221;50&#8243; shift_x=&#8221;0&#8243; shift_y=&#8221;0&#8243; shift_y_down=&#8221;0&#8243; z_index=&#8221;0&#8243; medium_width=&#8221;0&#8243; mobile_width=&#8221;0&#8243; width=&#8221;9\/12&#8243;][vc_column_text el_class=&#8221;text-block&#8221;]<strong>Galeria de V\u00eddeo<\/strong><\/p>\n<p>Com v\u00e1rios v\u00eddeos em nossa cole\u00e7\u00e3o, a Konica Minolta Sensing est\u00e1 mudando a forma de trazer informa\u00e7\u00f5es para voc\u00ea. Navegar pelo nosso canal \u00e9 f\u00e1cil, com os v\u00eddeos segmentados por foco do produto: Cor e Luz &amp; Monitores. Muitos de nossos v\u00eddeos j\u00e1 est\u00e3o dispon\u00edveis em espanhol e portugu\u00eas. N\u00f3s postamos v\u00eddeos em nosso canal do YouTube regularmente, por isso n\u00e3o deixe de verificar frequentemente.<\/p>\n<p><a href=\"https:\/\/sensing.konicaminolta.us\/br\/learning-center\/youtube\/\">Clique aqui para ver os V\u00eddeos &gt;<\/a>[\/vc_column_text][\/vc_column_inner][\/vc_row_inner][vc_row_inner row_inner_height_percent=&#8221;0&#8243; overlay_alpha=&#8221;50&#8243; gutter_size=&#8221;3&#8243; shift_y=&#8221;0&#8243; z_index=&#8221;0&#8243;][vc_column_inner width=&#8221;3\/12&#8243;][vc_single_image media=&#8221;2420&#8243; media_width_percent=&#8221;90&#8243; media_link=&#8221;url:%2Fbr%2Flearning-center%2Fwhite-papers%2F|title:Blog&#8221;][\/vc_column_inner][vc_column_inner column_width_percent=&#8221;100&#8243; position_vertical=&#8221;middle&#8221; gutter_size=&#8221;3&#8243; overlay_alpha=&#8221;50&#8243; shift_x=&#8221;0&#8243; shift_y=&#8221;0&#8243; shift_y_down=&#8221;0&#8243; z_index=&#8221;0&#8243; medium_width=&#8221;0&#8243; mobile_width=&#8221;0&#8243; width=&#8221;9\/12&#8243;][vc_column_text el_class=&#8221;text-block&#8221;]<strong>Documentos T\u00e9cnicos<\/strong><\/p>\n<p>Documentos t\u00e9cnicos aprofundados, escritos pelos nossos engenheiros experientes, os downloads gr\u00e1tis desses documentos proporcionam informa\u00e7\u00f5es espec\u00edficas da ind\u00fastria e de aplica\u00e7\u00f5es. Para saber mais sobre nossos documentos t\u00e9cnicos, preencha o formul\u00e1rio e n\u00f3s lhe enviaremos nossos documentos t\u00e9cnicos.<\/p>\n<p><a href=\"\/br\/learning-center\/white-papers\/\"> Clique aqui para ver os Documentos T\u00e9cnicos &gt; <\/a>[\/vc_column_text][\/vc_column_inner][\/vc_row_inner][vc_row_inner row_inner_height_percent=&#8221;0&#8243; overlay_alpha=&#8221;50&#8243; gutter_size=&#8221;3&#8243; shift_y=&#8221;0&#8243; z_index=&#8221;0&#8243;][vc_column_inner width=&#8221;3\/12&#8243;][vc_single_image media=&#8221;2423&#8243; media_width_percent=&#8221;90&#8243; media_link=&#8221;url:%2Fbr%2Fnewsletter-archive%2F|title:Blog&#8221;][\/vc_column_inner][vc_column_inner column_width_percent=&#8221;100&#8243; position_vertical=&#8221;middle&#8221; gutter_size=&#8221;3&#8243; overlay_alpha=&#8221;50&#8243; shift_x=&#8221;0&#8243; shift_y=&#8221;0&#8243; shift_y_down=&#8221;0&#8243; z_index=&#8221;0&#8243; medium_width=&#8221;0&#8243; mobile_width=&#8221;0&#8243; width=&#8221;9\/12&#8243;][vc_column_text el_class=&#8221;text-block&#8221;]<strong>Arquivo de nossas newsletters<\/strong><\/p>\n<p>Navegue pelo arquivo de nossa newsletter mensal Tend\u00eancias &amp; Tecnologia das Cores e tenha acesso a uma variedade de informa\u00e7\u00f5es relevantes da ind\u00fastria, v\u00eddeos, not\u00edcias e promo\u00e7\u00f5es exclusivas de nossos produtos. Para receber nossa newsletter gratuita visite-nos online aqui.<\/p>\n<p><a href=\"\/br\/newsletter-archive\/\"> Clique aqui para ter acesso ao Arquivo de Nossa Newsletter &gt;<\/a>[\/vc_column_text][\/vc_column_inner][\/vc_row_inner][vc_row_inner row_inner_height_percent=&#8221;0&#8243; overlay_alpha=&#8221;50&#8243; gutter_size=&#8221;3&#8243; shift_y=&#8221;0&#8243; z_index=&#8221;0&#8243;][vc_column_inner width=&#8221;3\/12&#8243;][vc_single_image media=&#8221;2427&#8243; media_width_percent=&#8221;90&#8243; media_link=&#8221;url:%2Fbr%2Flearning-center%2Fcase-studies%2F|title:Blog&#8221;][\/vc_column_inner][vc_column_inner column_width_percent=&#8221;100&#8243; position_vertical=&#8221;middle&#8221; gutter_size=&#8221;3&#8243; overlay_alpha=&#8221;50&#8243; shift_x=&#8221;0&#8243; shift_y=&#8221;0&#8243; shift_y_down=&#8221;0&#8243; z_index=&#8221;0&#8243; medium_width=&#8221;0&#8243; mobile_width=&#8221;0&#8243; width=&#8221;9\/12&#8243;][vc_column_text el_class=&#8221;text-block&#8221;]<strong>Estudos de caso<\/strong><\/p>\n<p>A Konica Minolta Sensing faz medi\u00e7\u00e3o, correspond\u00eancia, reprodu\u00e7\u00e3o e comunica\u00e7\u00e3o da Cor e Luz. Leia sobre as aplica\u00e7\u00f5es do mundo real em que as nossas solu\u00e7\u00f5es de medi\u00e7\u00e3o ajudaram empresas a alcan\u00e7ar o sucesso, economizando tempo, melhorando a produtividade, reduzindo o desperd\u00edcio e economizando dinheiro.<\/p>\n<p><a href=\"\/br\/learning-center\/case-studies\/\"> Clique aqui para ver os Estudos de Caso &gt; <\/a>[\/vc_column_text][\/vc_column_inner][\/vc_row_inner][vc_row_inner row_inner_height_percent=&#8221;0&#8243; overlay_alpha=&#8221;50&#8243; gutter_size=&#8221;3&#8243; shift_y=&#8221;0&#8243; z_index=&#8221;0&#8243;][vc_column_inner width=&#8221;3\/12&#8243;][vc_single_image media=&#8221;2430&#8243; media_width_percent=&#8221;90&#8243; media_link=&#8221;url:%2Fbr%2Flearning-center%2Fcolor-measurement%2F|title:Blog&#8221;][\/vc_column_inner][vc_column_inner column_width_percent=&#8221;100&#8243; position_vertical=&#8221;middle&#8221; gutter_size=&#8221;3&#8243; overlay_alpha=&#8221;50&#8243; shift_x=&#8221;0&#8243; shift_y=&#8221;0&#8243; shift_y_down=&#8221;0&#8243; z_index=&#8221;0&#8243; medium_width=&#8221;0&#8243; mobile_width=&#8221;0&#8243; width=&#8221;9\/12&#8243;][vc_column_text el_class=&#8221;text-block&#8221;]<strong>Centro de Aprendizado de Medi\u00e7\u00e3o de Cor<\/strong><\/p>\n<p>A medi\u00e7\u00e3o de cor pode ser um assunto extenso e abrangente para aprender. Felizmente, a Konica Minolta Sensing o torna f\u00e1cil com o nosso Centro de Aprendizado de Medi\u00e7\u00e3o de Cor. Aprenda o b\u00e1sico sobre medi\u00e7\u00e3o de cor, bem como as f\u00f3rmulas mais avan\u00e7adas utilizadas para garantir que cada medi\u00e7\u00e3o de cor seja precisa.<\/p>\n<p><a href=\"\/br\/learning-center\/color-measurement\/\">Clique aqui para saber mais sobre Medi\u00e7\u00e3o de Cor &gt; <\/a>[\/vc_column_text][\/vc_column_inner][\/vc_row_inner][\/vc_column][\/vc_row]<\/p>\n<\/div>","protected":false},"excerpt":{"rendered":"<p>[vc_row row_height_percent=&#8221;0&#8243; override_padding=&#8221;yes&#8221; h_padding=&#8221;2&#8243; top_padding=&#8221;0&#8243; bottom_padding=&#8221;0&#8243; overlay_alpha=&#8221;50&#8243; gutter_size=&#8221;3&#8243; column_width_percent=&#8221;100&#8243; shift_y=&#8221;0&#8243; z_index=&#8221;0&#8243;][vc_column width=&#8221;1\/1&#8243;][vc_single_image media=&#8221;2400&#8243; media_width_percent=&#8221;100&#8243; alignment=&#8221;center&#8221;][\/vc_column][\/vc_row][vc_row row_height_percent=&#8221;0&#8243; overlay_alpha=&#8221;50&#8243; gutter_size=&#8221;3&#8243; column_width_percent=&#8221;100&#8243; shift_y=&#8221;0&#8243; [&hellip;]<\/p>\n","protected":false},"author":1,"featured_media":17547,"parent":0,"menu_order":0,"comment_status":"closed","ping_status":"closed","template":"","meta":{"footnotes":""},"class_list":["post-17546","page","type-page","status-publish","has-post-thumbnail","hentry"],"acf":[],"yoast_head":"<!-- This site is optimized with the Yoast SEO Premium plugin v24.4 (Yoast SEO v24.4) - https:\/\/yoast.com\/wordpress\/plugins\/seo\/ -->\r\n<title>Centro de Aprendizagem | Konica Minolta Sensing<\/title>\r\n<meta name=\"description\" content=\"O Centro de Aprendizagem Konica Minolta oferece acesso ao nosso blog, arquivo de newsletters, documentos t\u00e9cnicos, e muito mais!\" \/>\r\n<meta name=\"robots\" content=\"index, follow, max-snippet:-1, max-image-preview:large, max-video-preview:-1\" \/>\r\n<link rel=\"canonical\" href=\"https:\/\/sensing.konicaminolta.us\/br\/learning-center\/\" \/>\r\n<meta property=\"og:locale\" content=\"pt_BR\" \/>\r\n<meta property=\"og:type\" content=\"article\" \/>\r\n<meta property=\"og:title\" content=\"Centro de Aprendizagem | Konica Minolta Sensing\" \/>\r\n<meta property=\"og:description\" content=\"O Centro de Aprendizagem Konica Minolta oferece acesso ao nosso blog, arquivo de newsletters, documentos t\u00e9cnicos, e muito mais!\" \/>\r\n<meta property=\"og:url\" content=\"https:\/\/sensing.konicaminolta.us\/br\/learning-center\/\" \/>\r\n<meta property=\"og:site_name\" content=\"Konica Minolta Sensing\" \/>\r\n<meta property=\"article:publisher\" content=\"https:\/\/www.facebook.com\/KonicaMinoltaSensingAmericas\" \/>\r\n<meta property=\"article:modified_time\" content=\"2021-09-07T09:41:09+00:00\" \/>\r\n<meta property=\"og:image\" content=\"https:\/\/sensing.konicaminolta.us\/wp-content\/uploads\/BR-LEARNINGCENTER_Main.jpg\" \/>\r\n\t<meta property=\"og:image:width\" content=\"1130\" \/>\r\n\t<meta property=\"og:image:height\" content=\"253\" \/>\r\n\t<meta property=\"og:image:type\" content=\"image\/jpeg\" \/>\r\n<meta name=\"twitter:card\" content=\"summary_large_image\" \/>\r\n<meta name=\"twitter:title\" content=\"Centro de Aprendizagem | Konica Minolta Sensing\" \/>\r\n<meta name=\"twitter:description\" content=\"O Centro de Aprendizagem Konica Minolta oferece acesso ao nosso blog, arquivo de newsletters, documentos t\u00e9cnicos, e muito mais!\" \/>\r\n<meta name=\"twitter:site\" content=\"@KMSensingUS\" \/>\r\n<meta name=\"twitter:label1\" content=\"Est. tempo de leitura\" \/>\n\t<meta name=\"twitter:data1\" content=\"5 minutos\" \/>\r\n<script type=\"application\/ld+json\" class=\"yoast-schema-graph\">{\"@context\":\"https:\/\/schema.org\",\"@graph\":[{\"@type\":\"WebPage\",\"@id\":\"https:\/\/sensing.konicaminolta.us\/br\/learning-center\/\",\"url\":\"https:\/\/sensing.konicaminolta.us\/br\/learning-center\/\",\"name\":\"Centro de Aprendizagem | Konica Minolta Sensing\",\"isPartOf\":{\"@id\":\"https:\/\/sensing.konicaminolta.us\/br\/#website\"},\"primaryImageOfPage\":{\"@id\":\"https:\/\/sensing.konicaminolta.us\/br\/learning-center\/#primaryimage\"},\"image\":{\"@id\":\"https:\/\/sensing.konicaminolta.us\/br\/learning-center\/#primaryimage\"},\"thumbnailUrl\":\"https:\/\/sensing.konicaminolta.us\/wp-content\/uploads\/BR-LEARNINGCENTER_Main.jpg\",\"datePublished\":\"2020-02-06T21:44:45+00:00\",\"dateModified\":\"2021-09-07T09:41:09+00:00\",\"description\":\"O Centro de Aprendizagem Konica Minolta oferece acesso ao nosso blog, arquivo de newsletters, documentos t\u00e9cnicos, e muito mais!\",\"breadcrumb\":{\"@id\":\"https:\/\/sensing.konicaminolta.us\/br\/learning-center\/#breadcrumb\"},\"inLanguage\":\"pt-BR\",\"potentialAction\":[{\"@type\":\"ReadAction\",\"target\":[\"https:\/\/sensing.konicaminolta.us\/br\/learning-center\/\"]}]},{\"@type\":\"ImageObject\",\"inLanguage\":\"pt-BR\",\"@id\":\"https:\/\/sensing.konicaminolta.us\/br\/learning-center\/#primaryimage\",\"url\":\"https:\/\/sensing.konicaminolta.us\/wp-content\/uploads\/BR-LEARNINGCENTER_Main.jpg\",\"contentUrl\":\"https:\/\/sensing.konicaminolta.us\/wp-content\/uploads\/BR-LEARNINGCENTER_Main.jpg\",\"width\":1130,\"height\":253},{\"@type\":\"BreadcrumbList\",\"@id\":\"https:\/\/sensing.konicaminolta.us\/br\/learning-center\/#breadcrumb\",\"itemListElement\":[{\"@type\":\"ListItem\",\"position\":1,\"name\":\"Home\",\"item\":\"https:\/\/sensing.konicaminolta.us\/br\/\"},{\"@type\":\"ListItem\",\"position\":2,\"name\":\"Centro de Aprendizagem\"}]},{\"@type\":\"WebSite\",\"@id\":\"https:\/\/sensing.konicaminolta.us\/br\/#website\",\"url\":\"https:\/\/sensing.konicaminolta.us\/br\/\",\"name\":\"Konica Minolta Sensing\",\"description\":\"Color, Light, and LED Measuring Instruments\",\"publisher\":{\"@id\":\"https:\/\/sensing.konicaminolta.us\/br\/#organization\"},\"potentialAction\":[{\"@type\":\"SearchAction\",\"target\":{\"@type\":\"EntryPoint\",\"urlTemplate\":\"https:\/\/sensing.konicaminolta.us\/br\/?s={search_term_string}\"},\"query-input\":{\"@type\":\"PropertyValueSpecification\",\"valueRequired\":true,\"valueName\":\"search_term_string\"}}],\"inLanguage\":\"pt-BR\"},{\"@type\":\"Organization\",\"@id\":\"https:\/\/sensing.konicaminolta.us\/br\/#organization\",\"name\":\"Konica Minolta Sensing Americas\",\"url\":\"https:\/\/sensing.konicaminolta.us\/br\/\",\"logo\":{\"@type\":\"ImageObject\",\"inLanguage\":\"pt-BR\",\"@id\":\"https:\/\/sensing.konicaminolta.us\/br\/#\/schema\/logo\/image\/\",\"url\":\"https:\/\/sensing.konicaminolta.us\/wp-content\/uploads\/kmsa-vertical.png\",\"contentUrl\":\"https:\/\/sensing.konicaminolta.us\/wp-content\/uploads\/kmsa-vertical.png\",\"width\":195,\"height\":135,\"caption\":\"Konica Minolta Sensing Americas\"},\"image\":{\"@id\":\"https:\/\/sensing.konicaminolta.us\/br\/#\/schema\/logo\/image\/\"},\"sameAs\":[\"https:\/\/www.facebook.com\/KonicaMinoltaSensingAmericas\",\"https:\/\/x.com\/KMSensingUS\",\"https:\/\/www.instagram.com\/kmsensingus\/\",\"http:\/\/www.linkedin.com\/company\/531676?trk=tyah\",\"https:\/\/www.pinterest.com\/KMSensingUS\/\",\"http:\/\/www.youtube.com\/KonicaMinoltaSense\"]}]}<\/script>\r\n<!-- \/ Yoast SEO Premium plugin. -->","yoast_head_json":{"title":"Centro de Aprendizagem | Konica Minolta Sensing","description":"O Centro de Aprendizagem Konica Minolta oferece acesso ao nosso blog, arquivo de newsletters, documentos t\u00e9cnicos, e muito mais!","robots":{"index":"index","follow":"follow","max-snippet":"max-snippet:-1","max-image-preview":"max-image-preview:large","max-video-preview":"max-video-preview:-1"},"canonical":"https:\/\/sensing.konicaminolta.us\/br\/learning-center\/","og_locale":"pt_BR","og_type":"article","og_title":"Centro de Aprendizagem | Konica Minolta Sensing","og_description":"O Centro de Aprendizagem Konica Minolta oferece acesso ao nosso blog, arquivo de newsletters, documentos t\u00e9cnicos, e muito mais!","og_url":"https:\/\/sensing.konicaminolta.us\/br\/learning-center\/","og_site_name":"Konica Minolta Sensing","article_publisher":"https:\/\/www.facebook.com\/KonicaMinoltaSensingAmericas","article_modified_time":"2021-09-07T09:41:09+00:00","og_image":[{"width":1130,"height":253,"url":"https:\/\/sensing.konicaminolta.us\/wp-content\/uploads\/BR-LEARNINGCENTER_Main.jpg","type":"image\/jpeg"}],"twitter_card":"summary_large_image","twitter_title":"Centro de Aprendizagem | Konica Minolta Sensing","twitter_description":"O Centro de Aprendizagem Konica Minolta oferece acesso ao nosso blog, arquivo de newsletters, documentos t\u00e9cnicos, e muito mais!","twitter_site":"@KMSensingUS","twitter_misc":{"Est. tempo de leitura":"5 minutos"},"schema":{"@context":"https:\/\/schema.org","@graph":[{"@type":"WebPage","@id":"https:\/\/sensing.konicaminolta.us\/br\/learning-center\/","url":"https:\/\/sensing.konicaminolta.us\/br\/learning-center\/","name":"Centro de Aprendizagem | Konica Minolta Sensing","isPartOf":{"@id":"https:\/\/sensing.konicaminolta.us\/br\/#website"},"primaryImageOfPage":{"@id":"https:\/\/sensing.konicaminolta.us\/br\/learning-center\/#primaryimage"},"image":{"@id":"https:\/\/sensing.konicaminolta.us\/br\/learning-center\/#primaryimage"},"thumbnailUrl":"https:\/\/sensing.konicaminolta.us\/wp-content\/uploads\/BR-LEARNINGCENTER_Main.jpg","datePublished":"2020-02-06T21:44:45+00:00","dateModified":"2021-09-07T09:41:09+00:00","description":"O Centro de Aprendizagem Konica Minolta oferece acesso ao nosso blog, arquivo de newsletters, documentos t\u00e9cnicos, e muito mais!","breadcrumb":{"@id":"https:\/\/sensing.konicaminolta.us\/br\/learning-center\/#breadcrumb"},"inLanguage":"pt-BR","potentialAction":[{"@type":"ReadAction","target":["https:\/\/sensing.konicaminolta.us\/br\/learning-center\/"]}]},{"@type":"ImageObject","inLanguage":"pt-BR","@id":"https:\/\/sensing.konicaminolta.us\/br\/learning-center\/#primaryimage","url":"https:\/\/sensing.konicaminolta.us\/wp-content\/uploads\/BR-LEARNINGCENTER_Main.jpg","contentUrl":"https:\/\/sensing.konicaminolta.us\/wp-content\/uploads\/BR-LEARNINGCENTER_Main.jpg","width":1130,"height":253},{"@type":"BreadcrumbList","@id":"https:\/\/sensing.konicaminolta.us\/br\/learning-center\/#breadcrumb","itemListElement":[{"@type":"ListItem","position":1,"name":"Home","item":"https:\/\/sensing.konicaminolta.us\/br\/"},{"@type":"ListItem","position":2,"name":"Centro de Aprendizagem"}]},{"@type":"WebSite","@id":"https:\/\/sensing.konicaminolta.us\/br\/#website","url":"https:\/\/sensing.konicaminolta.us\/br\/","name":"Konica Minolta Sensing","description":"Color, Light, and LED Measuring Instruments","publisher":{"@id":"https:\/\/sensing.konicaminolta.us\/br\/#organization"},"potentialAction":[{"@type":"SearchAction","target":{"@type":"EntryPoint","urlTemplate":"https:\/\/sensing.konicaminolta.us\/br\/?s={search_term_string}"},"query-input":{"@type":"PropertyValueSpecification","valueRequired":true,"valueName":"search_term_string"}}],"inLanguage":"pt-BR"},{"@type":"Organization","@id":"https:\/\/sensing.konicaminolta.us\/br\/#organization","name":"Konica Minolta Sensing Americas","url":"https:\/\/sensing.konicaminolta.us\/br\/","logo":{"@type":"ImageObject","inLanguage":"pt-BR","@id":"https:\/\/sensing.konicaminolta.us\/br\/#\/schema\/logo\/image\/","url":"https:\/\/sensing.konicaminolta.us\/wp-content\/uploads\/kmsa-vertical.png","contentUrl":"https:\/\/sensing.konicaminolta.us\/wp-content\/uploads\/kmsa-vertical.png","width":195,"height":135,"caption":"Konica Minolta Sensing Americas"},"image":{"@id":"https:\/\/sensing.konicaminolta.us\/br\/#\/schema\/logo\/image\/"},"sameAs":["https:\/\/www.facebook.com\/KonicaMinoltaSensingAmericas","https:\/\/x.com\/KMSensingUS","https:\/\/www.instagram.com\/kmsensingus\/","http:\/\/www.linkedin.com\/company\/531676?trk=tyah","https:\/\/www.pinterest.com\/KMSensingUS\/","http:\/\/www.youtube.com\/KonicaMinoltaSense"]}]}},"_links":{"self":[{"href":"https:\/\/sensing.konicaminolta.us\/br\/wp-json\/wp\/v2\/pages\/17546","targetHints":{"allow":["GET"]}}],"collection":[{"href":"https:\/\/sensing.konicaminolta.us\/br\/wp-json\/wp\/v2\/pages"}],"about":[{"href":"https:\/\/sensing.konicaminolta.us\/br\/wp-json\/wp\/v2\/types\/page"}],"author":[{"embeddable":true,"href":"https:\/\/sensing.konicaminolta.us\/br\/wp-json\/wp\/v2\/users\/1"}],"replies":[{"embeddable":true,"href":"https:\/\/sensing.konicaminolta.us\/br\/wp-json\/wp\/v2\/comments?post=17546"}],"version-history":[{"count":2,"href":"https:\/\/sensing.konicaminolta.us\/br\/wp-json\/wp\/v2\/pages\/17546\/revisions"}],"predecessor-version":[{"id":22268,"href":"https:\/\/sensing.konicaminolta.us\/br\/wp-json\/wp\/v2\/pages\/17546\/revisions\/22268"}],"wp:featuredmedia":[{"embeddable":true,"href":"https:\/\/sensing.konicaminolta.us\/br\/wp-json\/wp\/v2\/media\/17547"}],"wp:attachment":[{"href":"https:\/\/sensing.konicaminolta.us\/br\/wp-json\/wp\/v2\/media?parent=17546"}],"curies":[{"name":"wp","href":"https:\/\/api.w.org\/{rel}","templated":true}]}}