{"id":19333,"date":"2020-03-15T20:31:48","date_gmt":"2020-03-16T00:31:48","guid":{"rendered":"https:\/\/sensing.konicaminolta.us\/events\/"},"modified":"2020-04-25T17:11:51","modified_gmt":"2020-04-25T21:11:51","slug":"events","status":"publish","type":"page","link":"https:\/\/sensing.konicaminolta.us\/br\/events\/","title":{"rendered":"Eventos"},"content":{"rendered":"<div class=\"wpb-content-wrapper\"><p>[vc_row row_height_percent=&#8221;0&#8243; override_padding=&#8221;yes&#8221; h_padding=&#8221;2&#8243; top_padding=&#8221;0&#8243; bottom_padding=&#8221;2&#8243; overlay_alpha=&#8221;50&#8243; gutter_size=&#8221;3&#8243; column_width_percent=&#8221;100&#8243; shift_y=&#8221;0&#8243; z_index=&#8221;0&#8243;][vc_column width=&#8221;1\/1&#8243;][vc_single_image media=&#8221;11396&#8243; media_width_percent=&#8221;100&#8243;][\/vc_column][\/vc_row][vc_row row_height_percent=&#8221;0&#8243; override_padding=&#8221;yes&#8221; h_padding=&#8221;2&#8243; top_padding=&#8221;1&#8243; bottom_padding=&#8221;0&#8243; overlay_alpha=&#8221;50&#8243; gutter_size=&#8221;3&#8243; column_width_percent=&#8221;100&#8243; shift_y=&#8221;0&#8243; z_index=&#8221;0&#8243;][vc_column width=&#8221;1\/1&#8243;][vc_custom_heading heading_semantic=&#8221;h1&#8243; text_size=&#8221;h3&#8243; separator=&#8221;yes&#8221; separator_color=&#8221;yes&#8221;]Konica Minolta Sensing Eventos de Cor e Luz[\/vc_custom_heading][\/vc_column][\/vc_row][vc_row row_height_percent=&#8221;0&#8243; override_padding=&#8221;yes&#8221; h_padding=&#8221;2&#8243; top_padding=&#8221;1&#8243; bottom_padding=&#8221;1&#8243; overlay_alpha=&#8221;50&#8243; gutter_size=&#8221;3&#8243; column_width_percent=&#8221;100&#8243; shift_y=&#8221;0&#8243; z_index=&#8221;0&#8243; css=&#8221;.vc_custom_1584319138016{padding-top: 20px !important;}&#8221;][vc_column width=&#8221;1\/1&#8243;][vc_column_text el_class=&#8221;text-block&#8221;]<\/p>\n<h4><strong>WORKSHOP E SEMIN\u00c1RIOS<\/strong><\/h4>\n<p><a href=\"https:\/\/promo.sensing.konicaminolta.us\/br-seminars-1-0-0-0?__hstc=56613620.9c428bbfdb8cab0d14cee1ab0722c1f7.1578680342219.1586569797110.1586572847028.86&amp;__hssc=56613620.309.1586572847028&amp;__hsfp=4011715706\" target=\"_blank\" rel=\"noopener noreferrer\">Semin\u00e1rios de Cor &amp; Apar\u00eancia da Konica Minolta Sensing<\/a><\/p>\n<p>Os semin\u00e1rios de Cor &amp; Apar\u00eancia abrangem os fundamentos da ci\u00eancia da cor e os elementos para um processo de cor eficaz em ambientes de pesquisa e produ\u00e7\u00e3o. Estes semin\u00e1rios educacionais s\u00e3o atendidos por profissionais da ind\u00fastria, com experi\u00eancia nas \u00e1reas de controle da qualidade da cor, consist\u00eancia e apar\u00eancia de seus produtos ou amostras.[\/vc_column_text][\/vc_column][\/vc_row][vc_row row_height_percent=&#8221;0&#8243; override_padding=&#8221;yes&#8221; h_padding=&#8221;2&#8243; top_padding=&#8221;1&#8243; bottom_padding=&#8221;1&#8243; overlay_alpha=&#8221;50&#8243; gutter_size=&#8221;3&#8243; column_width_percent=&#8221;100&#8243; shift_y=&#8221;0&#8243; z_index=&#8221;0&#8243; css=&#8221;.vc_custom_1584319024930{padding-top: 20px !important;}&#8221;][vc_column width=&#8221;1\/1&#8243;][vc_column_text el_class=&#8221;text-block&#8221;]<\/p>\n<h4><strong>Webinars<\/strong><\/h4>\n<ul>\n<li><a href=\"https:\/\/sensing.konicaminolta.us\/br\/events\/on-demand-webinars\/\">Webinars Sob Demanda<\/a><\/li>\n<\/ul>\n<p>[\/vc_column_text][\/vc_column][\/vc_row]<\/p>\n<\/div>","protected":false},"excerpt":{"rendered":"<p>[vc_row row_height_percent=&#8221;0&#8243; override_padding=&#8221;yes&#8221; h_padding=&#8221;2&#8243; top_padding=&#8221;0&#8243; bottom_padding=&#8221;2&#8243; overlay_alpha=&#8221;50&#8243; gutter_size=&#8221;3&#8243; column_width_percent=&#8221;100&#8243; shift_y=&#8221;0&#8243; z_index=&#8221;0&#8243;][vc_column width=&#8221;1\/1&#8243;][vc_single_image media=&#8221;11396&#8243; media_width_percent=&#8221;100&#8243;][\/vc_column][\/vc_row][vc_row row_height_percent=&#8221;0&#8243; override_padding=&#8221;yes&#8221; h_padding=&#8221;2&#8243; top_padding=&#8221;1&#8243; bottom_padding=&#8221;0&#8243; overlay_alpha=&#8221;50&#8243; [&hellip;]<\/p>\n","protected":false},"author":1,"featured_media":0,"parent":0,"menu_order":0,"comment_status":"closed","ping_status":"closed","template":"","meta":{"footnotes":""},"class_list":["post-19333","page","type-page","status-publish","hentry"],"acf":[],"yoast_head":"<!-- This site is optimized with the Yoast SEO Premium plugin v24.4 (Yoast SEO v24.4) - https:\/\/yoast.com\/wordpress\/plugins\/seo\/ -->\r\n<title>Eventos de cor e luz | Konica Minolta Sensing<\/title>\r\n<meta name=\"description\" content=\"Konica Minolta Sensing Eventos de cor e luz incluem workshops e semin\u00e1rios, feiras profissionais, y webinars sob demanda.\" \/>\r\n<meta name=\"robots\" content=\"index, follow, max-snippet:-1, max-image-preview:large, max-video-preview:-1\" \/>\r\n<link rel=\"canonical\" href=\"https:\/\/sensing.konicaminolta.us\/br\/events\/\" \/>\r\n<meta property=\"og:locale\" content=\"pt_BR\" \/>\r\n<meta property=\"og:type\" content=\"article\" \/>\r\n<meta property=\"og:title\" content=\"Eventos de cor e luz | Konica Minolta Sensing\" \/>\r\n<meta property=\"og:description\" content=\"Konica Minolta Sensing Eventos de cor e luz incluem workshops e semin\u00e1rios, feiras profissionais, y webinars sob demanda.\" \/>\r\n<meta property=\"og:url\" content=\"https:\/\/sensing.konicaminolta.us\/br\/events\/\" \/>\r\n<meta property=\"og:site_name\" content=\"Konica Minolta Sensing\" \/>\r\n<meta property=\"article:publisher\" content=\"https:\/\/www.facebook.com\/KonicaMinoltaSensingAmericas\" \/>\r\n<meta property=\"article:modified_time\" content=\"2020-04-25T21:11:51+00:00\" \/>\r\n<meta property=\"og:image\" content=\"https:\/\/sensing.konicaminolta.us\/wp-content\/uploads\/Events_MAINBANNER_9913-2.jpg\" \/>\r\n\t<meta property=\"og:image:width\" content=\"1130\" \/>\r\n\t<meta property=\"og:image:height\" content=\"253\" \/>\r\n\t<meta property=\"og:image:type\" content=\"image\/jpeg\" \/>\r\n<meta name=\"twitter:card\" content=\"summary_large_image\" \/>\r\n<meta name=\"twitter:title\" content=\"Eventos de cor e luz | Konica Minolta Sensing\" \/>\r\n<meta name=\"twitter:description\" content=\"Konica Minolta Sensing Eventos de cor e luz incluem workshops e semin\u00e1rios, feiras profissionais, y webinars sob demanda.\" \/>\r\n<meta name=\"twitter:site\" content=\"@KMSensingUS\" \/>\r\n<meta name=\"twitter:label1\" content=\"Est. tempo de leitura\" \/>\n\t<meta name=\"twitter:data1\" content=\"1 minuto\" \/>\r\n<script type=\"application\/ld+json\" class=\"yoast-schema-graph\">{\"@context\":\"https:\/\/schema.org\",\"@graph\":[{\"@type\":\"WebPage\",\"@id\":\"https:\/\/sensing.konicaminolta.us\/br\/events\/\",\"url\":\"https:\/\/sensing.konicaminolta.us\/br\/events\/\",\"name\":\"Eventos de cor e luz | Konica Minolta Sensing\",\"isPartOf\":{\"@id\":\"https:\/\/sensing.konicaminolta.us\/br\/#website\"},\"datePublished\":\"2020-03-16T00:31:48+00:00\",\"dateModified\":\"2020-04-25T21:11:51+00:00\",\"description\":\"Konica Minolta Sensing Eventos de cor e luz incluem workshops e semin\u00e1rios, feiras profissionais, y webinars sob demanda.\",\"breadcrumb\":{\"@id\":\"https:\/\/sensing.konicaminolta.us\/br\/events\/#breadcrumb\"},\"inLanguage\":\"pt-BR\",\"potentialAction\":[{\"@type\":\"ReadAction\",\"target\":[\"https:\/\/sensing.konicaminolta.us\/br\/events\/\"]}]},{\"@type\":\"BreadcrumbList\",\"@id\":\"https:\/\/sensing.konicaminolta.us\/br\/events\/#breadcrumb\",\"itemListElement\":[{\"@type\":\"ListItem\",\"position\":1,\"name\":\"Home\",\"item\":\"https:\/\/sensing.konicaminolta.us\/br\/\"},{\"@type\":\"ListItem\",\"position\":2,\"name\":\"Eventos\"}]},{\"@type\":\"WebSite\",\"@id\":\"https:\/\/sensing.konicaminolta.us\/br\/#website\",\"url\":\"https:\/\/sensing.konicaminolta.us\/br\/\",\"name\":\"Konica Minolta Sensing\",\"description\":\"Color, Light, and LED Measuring Instruments\",\"publisher\":{\"@id\":\"https:\/\/sensing.konicaminolta.us\/br\/#organization\"},\"potentialAction\":[{\"@type\":\"SearchAction\",\"target\":{\"@type\":\"EntryPoint\",\"urlTemplate\":\"https:\/\/sensing.konicaminolta.us\/br\/?s={search_term_string}\"},\"query-input\":{\"@type\":\"PropertyValueSpecification\",\"valueRequired\":true,\"valueName\":\"search_term_string\"}}],\"inLanguage\":\"pt-BR\"},{\"@type\":\"Organization\",\"@id\":\"https:\/\/sensing.konicaminolta.us\/br\/#organization\",\"name\":\"Konica Minolta Sensing Americas\",\"url\":\"https:\/\/sensing.konicaminolta.us\/br\/\",\"logo\":{\"@type\":\"ImageObject\",\"inLanguage\":\"pt-BR\",\"@id\":\"https:\/\/sensing.konicaminolta.us\/br\/#\/schema\/logo\/image\/\",\"url\":\"https:\/\/sensing.konicaminolta.us\/wp-content\/uploads\/kmsa-vertical.png\",\"contentUrl\":\"https:\/\/sensing.konicaminolta.us\/wp-content\/uploads\/kmsa-vertical.png\",\"width\":195,\"height\":135,\"caption\":\"Konica Minolta Sensing Americas\"},\"image\":{\"@id\":\"https:\/\/sensing.konicaminolta.us\/br\/#\/schema\/logo\/image\/\"},\"sameAs\":[\"https:\/\/www.facebook.com\/KonicaMinoltaSensingAmericas\",\"https:\/\/x.com\/KMSensingUS\",\"https:\/\/www.instagram.com\/kmsensingus\/\",\"http:\/\/www.linkedin.com\/company\/531676?trk=tyah\",\"https:\/\/www.pinterest.com\/KMSensingUS\/\",\"http:\/\/www.youtube.com\/KonicaMinoltaSense\"]}]}<\/script>\r\n<!-- \/ Yoast SEO Premium plugin. -->","yoast_head_json":{"title":"Eventos de cor e luz | Konica Minolta Sensing","description":"Konica Minolta Sensing Eventos de cor e luz incluem workshops e semin\u00e1rios, feiras profissionais, y webinars sob demanda.","robots":{"index":"index","follow":"follow","max-snippet":"max-snippet:-1","max-image-preview":"max-image-preview:large","max-video-preview":"max-video-preview:-1"},"canonical":"https:\/\/sensing.konicaminolta.us\/br\/events\/","og_locale":"pt_BR","og_type":"article","og_title":"Eventos de cor e luz | Konica Minolta Sensing","og_description":"Konica Minolta Sensing Eventos de cor e luz incluem workshops e semin\u00e1rios, feiras profissionais, y webinars sob demanda.","og_url":"https:\/\/sensing.konicaminolta.us\/br\/events\/","og_site_name":"Konica Minolta Sensing","article_publisher":"https:\/\/www.facebook.com\/KonicaMinoltaSensingAmericas","article_modified_time":"2020-04-25T21:11:51+00:00","og_image":[{"width":1130,"height":253,"url":"https:\/\/sensing.konicaminolta.us\/wp-content\/uploads\/Events_MAINBANNER_9913-2.jpg","type":"image\/jpeg"}],"twitter_card":"summary_large_image","twitter_title":"Eventos de cor e luz | Konica Minolta Sensing","twitter_description":"Konica Minolta Sensing Eventos de cor e luz incluem workshops e semin\u00e1rios, feiras profissionais, y webinars sob demanda.","twitter_site":"@KMSensingUS","twitter_misc":{"Est. tempo de leitura":"1 minuto"},"schema":{"@context":"https:\/\/schema.org","@graph":[{"@type":"WebPage","@id":"https:\/\/sensing.konicaminolta.us\/br\/events\/","url":"https:\/\/sensing.konicaminolta.us\/br\/events\/","name":"Eventos de cor e luz | Konica Minolta Sensing","isPartOf":{"@id":"https:\/\/sensing.konicaminolta.us\/br\/#website"},"datePublished":"2020-03-16T00:31:48+00:00","dateModified":"2020-04-25T21:11:51+00:00","description":"Konica Minolta Sensing Eventos de cor e luz incluem workshops e semin\u00e1rios, feiras profissionais, y webinars sob demanda.","breadcrumb":{"@id":"https:\/\/sensing.konicaminolta.us\/br\/events\/#breadcrumb"},"inLanguage":"pt-BR","potentialAction":[{"@type":"ReadAction","target":["https:\/\/sensing.konicaminolta.us\/br\/events\/"]}]},{"@type":"BreadcrumbList","@id":"https:\/\/sensing.konicaminolta.us\/br\/events\/#breadcrumb","itemListElement":[{"@type":"ListItem","position":1,"name":"Home","item":"https:\/\/sensing.konicaminolta.us\/br\/"},{"@type":"ListItem","position":2,"name":"Eventos"}]},{"@type":"WebSite","@id":"https:\/\/sensing.konicaminolta.us\/br\/#website","url":"https:\/\/sensing.konicaminolta.us\/br\/","name":"Konica Minolta Sensing","description":"Color, Light, and LED Measuring Instruments","publisher":{"@id":"https:\/\/sensing.konicaminolta.us\/br\/#organization"},"potentialAction":[{"@type":"SearchAction","target":{"@type":"EntryPoint","urlTemplate":"https:\/\/sensing.konicaminolta.us\/br\/?s={search_term_string}"},"query-input":{"@type":"PropertyValueSpecification","valueRequired":true,"valueName":"search_term_string"}}],"inLanguage":"pt-BR"},{"@type":"Organization","@id":"https:\/\/sensing.konicaminolta.us\/br\/#organization","name":"Konica Minolta Sensing Americas","url":"https:\/\/sensing.konicaminolta.us\/br\/","logo":{"@type":"ImageObject","inLanguage":"pt-BR","@id":"https:\/\/sensing.konicaminolta.us\/br\/#\/schema\/logo\/image\/","url":"https:\/\/sensing.konicaminolta.us\/wp-content\/uploads\/kmsa-vertical.png","contentUrl":"https:\/\/sensing.konicaminolta.us\/wp-content\/uploads\/kmsa-vertical.png","width":195,"height":135,"caption":"Konica Minolta Sensing Americas"},"image":{"@id":"https:\/\/sensing.konicaminolta.us\/br\/#\/schema\/logo\/image\/"},"sameAs":["https:\/\/www.facebook.com\/KonicaMinoltaSensingAmericas","https:\/\/x.com\/KMSensingUS","https:\/\/www.instagram.com\/kmsensingus\/","http:\/\/www.linkedin.com\/company\/531676?trk=tyah","https:\/\/www.pinterest.com\/KMSensingUS\/","http:\/\/www.youtube.com\/KonicaMinoltaSense"]}]}},"_links":{"self":[{"href":"https:\/\/sensing.konicaminolta.us\/br\/wp-json\/wp\/v2\/pages\/19333","targetHints":{"allow":["GET"]}}],"collection":[{"href":"https:\/\/sensing.konicaminolta.us\/br\/wp-json\/wp\/v2\/pages"}],"about":[{"href":"https:\/\/sensing.konicaminolta.us\/br\/wp-json\/wp\/v2\/types\/page"}],"author":[{"embeddable":true,"href":"https:\/\/sensing.konicaminolta.us\/br\/wp-json\/wp\/v2\/users\/1"}],"replies":[{"embeddable":true,"href":"https:\/\/sensing.konicaminolta.us\/br\/wp-json\/wp\/v2\/comments?post=19333"}],"version-history":[{"count":0,"href":"https:\/\/sensing.konicaminolta.us\/br\/wp-json\/wp\/v2\/pages\/19333\/revisions"}],"wp:attachment":[{"href":"https:\/\/sensing.konicaminolta.us\/br\/wp-json\/wp\/v2\/media?parent=19333"}],"curies":[{"name":"wp","href":"https:\/\/api.w.org\/{rel}","templated":true}]}}