{"id":19335,"date":"2020-03-10T23:44:35","date_gmt":"2020-03-11T03:44:35","guid":{"rendered":"https:\/\/sensing.konicaminolta.us\/learning-center\/color-measurement\/"},"modified":"2022-10-11T09:03:54","modified_gmt":"2022-10-11T13:03:54","slug":"color-measurement","status":"publish","type":"page","link":"https:\/\/sensing.konicaminolta.us\/br\/learning-center\/color-measurement\/","title":{"rendered":"Color Measurement Learning Center"},"content":{"rendered":"<div class=\"wpb-content-wrapper\"><p>[vc_row row_height_percent=&#8221;0&#8243; override_padding=&#8221;yes&#8221; h_padding=&#8221;2&#8243; top_padding=&#8221;0&#8243; bottom_padding=&#8221;2&#8243; overlay_alpha=&#8221;50&#8243; gutter_size=&#8221;3&#8243; column_width_percent=&#8221;100&#8243; shift_y=&#8221;0&#8243; z_index=&#8221;0&#8243;][vc_column width=&#8221;1\/1&#8243;][uncode_block id=&#8221;10959&#8243; inside_column=&#8221;yes&#8221;][\/vc_column][\/vc_row][vc_row row_height_percent=&#8221;0&#8243; override_padding=&#8221;yes&#8221; h_padding=&#8221;2&#8243; top_padding=&#8221;1&#8243; bottom_padding=&#8221;2&#8243; overlay_alpha=&#8221;50&#8243; gutter_size=&#8221;3&#8243; column_width_percent=&#8221;100&#8243; shift_y=&#8221;0&#8243; z_index=&#8221;0&#8243;][vc_column column_width_percent=&#8221;100&#8243; gutter_size=&#8221;2&#8243; overlay_alpha=&#8221;50&#8243; shift_x=&#8221;0&#8243; shift_y=&#8221;0&#8243; shift_y_down=&#8221;0&#8243; z_index=&#8221;0&#8243; medium_width=&#8221;0&#8243; mobile_width=&#8221;0&#8243; width=&#8221;1\/1&#8243;][vc_custom_heading heading_semantic=&#8221;h1&#8243; text_size=&#8221;h3&#8243; separator=&#8221;yes&#8221; separator_color=&#8221;yes&#8221;]Conceitos B\u00e1sicos sobre Medi\u00e7\u00e3o de Cor[\/vc_custom_heading][vc_column_text]<strong>Medi\u00e7\u00e3o de Cor<\/strong><\/p>\n<p>Um n\u00famero infinito de cores nos envolve todos os dias de nossas vidas. Normalmente, n\u00f3s n\u00e3o damos \u00e0s cores o seu devido valor, por\u00e9m elas s\u00e3o importantes em nosso dia a dia, influenciando nossa alimenta\u00e7\u00e3o, os produtos que compramos, e at\u00e9 nos informando sobre o estado de sa\u00fade de uma pessoa. Mesmo nos influenciando tanto, e apesar de sua import\u00e2ncia continuar a crescer diariamente, nosso conhecimento da cor e seu controle normalmente \u00e9 insuficiente, gerando uma variedade de problemas, como por exemplo em transa\u00e7\u00f5es comerciais envolvendo cores ou mesmo na escolha da cor de um produto. Uma vez que as avalia\u00e7\u00f5es de cores s\u00e3o frequentemente feitas de acordo com as impress\u00f5es ou experi\u00eancias pessoais, \u00e9 imposs\u00edvel para uma pessoa controlar de forma precisa a avalia\u00e7\u00e3o da cor utilizando m\u00e9todos comuns. Existe uma forma com a qual nos possamos expressar a cor de forma precisa; com a qual possamos descrever essa cor para outra pessoa a fim de que ela seja reproduzida da forma como n\u00f3s a vemos? Como a comunica\u00e7\u00e3o de cores, entre os mais diversos campos da ind\u00fastria pode ser feito de forma correta? Claramente precisamos de mais informa\u00e7\u00e3o e conhecimento sobre a cor.<\/p>\n<p>Baixe aqui nosso documento sobre <a href=\"\/br\/learning-center\/white-papers\/precise-color-communication\/\">Comunica\u00e7\u00e3o Precisa da Cor<\/a><\/p>\n<p><img decoding=\"async\" class=\"aligncenter wp-image-10908 size-full\" src=\"https:\/\/sensing.konicaminolta.us\/wp-content\/uploads\/lc-color-basics-collage.jpg\" alt=\"Color Collage\" width=\"696\" height=\"298\" srcset=\"https:\/\/sensing.konicaminolta.us\/wp-content\/uploads\/lc-color-basics-collage.jpg 696w, https:\/\/sensing.konicaminolta.us\/wp-content\/uploads\/lc-color-basics-collage-300x128.jpg 300w\" sizes=\"(max-width: 696px) 100vw, 696px\" \/>[\/vc_column_text][\/vc_column][\/vc_row]<\/p>\n<\/div>","protected":false},"excerpt":{"rendered":"<p>[vc_row row_height_percent=&#8221;0&#8243; override_padding=&#8221;yes&#8221; h_padding=&#8221;2&#8243; top_padding=&#8221;0&#8243; bottom_padding=&#8221;2&#8243; overlay_alpha=&#8221;50&#8243; gutter_size=&#8221;3&#8243; column_width_percent=&#8221;100&#8243; shift_y=&#8221;0&#8243; z_index=&#8221;0&#8243;][vc_column width=&#8221;1\/1&#8243;][uncode_block id=&#8221;10959&#8243; inside_column=&#8221;yes&#8221;][\/vc_column][\/vc_row][vc_row row_height_percent=&#8221;0&#8243; override_padding=&#8221;yes&#8221; h_padding=&#8221;2&#8243; top_padding=&#8221;1&#8243; bottom_padding=&#8221;2&#8243; overlay_alpha=&#8221;50&#8243; [&hellip;]<\/p>\n","protected":false},"author":1,"featured_media":0,"parent":17546,"menu_order":0,"comment_status":"closed","ping_status":"closed","template":"","meta":{"footnotes":""},"class_list":["post-19335","page","type-page","status-publish","hentry"],"acf":[],"yoast_head":"<!-- This site is optimized with the Yoast SEO Premium plugin v24.4 (Yoast SEO v24.4) - https:\/\/yoast.com\/wordpress\/plugins\/seo\/ -->\r\n<title>Conceitos B\u00e1sicos sobre Medi\u00e7\u00e3o de Cor | Konica Minolta Sensing<\/title>\r\n<meta name=\"robots\" content=\"index, follow, max-snippet:-1, max-image-preview:large, max-video-preview:-1\" \/>\r\n<link rel=\"canonical\" href=\"https:\/\/sensing.konicaminolta.us\/br\/learning-center\/color-measurement\/\" \/>\r\n<meta property=\"og:locale\" content=\"pt_BR\" \/>\r\n<meta property=\"og:type\" content=\"article\" \/>\r\n<meta property=\"og:title\" content=\"Conceitos B\u00e1sicos sobre Medi\u00e7\u00e3o de Cor | Konica Minolta Sensing\" \/>\r\n<meta property=\"og:description\" content=\"Conceitos B\u00e1sicos sobre Medi\u00e7\u00e3o de CorMedi\u00e7\u00e3o de Cor Um n\u00famero infinito de cores nos envolve todos os dias de nossas vidas. Normalmente, n\u00f3s n\u00e3o damos \u00e0s\" \/>\r\n<meta property=\"og:url\" content=\"https:\/\/sensing.konicaminolta.us\/br\/learning-center\/color-measurement\/\" \/>\r\n<meta property=\"og:site_name\" content=\"Konica Minolta Sensing\" \/>\r\n<meta property=\"article:publisher\" content=\"https:\/\/www.facebook.com\/KonicaMinoltaSensingAmericas\" \/>\r\n<meta property=\"article:modified_time\" content=\"2022-10-11T13:03:54+00:00\" \/>\r\n<meta property=\"og:image\" content=\"https:\/\/sensing.konicaminolta.us\/wp-content\/uploads\/lc-color-basics-collage.jpg\" \/>\r\n\t<meta property=\"og:image:width\" content=\"696\" \/>\r\n\t<meta property=\"og:image:height\" content=\"298\" \/>\r\n\t<meta property=\"og:image:type\" content=\"image\/jpeg\" \/>\r\n<meta name=\"twitter:card\" content=\"summary_large_image\" \/>\r\n<meta name=\"twitter:title\" content=\"Conceitos B\u00e1sicos sobre Medi\u00e7\u00e3o de Cor | Konica Minolta Sensing\" \/>\r\n<meta name=\"twitter:site\" content=\"@KMSensingUS\" \/>\r\n<meta name=\"twitter:label1\" content=\"Est. tempo de leitura\" \/>\n\t<meta name=\"twitter:data1\" content=\"2 minutos\" \/>\r\n<script type=\"application\/ld+json\" class=\"yoast-schema-graph\">{\"@context\":\"https:\/\/schema.org\",\"@graph\":[{\"@type\":\"WebPage\",\"@id\":\"https:\/\/sensing.konicaminolta.us\/br\/learning-center\/color-measurement\/\",\"url\":\"https:\/\/sensing.konicaminolta.us\/br\/learning-center\/color-measurement\/\",\"name\":\"Conceitos B\u00e1sicos sobre Medi\u00e7\u00e3o de Cor | Konica Minolta Sensing\",\"isPartOf\":{\"@id\":\"https:\/\/sensing.konicaminolta.us\/br\/#website\"},\"primaryImageOfPage\":{\"@id\":\"https:\/\/sensing.konicaminolta.us\/br\/learning-center\/color-measurement\/#primaryimage\"},\"image\":{\"@id\":\"https:\/\/sensing.konicaminolta.us\/br\/learning-center\/color-measurement\/#primaryimage\"},\"thumbnailUrl\":\"https:\/\/sensing.konicaminolta.us\/wp-content\/uploads\/lc-color-basics-collage.jpg\",\"datePublished\":\"2020-03-11T03:44:35+00:00\",\"dateModified\":\"2022-10-11T13:03:54+00:00\",\"breadcrumb\":{\"@id\":\"https:\/\/sensing.konicaminolta.us\/br\/learning-center\/color-measurement\/#breadcrumb\"},\"inLanguage\":\"pt-BR\",\"potentialAction\":[{\"@type\":\"ReadAction\",\"target\":[\"https:\/\/sensing.konicaminolta.us\/br\/learning-center\/color-measurement\/\"]}]},{\"@type\":\"ImageObject\",\"inLanguage\":\"pt-BR\",\"@id\":\"https:\/\/sensing.konicaminolta.us\/br\/learning-center\/color-measurement\/#primaryimage\",\"url\":\"https:\/\/sensing.konicaminolta.us\/wp-content\/uploads\/lc-color-basics-collage.jpg\",\"contentUrl\":\"https:\/\/sensing.konicaminolta.us\/wp-content\/uploads\/lc-color-basics-collage.jpg\"},{\"@type\":\"BreadcrumbList\",\"@id\":\"https:\/\/sensing.konicaminolta.us\/br\/learning-center\/color-measurement\/#breadcrumb\",\"itemListElement\":[{\"@type\":\"ListItem\",\"position\":1,\"name\":\"Home\",\"item\":\"https:\/\/sensing.konicaminolta.us\/br\/\"},{\"@type\":\"ListItem\",\"position\":2,\"name\":\"Centro de Aprendizagem\",\"item\":\"https:\/\/sensing.konicaminolta.us\/br\/learning-center\/\"},{\"@type\":\"ListItem\",\"position\":3,\"name\":\"Color Measurement Learning Center\"}]},{\"@type\":\"WebSite\",\"@id\":\"https:\/\/sensing.konicaminolta.us\/br\/#website\",\"url\":\"https:\/\/sensing.konicaminolta.us\/br\/\",\"name\":\"Konica Minolta Sensing\",\"description\":\"Color, Light, and LED Measuring Instruments\",\"publisher\":{\"@id\":\"https:\/\/sensing.konicaminolta.us\/br\/#organization\"},\"potentialAction\":[{\"@type\":\"SearchAction\",\"target\":{\"@type\":\"EntryPoint\",\"urlTemplate\":\"https:\/\/sensing.konicaminolta.us\/br\/?s={search_term_string}\"},\"query-input\":{\"@type\":\"PropertyValueSpecification\",\"valueRequired\":true,\"valueName\":\"search_term_string\"}}],\"inLanguage\":\"pt-BR\"},{\"@type\":\"Organization\",\"@id\":\"https:\/\/sensing.konicaminolta.us\/br\/#organization\",\"name\":\"Konica Minolta Sensing Americas\",\"url\":\"https:\/\/sensing.konicaminolta.us\/br\/\",\"logo\":{\"@type\":\"ImageObject\",\"inLanguage\":\"pt-BR\",\"@id\":\"https:\/\/sensing.konicaminolta.us\/br\/#\/schema\/logo\/image\/\",\"url\":\"https:\/\/sensing.konicaminolta.us\/wp-content\/uploads\/kmsa-vertical.png\",\"contentUrl\":\"https:\/\/sensing.konicaminolta.us\/wp-content\/uploads\/kmsa-vertical.png\",\"width\":195,\"height\":135,\"caption\":\"Konica Minolta Sensing Americas\"},\"image\":{\"@id\":\"https:\/\/sensing.konicaminolta.us\/br\/#\/schema\/logo\/image\/\"},\"sameAs\":[\"https:\/\/www.facebook.com\/KonicaMinoltaSensingAmericas\",\"https:\/\/x.com\/KMSensingUS\",\"https:\/\/www.instagram.com\/kmsensingus\/\",\"http:\/\/www.linkedin.com\/company\/531676?trk=tyah\",\"https:\/\/www.pinterest.com\/KMSensingUS\/\",\"http:\/\/www.youtube.com\/KonicaMinoltaSense\"]}]}<\/script>\r\n<!-- \/ Yoast SEO Premium plugin. -->","yoast_head_json":{"title":"Conceitos B\u00e1sicos sobre Medi\u00e7\u00e3o de Cor | Konica Minolta Sensing","robots":{"index":"index","follow":"follow","max-snippet":"max-snippet:-1","max-image-preview":"max-image-preview:large","max-video-preview":"max-video-preview:-1"},"canonical":"https:\/\/sensing.konicaminolta.us\/br\/learning-center\/color-measurement\/","og_locale":"pt_BR","og_type":"article","og_title":"Conceitos B\u00e1sicos sobre Medi\u00e7\u00e3o de Cor | Konica Minolta Sensing","og_description":"Conceitos B\u00e1sicos sobre Medi\u00e7\u00e3o de CorMedi\u00e7\u00e3o de Cor Um n\u00famero infinito de cores nos envolve todos os dias de nossas vidas. Normalmente, n\u00f3s n\u00e3o damos \u00e0s","og_url":"https:\/\/sensing.konicaminolta.us\/br\/learning-center\/color-measurement\/","og_site_name":"Konica Minolta Sensing","article_publisher":"https:\/\/www.facebook.com\/KonicaMinoltaSensingAmericas","article_modified_time":"2022-10-11T13:03:54+00:00","og_image":[{"width":696,"height":298,"url":"https:\/\/sensing.konicaminolta.us\/wp-content\/uploads\/lc-color-basics-collage.jpg","type":"image\/jpeg"}],"twitter_card":"summary_large_image","twitter_title":"Conceitos B\u00e1sicos sobre Medi\u00e7\u00e3o de Cor | Konica Minolta Sensing","twitter_site":"@KMSensingUS","twitter_misc":{"Est. tempo de leitura":"2 minutos"},"schema":{"@context":"https:\/\/schema.org","@graph":[{"@type":"WebPage","@id":"https:\/\/sensing.konicaminolta.us\/br\/learning-center\/color-measurement\/","url":"https:\/\/sensing.konicaminolta.us\/br\/learning-center\/color-measurement\/","name":"Conceitos B\u00e1sicos sobre Medi\u00e7\u00e3o de Cor | Konica Minolta Sensing","isPartOf":{"@id":"https:\/\/sensing.konicaminolta.us\/br\/#website"},"primaryImageOfPage":{"@id":"https:\/\/sensing.konicaminolta.us\/br\/learning-center\/color-measurement\/#primaryimage"},"image":{"@id":"https:\/\/sensing.konicaminolta.us\/br\/learning-center\/color-measurement\/#primaryimage"},"thumbnailUrl":"https:\/\/sensing.konicaminolta.us\/wp-content\/uploads\/lc-color-basics-collage.jpg","datePublished":"2020-03-11T03:44:35+00:00","dateModified":"2022-10-11T13:03:54+00:00","breadcrumb":{"@id":"https:\/\/sensing.konicaminolta.us\/br\/learning-center\/color-measurement\/#breadcrumb"},"inLanguage":"pt-BR","potentialAction":[{"@type":"ReadAction","target":["https:\/\/sensing.konicaminolta.us\/br\/learning-center\/color-measurement\/"]}]},{"@type":"ImageObject","inLanguage":"pt-BR","@id":"https:\/\/sensing.konicaminolta.us\/br\/learning-center\/color-measurement\/#primaryimage","url":"https:\/\/sensing.konicaminolta.us\/wp-content\/uploads\/lc-color-basics-collage.jpg","contentUrl":"https:\/\/sensing.konicaminolta.us\/wp-content\/uploads\/lc-color-basics-collage.jpg"},{"@type":"BreadcrumbList","@id":"https:\/\/sensing.konicaminolta.us\/br\/learning-center\/color-measurement\/#breadcrumb","itemListElement":[{"@type":"ListItem","position":1,"name":"Home","item":"https:\/\/sensing.konicaminolta.us\/br\/"},{"@type":"ListItem","position":2,"name":"Centro de Aprendizagem","item":"https:\/\/sensing.konicaminolta.us\/br\/learning-center\/"},{"@type":"ListItem","position":3,"name":"Color Measurement Learning Center"}]},{"@type":"WebSite","@id":"https:\/\/sensing.konicaminolta.us\/br\/#website","url":"https:\/\/sensing.konicaminolta.us\/br\/","name":"Konica Minolta Sensing","description":"Color, Light, and LED Measuring Instruments","publisher":{"@id":"https:\/\/sensing.konicaminolta.us\/br\/#organization"},"potentialAction":[{"@type":"SearchAction","target":{"@type":"EntryPoint","urlTemplate":"https:\/\/sensing.konicaminolta.us\/br\/?s={search_term_string}"},"query-input":{"@type":"PropertyValueSpecification","valueRequired":true,"valueName":"search_term_string"}}],"inLanguage":"pt-BR"},{"@type":"Organization","@id":"https:\/\/sensing.konicaminolta.us\/br\/#organization","name":"Konica Minolta Sensing Americas","url":"https:\/\/sensing.konicaminolta.us\/br\/","logo":{"@type":"ImageObject","inLanguage":"pt-BR","@id":"https:\/\/sensing.konicaminolta.us\/br\/#\/schema\/logo\/image\/","url":"https:\/\/sensing.konicaminolta.us\/wp-content\/uploads\/kmsa-vertical.png","contentUrl":"https:\/\/sensing.konicaminolta.us\/wp-content\/uploads\/kmsa-vertical.png","width":195,"height":135,"caption":"Konica Minolta Sensing Americas"},"image":{"@id":"https:\/\/sensing.konicaminolta.us\/br\/#\/schema\/logo\/image\/"},"sameAs":["https:\/\/www.facebook.com\/KonicaMinoltaSensingAmericas","https:\/\/x.com\/KMSensingUS","https:\/\/www.instagram.com\/kmsensingus\/","http:\/\/www.linkedin.com\/company\/531676?trk=tyah","https:\/\/www.pinterest.com\/KMSensingUS\/","http:\/\/www.youtube.com\/KonicaMinoltaSense"]}]}},"_links":{"self":[{"href":"https:\/\/sensing.konicaminolta.us\/br\/wp-json\/wp\/v2\/pages\/19335","targetHints":{"allow":["GET"]}}],"collection":[{"href":"https:\/\/sensing.konicaminolta.us\/br\/wp-json\/wp\/v2\/pages"}],"about":[{"href":"https:\/\/sensing.konicaminolta.us\/br\/wp-json\/wp\/v2\/types\/page"}],"author":[{"embeddable":true,"href":"https:\/\/sensing.konicaminolta.us\/br\/wp-json\/wp\/v2\/users\/1"}],"replies":[{"embeddable":true,"href":"https:\/\/sensing.konicaminolta.us\/br\/wp-json\/wp\/v2\/comments?post=19335"}],"version-history":[{"count":1,"href":"https:\/\/sensing.konicaminolta.us\/br\/wp-json\/wp\/v2\/pages\/19335\/revisions"}],"predecessor-version":[{"id":23365,"href":"https:\/\/sensing.konicaminolta.us\/br\/wp-json\/wp\/v2\/pages\/19335\/revisions\/23365"}],"up":[{"embeddable":true,"href":"https:\/\/sensing.konicaminolta.us\/br\/wp-json\/wp\/v2\/pages\/17546"}],"wp:attachment":[{"href":"https:\/\/sensing.konicaminolta.us\/br\/wp-json\/wp\/v2\/media?parent=19335"}],"curies":[{"name":"wp","href":"https:\/\/api.w.org\/{rel}","templated":true}]}}