{"id":19339,"date":"2020-02-22T00:03:52","date_gmt":"2020-02-22T05:03:52","guid":{"rendered":"https:\/\/sensing.konicaminolta.us\/services\/"},"modified":"2026-03-16T10:18:34","modified_gmt":"2026-03-16T14:18:34","slug":"services","status":"publish","type":"page","link":"https:\/\/sensing.konicaminolta.us\/br\/services\/","title":{"rendered":"Servi\u00e7os"},"content":{"rendered":"<div class=\"wpb-content-wrapper\"><p>[vc_row row_height_percent=&#8221;0&#8243; override_padding=&#8221;yes&#8221; h_padding=&#8221;2&#8243; top_padding=&#8221;0&#8243; bottom_padding=&#8221;0&#8243; overlay_alpha=&#8221;50&#8243; gutter_size=&#8221;3&#8243; column_width_percent=&#8221;100&#8243; shift_y=&#8221;0&#8243; z_index=&#8221;0&#8243;][vc_column width=&#8221;1\/1&#8243;][vc_single_image media=&#8221;11732&#8243; media_width_percent=&#8221;100&#8243; alignment=&#8221;center&#8221;][\/vc_column][\/vc_row][vc_row row_height_percent=&#8221;0&#8243; override_padding=&#8221;yes&#8221; h_padding=&#8221;2&#8243; top_padding=&#8221;0&#8243; bottom_padding=&#8221;0&#8243; overlay_alpha=&#8221;50&#8243; gutter_size=&#8221;3&#8243; column_width_percent=&#8221;100&#8243; shift_y=&#8221;0&#8243; z_index=&#8221;0&#8243;][vc_column column_width_percent=&#8221;100&#8243; gutter_size=&#8221;3&#8243; expand_height=&#8221;yes&#8221; back_color=&#8221;color-f9f9f9&#8243; overlay_alpha=&#8221;50&#8243; shift_x=&#8221;0&#8243; shift_y=&#8221;0&#8243; shift_y_down=&#8221;0&#8243; z_index=&#8221;0&#8243; medium_width=&#8221;0&#8243; mobile_width=&#8221;0&#8243; width=&#8221;1\/4&#8243; css=&#8221;.vc_custom_1583936974515{padding-top: 20px !important;padding-bottom: 20px !important;}&#8221; el_class=&#8221;services-sidebar&#8221;][vc_widget_sidebar sidebar_id=&#8221;sidebar-services&#8221;][\/vc_column][vc_column column_width_percent=&#8221;100&#8243; gutter_size=&#8221;2&#8243; overlay_alpha=&#8221;50&#8243; shift_x=&#8221;0&#8243; shift_y=&#8221;0&#8243; shift_y_down=&#8221;0&#8243; z_index=&#8221;0&#8243; medium_width=&#8221;0&#8243; mobile_width=&#8221;0&#8243; width=&#8221;3\/4&#8243; css=&#8221;.vc_custom_1582347785052{padding-top: 20px !important;padding-bottom: 20px !important;}&#8221;][vc_row_inner][vc_column_inner column_width_percent=&#8221;100&#8243; gutter_size=&#8221;2&#8243; overlay_alpha=&#8221;50&#8243; shift_x=&#8221;0&#8243; shift_y=&#8221;0&#8243; shift_y_down=&#8221;0&#8243; z_index=&#8221;0&#8243; medium_width=&#8221;0&#8243; mobile_width=&#8221;0&#8243; width=&#8221;1\/1&#8243;][vc_custom_heading heading_semantic=&#8221;h1&#8243; text_size=&#8221;h3&#8243; separator_color=&#8221;yes&#8221; separator=&#8221;yes&#8221;]Suporte T\u00e9cnico Konica Minolta Sensing[\/vc_custom_heading][vc_column_text uncode_shortcode_id=&#8221;341545&#8243;]Na Konica Minolta, os nossos t\u00e9cnicos certificados est\u00e3o dispon\u00edveis para responder pessoalmente as chamadas dos clientes e lhes dar apoio em todas as necessidades, sejam elas hardware, software e aplica\u00e7\u00e3o durante toda a vida \u00fatil do seu equipamento.<\/p>\n<p>Com a nossa sede norte-americana em Ramsey, New Jersey, e escrit\u00f3rios regionais localizados na Am\u00e9rica Latina e no Brasil, oferecemos um sistema completo de suporte para atender \u00e0s necessidades dos clientes referentes a reparos t\u00e9cnicos, de produtos e necessidades de treinamento.<\/p>\n<p>Nossa equipe dedicada se empenha para fornecer o melhor servi\u00e7o da categoria. Atendimento ao cliente \u00e9 a nossa prioridade. N\u00f3s nos concentramos na constru\u00e7\u00e3o de um relacionamento de longo prazo com todos os clientes e oferecemos servi\u00e7os que ir\u00e3o melhorar o seu neg\u00f3cio.<\/p>\n<p>Informa\u00e7\u00f5es de contato do suporte t\u00e9cnico nos EUA:<br \/>\n101 Williams Drive<br \/>\nRamsey, NJ 07446<br \/>\nTelefone: (888) 473-2656<br \/>\nEmail: <a href=\"mailto:service.sus@konicaminolta.com\">service.sus@konicaminolta.com<\/a><\/p>\n<p>[\/vc_column_text][vc_custom_heading heading_semantic=&#8221;h1&#8243; text_size=&#8221;h3&#8243; separator_color=&#8221;yes&#8221; separator=&#8221;yes&#8221;][\/vc_custom_heading][uncode_index el_id=&#8221;index-208530&#8243; isotope_mode=&#8221;fitRows&#8221; loop=&#8221;size:5|order_by:menu_order|post_type:services|by_id:11094,11044,11030,11009,10992&#8243; screen_lg=&#8221;800&#8243; screen_md=&#8221;600&#8243; screen_sm=&#8221;480&#8243; gutter_size=&#8221;2&#8243; industries_items=&#8221;media|featured|onpost|original&#8221; single_overlay_opacity=&#8221;50&#8243; single_h_align=&#8221;center&#8221; single_padding=&#8221;0&#8243; custom_order=&#8221;yes&#8221; el_class=&#8221;industry-grid&#8221;][\/vc_column_inner][\/vc_row_inner][\/vc_column][\/vc_row]<\/p>\n<\/div>","protected":false},"excerpt":{"rendered":"<p>[vc_row row_height_percent=&#8221;0&#8243; override_padding=&#8221;yes&#8221; h_padding=&#8221;2&#8243; top_padding=&#8221;0&#8243; bottom_padding=&#8221;0&#8243; overlay_alpha=&#8221;50&#8243; gutter_size=&#8221;3&#8243; column_width_percent=&#8221;100&#8243; shift_y=&#8221;0&#8243; z_index=&#8221;0&#8243;][vc_column width=&#8221;1\/1&#8243;][vc_single_image media=&#8221;11732&#8243; media_width_percent=&#8221;100&#8243; alignment=&#8221;center&#8221;][\/vc_column][\/vc_row][vc_row row_height_percent=&#8221;0&#8243; override_padding=&#8221;yes&#8221; h_padding=&#8221;2&#8243; top_padding=&#8221;0&#8243; bottom_padding=&#8221;0&#8243; [&hellip;]<\/p>\n","protected":false},"author":1,"featured_media":0,"parent":0,"menu_order":0,"comment_status":"closed","ping_status":"closed","template":"","meta":{"footnotes":""},"class_list":["post-19339","page","type-page","status-publish","hentry"],"acf":[],"yoast_head":"<!-- This site is optimized with the Yoast SEO Premium plugin v24.4 (Yoast SEO v24.4) - https:\/\/yoast.com\/wordpress\/plugins\/seo\/ -->\r\n<title>Servi\u00e7os | Konica Minolta Sensing<\/title>\r\n<meta name=\"description\" content=\"Os nossos t\u00e9cnicos certificados est\u00e3o dispon\u00edveis para responder pessoalmente as chamadas dos clientes e lhes dar apoio em todas as necessidades.\" \/>\r\n<meta name=\"robots\" content=\"index, follow, max-snippet:-1, max-image-preview:large, max-video-preview:-1\" \/>\r\n<link rel=\"canonical\" href=\"https:\/\/sensing.konicaminolta.us\/br\/services\/\" \/>\r\n<meta property=\"og:locale\" content=\"pt_BR\" \/>\r\n<meta property=\"og:type\" content=\"article\" \/>\r\n<meta property=\"og:title\" content=\"Servi\u00e7os | Konica Minolta Sensing\" \/>\r\n<meta property=\"og:description\" content=\"Os nossos t\u00e9cnicos certificados est\u00e3o dispon\u00edveis para responder pessoalmente as chamadas dos clientes e lhes dar apoio em todas as necessidades.\" \/>\r\n<meta property=\"og:url\" content=\"https:\/\/sensing.konicaminolta.us\/br\/services\/\" \/>\r\n<meta property=\"og:site_name\" content=\"Konica Minolta Sensing\" \/>\r\n<meta property=\"article:publisher\" content=\"https:\/\/www.facebook.com\/KonicaMinoltaSensingAmericas\" \/>\r\n<meta property=\"article:modified_time\" content=\"2026-03-16T14:18:34+00:00\" \/>\r\n<meta property=\"og:image\" content=\"https:\/\/sensing.konicaminolta.us\/wp-content\/uploads\/15KON_1130x253_serviceHeaderV2.jpg\" \/>\r\n\t<meta property=\"og:image:width\" content=\"1130\" \/>\r\n\t<meta property=\"og:image:height\" content=\"253\" \/>\r\n\t<meta property=\"og:image:type\" content=\"image\/jpeg\" \/>\r\n<meta name=\"twitter:card\" content=\"summary_large_image\" \/>\r\n<meta name=\"twitter:title\" content=\"Servi\u00e7os | Konica Minolta Sensing\" \/>\r\n<meta name=\"twitter:description\" content=\"Os nossos t\u00e9cnicos certificados est\u00e3o dispon\u00edveis para responder pessoalmente as chamadas dos clientes e lhes dar apoio em todas as necessidades.\" \/>\r\n<meta name=\"twitter:site\" content=\"@KMSensingUS\" \/>\r\n<meta name=\"twitter:label1\" content=\"Est. tempo de leitura\" \/>\n\t<meta name=\"twitter:data1\" content=\"2 minutos\" \/>\r\n<script type=\"application\/ld+json\" class=\"yoast-schema-graph\">{\"@context\":\"https:\/\/schema.org\",\"@graph\":[{\"@type\":\"WebPage\",\"@id\":\"https:\/\/sensing.konicaminolta.us\/br\/services\/\",\"url\":\"https:\/\/sensing.konicaminolta.us\/br\/services\/\",\"name\":\"Servi\u00e7os | Konica Minolta Sensing\",\"isPartOf\":{\"@id\":\"https:\/\/sensing.konicaminolta.us\/br\/#website\"},\"datePublished\":\"2020-02-22T05:03:52+00:00\",\"dateModified\":\"2026-03-16T14:18:34+00:00\",\"description\":\"Os nossos t\u00e9cnicos certificados est\u00e3o dispon\u00edveis para responder pessoalmente as chamadas dos clientes e lhes dar apoio em todas as necessidades.\",\"breadcrumb\":{\"@id\":\"https:\/\/sensing.konicaminolta.us\/br\/services\/#breadcrumb\"},\"inLanguage\":\"pt-BR\",\"potentialAction\":[{\"@type\":\"ReadAction\",\"target\":[\"https:\/\/sensing.konicaminolta.us\/br\/services\/\"]}]},{\"@type\":\"BreadcrumbList\",\"@id\":\"https:\/\/sensing.konicaminolta.us\/br\/services\/#breadcrumb\",\"itemListElement\":[{\"@type\":\"ListItem\",\"position\":1,\"name\":\"Home\",\"item\":\"https:\/\/sensing.konicaminolta.us\/br\/\"},{\"@type\":\"ListItem\",\"position\":2,\"name\":\"Servi\u00e7os\"}]},{\"@type\":\"WebSite\",\"@id\":\"https:\/\/sensing.konicaminolta.us\/br\/#website\",\"url\":\"https:\/\/sensing.konicaminolta.us\/br\/\",\"name\":\"Konica Minolta Sensing\",\"description\":\"Color, Light, and LED Measuring Instruments\",\"publisher\":{\"@id\":\"https:\/\/sensing.konicaminolta.us\/br\/#organization\"},\"potentialAction\":[{\"@type\":\"SearchAction\",\"target\":{\"@type\":\"EntryPoint\",\"urlTemplate\":\"https:\/\/sensing.konicaminolta.us\/br\/?s={search_term_string}\"},\"query-input\":{\"@type\":\"PropertyValueSpecification\",\"valueRequired\":true,\"valueName\":\"search_term_string\"}}],\"inLanguage\":\"pt-BR\"},{\"@type\":\"Organization\",\"@id\":\"https:\/\/sensing.konicaminolta.us\/br\/#organization\",\"name\":\"Konica Minolta Sensing Americas\",\"url\":\"https:\/\/sensing.konicaminolta.us\/br\/\",\"logo\":{\"@type\":\"ImageObject\",\"inLanguage\":\"pt-BR\",\"@id\":\"https:\/\/sensing.konicaminolta.us\/br\/#\/schema\/logo\/image\/\",\"url\":\"https:\/\/sensing.konicaminolta.us\/wp-content\/uploads\/kmsa-vertical.png\",\"contentUrl\":\"https:\/\/sensing.konicaminolta.us\/wp-content\/uploads\/kmsa-vertical.png\",\"width\":195,\"height\":135,\"caption\":\"Konica Minolta Sensing Americas\"},\"image\":{\"@id\":\"https:\/\/sensing.konicaminolta.us\/br\/#\/schema\/logo\/image\/\"},\"sameAs\":[\"https:\/\/www.facebook.com\/KonicaMinoltaSensingAmericas\",\"https:\/\/x.com\/KMSensingUS\",\"https:\/\/www.instagram.com\/kmsensingus\/\",\"http:\/\/www.linkedin.com\/company\/531676?trk=tyah\",\"https:\/\/www.pinterest.com\/KMSensingUS\/\",\"http:\/\/www.youtube.com\/KonicaMinoltaSense\"]}]}<\/script>\r\n<!-- \/ Yoast SEO Premium plugin. -->","yoast_head_json":{"title":"Servi\u00e7os | Konica Minolta Sensing","description":"Os nossos t\u00e9cnicos certificados est\u00e3o dispon\u00edveis para responder pessoalmente as chamadas dos clientes e lhes dar apoio em todas as necessidades.","robots":{"index":"index","follow":"follow","max-snippet":"max-snippet:-1","max-image-preview":"max-image-preview:large","max-video-preview":"max-video-preview:-1"},"canonical":"https:\/\/sensing.konicaminolta.us\/br\/services\/","og_locale":"pt_BR","og_type":"article","og_title":"Servi\u00e7os | Konica Minolta Sensing","og_description":"Os nossos t\u00e9cnicos certificados est\u00e3o dispon\u00edveis para responder pessoalmente as chamadas dos clientes e lhes dar apoio em todas as necessidades.","og_url":"https:\/\/sensing.konicaminolta.us\/br\/services\/","og_site_name":"Konica Minolta Sensing","article_publisher":"https:\/\/www.facebook.com\/KonicaMinoltaSensingAmericas","article_modified_time":"2026-03-16T14:18:34+00:00","og_image":[{"width":1130,"height":253,"url":"https:\/\/sensing.konicaminolta.us\/wp-content\/uploads\/15KON_1130x253_serviceHeaderV2.jpg","type":"image\/jpeg"}],"twitter_card":"summary_large_image","twitter_title":"Servi\u00e7os | Konica Minolta Sensing","twitter_description":"Os nossos t\u00e9cnicos certificados est\u00e3o dispon\u00edveis para responder pessoalmente as chamadas dos clientes e lhes dar apoio em todas as necessidades.","twitter_site":"@KMSensingUS","twitter_misc":{"Est. tempo de leitura":"2 minutos"},"schema":{"@context":"https:\/\/schema.org","@graph":[{"@type":"WebPage","@id":"https:\/\/sensing.konicaminolta.us\/br\/services\/","url":"https:\/\/sensing.konicaminolta.us\/br\/services\/","name":"Servi\u00e7os | Konica Minolta Sensing","isPartOf":{"@id":"https:\/\/sensing.konicaminolta.us\/br\/#website"},"datePublished":"2020-02-22T05:03:52+00:00","dateModified":"2026-03-16T14:18:34+00:00","description":"Os nossos t\u00e9cnicos certificados est\u00e3o dispon\u00edveis para responder pessoalmente as chamadas dos clientes e lhes dar apoio em todas as necessidades.","breadcrumb":{"@id":"https:\/\/sensing.konicaminolta.us\/br\/services\/#breadcrumb"},"inLanguage":"pt-BR","potentialAction":[{"@type":"ReadAction","target":["https:\/\/sensing.konicaminolta.us\/br\/services\/"]}]},{"@type":"BreadcrumbList","@id":"https:\/\/sensing.konicaminolta.us\/br\/services\/#breadcrumb","itemListElement":[{"@type":"ListItem","position":1,"name":"Home","item":"https:\/\/sensing.konicaminolta.us\/br\/"},{"@type":"ListItem","position":2,"name":"Servi\u00e7os"}]},{"@type":"WebSite","@id":"https:\/\/sensing.konicaminolta.us\/br\/#website","url":"https:\/\/sensing.konicaminolta.us\/br\/","name":"Konica Minolta Sensing","description":"Color, Light, and LED Measuring Instruments","publisher":{"@id":"https:\/\/sensing.konicaminolta.us\/br\/#organization"},"potentialAction":[{"@type":"SearchAction","target":{"@type":"EntryPoint","urlTemplate":"https:\/\/sensing.konicaminolta.us\/br\/?s={search_term_string}"},"query-input":{"@type":"PropertyValueSpecification","valueRequired":true,"valueName":"search_term_string"}}],"inLanguage":"pt-BR"},{"@type":"Organization","@id":"https:\/\/sensing.konicaminolta.us\/br\/#organization","name":"Konica Minolta Sensing Americas","url":"https:\/\/sensing.konicaminolta.us\/br\/","logo":{"@type":"ImageObject","inLanguage":"pt-BR","@id":"https:\/\/sensing.konicaminolta.us\/br\/#\/schema\/logo\/image\/","url":"https:\/\/sensing.konicaminolta.us\/wp-content\/uploads\/kmsa-vertical.png","contentUrl":"https:\/\/sensing.konicaminolta.us\/wp-content\/uploads\/kmsa-vertical.png","width":195,"height":135,"caption":"Konica Minolta Sensing Americas"},"image":{"@id":"https:\/\/sensing.konicaminolta.us\/br\/#\/schema\/logo\/image\/"},"sameAs":["https:\/\/www.facebook.com\/KonicaMinoltaSensingAmericas","https:\/\/x.com\/KMSensingUS","https:\/\/www.instagram.com\/kmsensingus\/","http:\/\/www.linkedin.com\/company\/531676?trk=tyah","https:\/\/www.pinterest.com\/KMSensingUS\/","http:\/\/www.youtube.com\/KonicaMinoltaSense"]}]}},"_links":{"self":[{"href":"https:\/\/sensing.konicaminolta.us\/br\/wp-json\/wp\/v2\/pages\/19339","targetHints":{"allow":["GET"]}}],"collection":[{"href":"https:\/\/sensing.konicaminolta.us\/br\/wp-json\/wp\/v2\/pages"}],"about":[{"href":"https:\/\/sensing.konicaminolta.us\/br\/wp-json\/wp\/v2\/types\/page"}],"author":[{"embeddable":true,"href":"https:\/\/sensing.konicaminolta.us\/br\/wp-json\/wp\/v2\/users\/1"}],"replies":[{"embeddable":true,"href":"https:\/\/sensing.konicaminolta.us\/br\/wp-json\/wp\/v2\/comments?post=19339"}],"version-history":[{"count":2,"href":"https:\/\/sensing.konicaminolta.us\/br\/wp-json\/wp\/v2\/pages\/19339\/revisions"}],"predecessor-version":[{"id":27173,"href":"https:\/\/sensing.konicaminolta.us\/br\/wp-json\/wp\/v2\/pages\/19339\/revisions\/27173"}],"wp:attachment":[{"href":"https:\/\/sensing.konicaminolta.us\/br\/wp-json\/wp\/v2\/media?parent=19339"}],"curies":[{"name":"wp","href":"https:\/\/api.w.org\/{rel}","templated":true}]}}