{"id":11453,"date":"2020-03-16T23:27:57","date_gmt":"2020-03-17T03:27:57","guid":{"rendered":"https:\/\/sensing.konicaminolta.us\/inicio"},"modified":"2020-04-07T14:49:27","modified_gmt":"2020-04-07T18:49:27","slug":"inicio","status":"publish","type":"page","link":"https:\/\/sensing.konicaminolta.us\/mx\/","title":{"rendered":"Inicio"},"content":{"rendered":"<div class=\"wpb-content-wrapper\"><p>[vc_row row_height_percent=&#8221;0&#8243; overlay_alpha=&#8221;50&#8243; equal_height=&#8221;yes&#8221; gutter_size=&#8221;3&#8243; column_width_percent=&#8221;100&#8243; shift_y=&#8221;0&#8243; z_index=&#8221;0&#8243; el_id=&#8221;homepage-boxes&#8221;][vc_column column_width_percent=&#8221;100&#8243; align_horizontal=&#8221;align_center&#8221; gutter_size=&#8221;2&#8243; back_color=&#8221;color-eeeeee&#8221; overlay_alpha=&#8221;50&#8243; shift_x=&#8221;0&#8243; shift_y=&#8221;0&#8243; shift_y_down=&#8221;0&#8243; z_index=&#8221;0&#8243; medium_width=&#8221;0&#8243; mobile_width=&#8221;0&#8243; width=&#8221;1\/3&#8243;][vc_custom_heading text_weight=&#8221;700&#8243; text_color=&#8221;color-005090&#8243;]<\/p>\n<h2 style=\"text-align: center;\">Luz y Pantalla<\/h2>\n<p>[\/vc_custom_heading][vc_column_text]<\/p>\n<p class=\"text-center\" style=\"text-align: center;\">Nuestros instrumentos de luz y pantalla de alta precisi\u00f3n brindan resultados confiables en diferentes industrias como investigaci\u00f3n, control de calidad y evaluaci\u00f3n de pantallas.<\/p>\n<p>[\/vc_column_text][vc_single_image media=&#8221;379&#8243; media_width_percent=&#8221;75&#8243; media_ratio=&#8221;one-one&#8221; alignment=&#8221;center&#8221; shape=&#8221;img-circle&#8221; el_class=&#8221;mx-home-1-img&#8221;][vc_button size=&#8221;btn-xl&#8221; radius=&#8221;btn-square&#8221; hover_fx=&#8221;outlined&#8221; outline=&#8221;yes&#8221; custom_typo=&#8221;yes&#8221; font_family=&#8221;font-555555&#8243; font_weight=&#8221;400&#8243; border_width=&#8221;2&#8243; link=&#8221;url:https%3A%2F%2Fsensing.konicaminolta.us%2Fmx%2Fapplications%2Flight-measurement%2F|||&#8221;]Leer M\u00e1s[\/vc_button][\/vc_column][vc_column column_width_percent=&#8221;100&#8243; align_horizontal=&#8221;align_center&#8221; gutter_size=&#8221;2&#8243; back_color=&#8221;color-eeeeee&#8221; overlay_alpha=&#8221;50&#8243; shift_x=&#8221;0&#8243; shift_y=&#8221;0&#8243; shift_y_down=&#8221;0&#8243; z_index=&#8221;0&#8243; medium_width=&#8221;0&#8243; mobile_width=&#8221;0&#8243; width=&#8221;1\/3&#8243;][vc_custom_heading text_weight=&#8221;700&#8243; text_color=&#8221;color-005090&#8243;]<\/p>\n<h2 style=\"text-align: center;\">Color y Apariencia<\/h2>\n<p>[\/vc_custom_heading][vc_column_text]<\/p>\n<p style=\"text-align: center;\">Nuestras soluciones de alta precisi\u00f3n para la medici\u00f3n del color ayudan a las organizaciones a formular, evaluar y controlar el color para cumplir con los objetivos operacionales y alcanzar la calidad del producto en forma m\u00e1s eficiente.<\/p>\n<p>[\/vc_column_text][vc_single_image media=&#8221;473&#8243; media_width_percent=&#8221;75&#8243; media_ratio=&#8221;one-one&#8221; alignment=&#8221;center&#8221; shape=&#8221;img-circle&#8221; el_class=&#8221;mx-home-2-img&#8221;][vc_button size=&#8221;btn-xl&#8221; radius=&#8221;btn-square&#8221; hover_fx=&#8221;outlined&#8221; outline=&#8221;yes&#8221; custom_typo=&#8221;yes&#8221; font_family=&#8221;font-555555&#8243; font_weight=&#8221;400&#8243; border_width=&#8221;2&#8243; link=&#8221;url:https%3A%2F%2Fsensing.konicaminolta.us%2Fmx%2Fapplications%2Fcolor-measurement%2F|||&#8221;]Leer M\u00e1s[\/vc_button][\/vc_column][vc_column column_width_percent=&#8221;100&#8243; align_horizontal=&#8221;align_center&#8221; gutter_size=&#8221;2&#8243; back_color=&#8221;color-eeeeee&#8221; overlay_alpha=&#8221;50&#8243; shift_x=&#8221;0&#8243; shift_y=&#8221;0&#8243; shift_y_down=&#8221;0&#8243; z_index=&#8221;0&#8243; medium_width=&#8221;0&#8243; mobile_width=&#8221;0&#8243; width=&#8221;1\/3&#8243;][vc_custom_heading text_weight=&#8221;700&#8243; text_color=&#8221;color-005090&#8243;]<\/p>\n<h2 style=\"text-align: center;\">Servicios<\/h2>\n<p>[\/vc_custom_heading][vc_column_text]<\/p>\n<p style=\"text-align: center;\">Nuestro personal est\u00e1 integrado por t\u00e9cnicos certificados que brindan apoyo en hardware, software, y aplicaciones durante toda la vida \u00fatil de sus equipos. Los clientes del Centro de Servicio T\u00e9cnico, tienen garantizado el mismo nivel de servicio y cuidado que ponemos en nuestro trabajo de fabricaci\u00f3n.<\/p>\n<p>[\/vc_column_text][vc_single_image media=&#8221;11473&#8243; media_width_percent=&#8221;75&#8243; media_ratio=&#8221;one-one&#8221; alignment=&#8221;center&#8221; shape=&#8221;img-circle&#8221; media_link=&#8221;url:https%3A%2F%2Fsensing.konicaminolta.us%2Fmx%2Fservices%2F|title:Servicios||&#8221;][vc_button size=&#8221;btn-xl&#8221; radius=&#8221;btn-square&#8221; hover_fx=&#8221;outlined&#8221; outline=&#8221;yes&#8221; custom_typo=&#8221;yes&#8221; font_family=&#8221;font-555555&#8243; font_weight=&#8221;400&#8243; border_width=&#8221;2&#8243; link=&#8221;url:https%3A%2F%2Fsensing.konicaminolta.us%2Fmx%2Fservices%2F|||&#8221;]Leer M\u00e1s[\/vc_button][\/vc_column][\/vc_row][vc_row row_height_percent=&#8221;0&#8243; override_padding=&#8221;yes&#8221; h_padding=&#8221;2&#8243; top_padding=&#8221;0&#8243; bottom_padding=&#8221;0&#8243; back_color=&#8221;color-newsgradient&#8221; overlay_alpha=&#8221;50&#8243; gutter_size=&#8221;3&#8243; column_width_percent=&#8221;100&#8243; shift_y=&#8221;0&#8243; z_index=&#8221;0&#8243; row_height_pixel=&#8221;95&#8243; css=&#8221;.vc_custom_1580355734151{margin-top: 70px !important;}&#8221;][vc_column column_width_percent=&#8221;100&#8243; position_vertical=&#8221;middle&#8221; gutter_size=&#8221;3&#8243; overlay_alpha=&#8221;50&#8243; shift_x=&#8221;0&#8243; shift_y=&#8221;0&#8243; shift_y_down=&#8221;0&#8243; z_index=&#8221;0&#8243; medium_width=&#8221;0&#8243; mobile_width=&#8221;0&#8243; width=&#8221;1\/1&#8243;][vc_row_inner row_inner_height_percent=&#8221;100&#8243; overlay_alpha=&#8221;50&#8243; gutter_size=&#8221;3&#8243; shift_y=&#8221;0&#8243; z_index=&#8221;0&#8243;][vc_column_inner column_width_percent=&#8221;100&#8243; position_vertical=&#8221;middle&#8221; align_horizontal=&#8221;align_right&#8221; gutter_size=&#8221;0&#8243; overlay_alpha=&#8221;50&#8243; shift_x=&#8221;0&#8243; shift_y=&#8221;0&#8243; shift_y_down=&#8221;0&#8243; z_index=&#8221;0&#8243; medium_width=&#8221;0&#8243; mobile_width=&#8221;0&#8243; width=&#8221;2\/3&#8243;][vc_custom_heading heading_semantic=&#8221;p&#8221; text_size=&#8221;h4&#8243; text_weight=&#8221;500&#8243; text_italic=&#8221;yes&#8221; text_color=&#8221;color-xsdn&#8221;]Reciba correos electr\u00f3nicos de Konica Minolta Sensing[\/vc_custom_heading][\/vc_column_inner][vc_column_inner column_width_percent=&#8221;100&#8243; position_vertical=&#8221;middle&#8221; gutter_size=&#8221;0&#8243; overlay_alpha=&#8221;50&#8243; shift_x=&#8221;0&#8243; shift_y=&#8221;0&#8243; shift_y_down=&#8221;0&#8243; z_index=&#8221;0&#8243; medium_width=&#8221;0&#8243; mobile_width=&#8221;0&#8243; width=&#8221;1\/3&#8243;][vc_button button_color=&#8221;color-xsdn&#8221; size=&#8221;btn-lg&#8221; radius=&#8221;btn-square&#8221; hover_fx=&#8221;outlined&#8221; outline=&#8221;yes&#8221; border_width=&#8221;0&#8243; display=&#8221;inline&#8221; el_id=&#8221;newsletter-btn&#8221; link=&#8221;url:%2Fmx%2Fcontact-us%2Fnewsletter-signup%2F|||&#8221;]Subscr\u00edbase Aqu\u00ed[\/vc_button][\/vc_column_inner][\/vc_row_inner][\/vc_column][\/vc_row]<\/p>\n<\/div>","protected":false},"excerpt":{"rendered":"<p>[vc_row row_height_percent=&#8221;0&#8243; overlay_alpha=&#8221;50&#8243; equal_height=&#8221;yes&#8221; gutter_size=&#8221;3&#8243; column_width_percent=&#8221;100&#8243; shift_y=&#8221;0&#8243; z_index=&#8221;0&#8243; el_id=&#8221;homepage-boxes&#8221;][vc_column column_width_percent=&#8221;100&#8243; align_horizontal=&#8221;align_center&#8221; gutter_size=&#8221;2&#8243; back_color=&#8221;color-eeeeee&#8221; overlay_alpha=&#8221;50&#8243; shift_x=&#8221;0&#8243; shift_y=&#8221;0&#8243; shift_y_down=&#8221;0&#8243; z_index=&#8221;0&#8243; medium_width=&#8221;0&#8243; mobile_width=&#8221;0&#8243; [&hellip;]<\/p>\n","protected":false},"author":1,"featured_media":0,"parent":0,"menu_order":0,"comment_status":"closed","ping_status":"closed","template":"","meta":{"footnotes":""},"class_list":["post-11453","page","type-page","status-publish","hentry"],"acf":[],"yoast_head":"<!-- This site is optimized with the Yoast SEO Premium plugin v24.4 (Yoast SEO v24.4) - https:\/\/yoast.com\/wordpress\/plugins\/seo\/ -->\r\n<title>Konica Minolta Sensing Color, Luz, Pantalla LED y los Instrumentos de Medida<\/title>\r\n<meta name=\"description\" content=\"Konica Minolta Sensing Americas proporciona la medici\u00f3n del color, la medici\u00f3n de la pantalla y la luz, incluyendo espectrofot\u00f4metros y espectr\u00f4metros.\" \/>\r\n<meta name=\"robots\" content=\"index, follow, max-snippet:-1, max-image-preview:large, max-video-preview:-1\" \/>\r\n<link rel=\"canonical\" href=\"https:\/\/sensing.konicaminolta.us\/mx\/\" \/>\r\n<meta property=\"og:locale\" content=\"es_MX\" \/>\r\n<meta property=\"og:type\" content=\"article\" \/>\r\n<meta property=\"og:title\" content=\"Konica Minolta Sensing Color, Luz, Pantalla LED y los Instrumentos de Medida\" \/>\r\n<meta property=\"og:description\" content=\"Konica Minolta Sensing Americas proporciona la medici\u00f3n del color, la medici\u00f3n de la pantalla y la luz, incluyendo espectrofot\u00f4metros y espectr\u00f4metros.\" \/>\r\n<meta property=\"og:url\" content=\"https:\/\/sensing.konicaminolta.us\/mx\/\" \/>\r\n<meta property=\"og:site_name\" content=\"Konica Minolta Sensing\" \/>\r\n<meta property=\"article:publisher\" content=\"https:\/\/www.facebook.com\/KonicaMinoltaSensingAmericas\" \/>\r\n<meta property=\"article:modified_time\" content=\"2020-04-07T18:49:27+00:00\" \/>\r\n<meta property=\"og:image\" content=\"https:\/\/sensing.konicaminolta.us\/wp-content\/uploads\/konicalogo-4rpp4s6552.png\" \/>\r\n\t<meta property=\"og:image:width\" content=\"1280\" \/>\r\n\t<meta property=\"og:image:height\" content=\"743\" \/>\r\n\t<meta property=\"og:image:type\" content=\"image\/png\" \/>\r\n<meta name=\"twitter:card\" content=\"summary_large_image\" \/>\r\n<meta name=\"twitter:title\" content=\"Konica Minolta Sensing Color, Luz, Pantalla LED y los Instrumentos de Medida\" \/>\r\n<meta name=\"twitter:description\" content=\"Konica Minolta Sensing Americas proporciona la medici\u00f3n del color, la medici\u00f3n de la pantalla y la luz, incluyendo espectrofot\u00f4metros y espectr\u00f4metros.\" \/>\r\n<meta name=\"twitter:image\" content=\"https:\/\/sensing.konicaminolta.us\/wp-content\/uploads\/konicalogo-4rpp4s6552.png\" \/>\r\n<meta name=\"twitter:site\" content=\"@KMSensingUS\" \/>\r\n<meta name=\"twitter:label1\" content=\"Tiempo de lectura\" \/>\n\t<meta name=\"twitter:data1\" content=\"3 minutos\" \/>\r\n<script type=\"application\/ld+json\" class=\"yoast-schema-graph\">{\"@context\":\"https:\/\/schema.org\",\"@graph\":[{\"@type\":\"WebPage\",\"@id\":\"https:\/\/sensing.konicaminolta.us\/mx\/\",\"url\":\"https:\/\/sensing.konicaminolta.us\/mx\/\",\"name\":\"Konica Minolta Sensing Color, Luz, Pantalla LED y los Instrumentos de Medida\",\"isPartOf\":{\"@id\":\"https:\/\/sensing.konicaminolta.us\/mx\/#website\"},\"datePublished\":\"2020-03-17T03:27:57+00:00\",\"dateModified\":\"2020-04-07T18:49:27+00:00\",\"description\":\"Konica Minolta Sensing Americas proporciona la medici\u00f3n del color, la medici\u00f3n de la pantalla y la luz, incluyendo espectrofot\u00f4metros y espectr\u00f4metros.\",\"breadcrumb\":{\"@id\":\"https:\/\/sensing.konicaminolta.us\/mx\/#breadcrumb\"},\"inLanguage\":\"es\",\"potentialAction\":[{\"@type\":\"ReadAction\",\"target\":[\"https:\/\/sensing.konicaminolta.us\/mx\/\"]}]},{\"@type\":\"BreadcrumbList\",\"@id\":\"https:\/\/sensing.konicaminolta.us\/mx\/#breadcrumb\",\"itemListElement\":[{\"@type\":\"ListItem\",\"position\":1,\"name\":\"Home\",\"item\":\"https:\/\/sensing.konicaminolta.us\/mx\/\"},{\"@type\":\"ListItem\",\"position\":2,\"name\":\"Inicio\"}]},{\"@type\":\"WebSite\",\"@id\":\"https:\/\/sensing.konicaminolta.us\/mx\/#website\",\"url\":\"https:\/\/sensing.konicaminolta.us\/mx\/\",\"name\":\"Konica Minolta Sensing\",\"description\":\"Color, Light, and LED Measuring Instruments\",\"publisher\":{\"@id\":\"https:\/\/sensing.konicaminolta.us\/mx\/#organization\"},\"potentialAction\":[{\"@type\":\"SearchAction\",\"target\":{\"@type\":\"EntryPoint\",\"urlTemplate\":\"https:\/\/sensing.konicaminolta.us\/mx\/?s={search_term_string}\"},\"query-input\":{\"@type\":\"PropertyValueSpecification\",\"valueRequired\":true,\"valueName\":\"search_term_string\"}}],\"inLanguage\":\"es\"},{\"@type\":\"Organization\",\"@id\":\"https:\/\/sensing.konicaminolta.us\/mx\/#organization\",\"name\":\"Konica Minolta Sensing Americas\",\"url\":\"https:\/\/sensing.konicaminolta.us\/mx\/\",\"logo\":{\"@type\":\"ImageObject\",\"inLanguage\":\"es\",\"@id\":\"https:\/\/sensing.konicaminolta.us\/mx\/#\/schema\/logo\/image\/\",\"url\":\"https:\/\/sensing.konicaminolta.us\/wp-content\/uploads\/kmsa-vertical.png\",\"contentUrl\":\"https:\/\/sensing.konicaminolta.us\/wp-content\/uploads\/kmsa-vertical.png\",\"width\":195,\"height\":135,\"caption\":\"Konica Minolta Sensing Americas\"},\"image\":{\"@id\":\"https:\/\/sensing.konicaminolta.us\/mx\/#\/schema\/logo\/image\/\"},\"sameAs\":[\"https:\/\/www.facebook.com\/KonicaMinoltaSensingAmericas\",\"https:\/\/x.com\/KMSensingUS\",\"https:\/\/www.instagram.com\/kmsensingus\/\",\"http:\/\/www.linkedin.com\/company\/531676?trk=tyah\",\"https:\/\/www.pinterest.com\/KMSensingUS\/\",\"http:\/\/www.youtube.com\/KonicaMinoltaSense\"]}]}<\/script>\r\n<!-- \/ Yoast SEO Premium plugin. -->","yoast_head_json":{"title":"Konica Minolta Sensing Color, Luz, Pantalla LED y los Instrumentos de Medida","description":"Konica Minolta Sensing Americas proporciona la medici\u00f3n del color, la medici\u00f3n de la pantalla y la luz, incluyendo espectrofot\u00f4metros y espectr\u00f4metros.","robots":{"index":"index","follow":"follow","max-snippet":"max-snippet:-1","max-image-preview":"max-image-preview:large","max-video-preview":"max-video-preview:-1"},"canonical":"https:\/\/sensing.konicaminolta.us\/mx\/","og_locale":"es_MX","og_type":"article","og_title":"Konica Minolta Sensing Color, Luz, Pantalla LED y los Instrumentos de Medida","og_description":"Konica Minolta Sensing Americas proporciona la medici\u00f3n del color, la medici\u00f3n de la pantalla y la luz, incluyendo espectrofot\u00f4metros y espectr\u00f4metros.","og_url":"https:\/\/sensing.konicaminolta.us\/mx\/","og_site_name":"Konica Minolta Sensing","article_publisher":"https:\/\/www.facebook.com\/KonicaMinoltaSensingAmericas","article_modified_time":"2020-04-07T18:49:27+00:00","og_image":[{"width":1280,"height":743,"url":"https:\/\/sensing.konicaminolta.us\/wp-content\/uploads\/konicalogo-4rpp4s6552.png","type":"image\/png"}],"twitter_card":"summary_large_image","twitter_title":"Konica Minolta Sensing Color, Luz, Pantalla LED y los Instrumentos de Medida","twitter_description":"Konica Minolta Sensing Americas proporciona la medici\u00f3n del color, la medici\u00f3n de la pantalla y la luz, incluyendo espectrofot\u00f4metros y espectr\u00f4metros.","twitter_image":"https:\/\/sensing.konicaminolta.us\/wp-content\/uploads\/konicalogo-4rpp4s6552.png","twitter_site":"@KMSensingUS","twitter_misc":{"Tiempo de lectura":"3 minutos"},"schema":{"@context":"https:\/\/schema.org","@graph":[{"@type":"WebPage","@id":"https:\/\/sensing.konicaminolta.us\/mx\/","url":"https:\/\/sensing.konicaminolta.us\/mx\/","name":"Konica Minolta Sensing Color, Luz, Pantalla LED y los Instrumentos de Medida","isPartOf":{"@id":"https:\/\/sensing.konicaminolta.us\/mx\/#website"},"datePublished":"2020-03-17T03:27:57+00:00","dateModified":"2020-04-07T18:49:27+00:00","description":"Konica Minolta Sensing Americas proporciona la medici\u00f3n del color, la medici\u00f3n de la pantalla y la luz, incluyendo espectrofot\u00f4metros y espectr\u00f4metros.","breadcrumb":{"@id":"https:\/\/sensing.konicaminolta.us\/mx\/#breadcrumb"},"inLanguage":"es","potentialAction":[{"@type":"ReadAction","target":["https:\/\/sensing.konicaminolta.us\/mx\/"]}]},{"@type":"BreadcrumbList","@id":"https:\/\/sensing.konicaminolta.us\/mx\/#breadcrumb","itemListElement":[{"@type":"ListItem","position":1,"name":"Home","item":"https:\/\/sensing.konicaminolta.us\/mx\/"},{"@type":"ListItem","position":2,"name":"Inicio"}]},{"@type":"WebSite","@id":"https:\/\/sensing.konicaminolta.us\/mx\/#website","url":"https:\/\/sensing.konicaminolta.us\/mx\/","name":"Konica Minolta Sensing","description":"Color, Light, and LED Measuring Instruments","publisher":{"@id":"https:\/\/sensing.konicaminolta.us\/mx\/#organization"},"potentialAction":[{"@type":"SearchAction","target":{"@type":"EntryPoint","urlTemplate":"https:\/\/sensing.konicaminolta.us\/mx\/?s={search_term_string}"},"query-input":{"@type":"PropertyValueSpecification","valueRequired":true,"valueName":"search_term_string"}}],"inLanguage":"es"},{"@type":"Organization","@id":"https:\/\/sensing.konicaminolta.us\/mx\/#organization","name":"Konica Minolta Sensing Americas","url":"https:\/\/sensing.konicaminolta.us\/mx\/","logo":{"@type":"ImageObject","inLanguage":"es","@id":"https:\/\/sensing.konicaminolta.us\/mx\/#\/schema\/logo\/image\/","url":"https:\/\/sensing.konicaminolta.us\/wp-content\/uploads\/kmsa-vertical.png","contentUrl":"https:\/\/sensing.konicaminolta.us\/wp-content\/uploads\/kmsa-vertical.png","width":195,"height":135,"caption":"Konica Minolta Sensing Americas"},"image":{"@id":"https:\/\/sensing.konicaminolta.us\/mx\/#\/schema\/logo\/image\/"},"sameAs":["https:\/\/www.facebook.com\/KonicaMinoltaSensingAmericas","https:\/\/x.com\/KMSensingUS","https:\/\/www.instagram.com\/kmsensingus\/","http:\/\/www.linkedin.com\/company\/531676?trk=tyah","https:\/\/www.pinterest.com\/KMSensingUS\/","http:\/\/www.youtube.com\/KonicaMinoltaSense"]}]}},"_links":{"self":[{"href":"https:\/\/sensing.konicaminolta.us\/mx\/wp-json\/wp\/v2\/pages\/11453","targetHints":{"allow":["GET"]}}],"collection":[{"href":"https:\/\/sensing.konicaminolta.us\/mx\/wp-json\/wp\/v2\/pages"}],"about":[{"href":"https:\/\/sensing.konicaminolta.us\/mx\/wp-json\/wp\/v2\/types\/page"}],"author":[{"embeddable":true,"href":"https:\/\/sensing.konicaminolta.us\/mx\/wp-json\/wp\/v2\/users\/1"}],"replies":[{"embeddable":true,"href":"https:\/\/sensing.konicaminolta.us\/mx\/wp-json\/wp\/v2\/comments?post=11453"}],"version-history":[{"count":0,"href":"https:\/\/sensing.konicaminolta.us\/mx\/wp-json\/wp\/v2\/pages\/11453\/revisions"}],"wp:attachment":[{"href":"https:\/\/sensing.konicaminolta.us\/mx\/wp-json\/wp\/v2\/media?parent=11453"}],"curies":[{"name":"wp","href":"https:\/\/api.w.org\/{rel}","templated":true}]}}