{"id":11624,"date":"2020-03-19T18:28:21","date_gmt":"2020-03-19T22:28:21","guid":{"rendered":"https:\/\/sensing.konicaminolta.us\/color-measurement\/"},"modified":"2022-10-11T09:02:35","modified_gmt":"2022-10-11T13:02:35","slug":"color-measurement","status":"publish","type":"page","link":"https:\/\/sensing.konicaminolta.us\/mx\/learning-center\/color-measurement\/","title":{"rendered":"Fundamentos de la Medici\u00f3n de Color"},"content":{"rendered":"<div class=\"wpb-content-wrapper\"><p>[vc_row row_height_percent=&#8221;0&#8243; override_padding=&#8221;yes&#8221; h_padding=&#8221;2&#8243; top_padding=&#8221;0&#8243; bottom_padding=&#8221;2&#8243; overlay_alpha=&#8221;50&#8243; gutter_size=&#8221;3&#8243; column_width_percent=&#8221;100&#8243; shift_y=&#8221;0&#8243; z_index=&#8221;0&#8243; shape_dividers=&#8221;&#8221;][vc_column width=&#8221;1\/1&#8243;][uncode_block id=&#8221;10959&#8243; inside_column=&#8221;yes&#8221;][\/vc_column][\/vc_row][vc_row row_height_percent=&#8221;0&#8243; override_padding=&#8221;yes&#8221; h_padding=&#8221;2&#8243; top_padding=&#8221;1&#8243; bottom_padding=&#8221;2&#8243; overlay_alpha=&#8221;50&#8243; gutter_size=&#8221;3&#8243; column_width_percent=&#8221;100&#8243; shift_y=&#8221;0&#8243; z_index=&#8221;0&#8243;][vc_column column_width_percent=&#8221;100&#8243; gutter_size=&#8221;2&#8243; overlay_alpha=&#8221;50&#8243; shift_x=&#8221;0&#8243; shift_y=&#8221;0&#8243; shift_y_down=&#8221;0&#8243; z_index=&#8221;0&#8243; medium_width=&#8221;0&#8243; mobile_width=&#8221;0&#8243; width=&#8221;1\/1&#8243;][vc_custom_heading heading_semantic=&#8221;h1&#8243; text_size=&#8221;h3&#8243; separator=&#8221;yes&#8221; separator_color=&#8221;yes&#8221;]Medici\u00f3n del Color[\/vc_custom_heading][vc_column_text]Un infinito n\u00famero de colores nos rodean constantemente. Todos consideramos el color como algo seguro, pero este tiene una gran variedad de roles en nuestras vidas: no s\u00f3lo influencia en nuestro gusto por alimentos y otras compras, el color de cara de una persona tambi\u00e9n nos puede decir sobre la salud de ella. Aunque el color nos afecta tanto y su importancia contin\u00faa creciendo, nuestro conocimiento del color y su control es insuficiente, lo que genera gran variedad de problemas a la hora de decidir el color de un producto o de realizar transacciones comerciales relacionadas al color. Dado que el juicio se realiza a menudo seg\u00fan las impresiones o experiencias de una persona, es imposible para todos controlar el color en forma precisa usando est\u00e1ndares comunes y uniformes. \u00bfExiste alguna forma en la que podamos expresar un color dado en forma precisa, describir el color de otra persona, y hacer que la otra persona reproduzca correctamente el color que percibimos? \u00bfC\u00f3mo la comunicaci\u00f3n de color entre los distintos campos de la industria y su estudio puede ser desarrollada sin problemas? Claramente necesitamos m\u00e1s informaci\u00f3n y conocimiento sobre el color.<\/p>\n<p>Descargue aqu\u00ed nuestro documento sobre <a href=\"\/mx\/learning-center\/white-papers\/precise-color-communication\/\">Comunicaci\u00f3n Precisa de los Colores<\/a><\/p>\n<p>&nbsp;<\/p>\n<p><img decoding=\"async\" class=\"aligncenter wp-image-10908 size-full\" src=\"https:\/\/sensing.konicaminolta.us\/wp-content\/uploads\/lc-color-basics-collage.jpg\" alt=\"Color Collage\" width=\"696\" height=\"298\" srcset=\"https:\/\/sensing.konicaminolta.us\/wp-content\/uploads\/lc-color-basics-collage.jpg 696w, https:\/\/sensing.konicaminolta.us\/wp-content\/uploads\/lc-color-basics-collage-300x128.jpg 300w\" sizes=\"(max-width: 696px) 100vw, 696px\" \/>[\/vc_column_text][\/vc_column][\/vc_row]<\/p>\n<\/div>","protected":false},"excerpt":{"rendered":"<p>[vc_row row_height_percent=&#8221;0&#8243; override_padding=&#8221;yes&#8221; h_padding=&#8221;2&#8243; top_padding=&#8221;0&#8243; bottom_padding=&#8221;2&#8243; overlay_alpha=&#8221;50&#8243; gutter_size=&#8221;3&#8243; column_width_percent=&#8221;100&#8243; shift_y=&#8221;0&#8243; z_index=&#8221;0&#8243; shape_dividers=&#8221;&#8221;][vc_column width=&#8221;1\/1&#8243;][uncode_block id=&#8221;10959&#8243; inside_column=&#8221;yes&#8221;][\/vc_column][\/vc_row][vc_row row_height_percent=&#8221;0&#8243; override_padding=&#8221;yes&#8221; h_padding=&#8221;2&#8243; top_padding=&#8221;1&#8243; bottom_padding=&#8221;2&#8243; [&hellip;]<\/p>\n","protected":false},"author":1,"featured_media":0,"parent":11627,"menu_order":0,"comment_status":"closed","ping_status":"closed","template":"","meta":{"footnotes":""},"class_list":["post-11624","page","type-page","status-publish","hentry"],"acf":[],"yoast_head":"<!-- This site is optimized with the Yoast SEO Premium plugin v24.4 (Yoast SEO v24.4) - https:\/\/yoast.com\/wordpress\/plugins\/seo\/ -->\r\n<title>Fundamentos de la Medici\u00f3n de Color | Konica Minolta Sensing<\/title>\r\n<meta name=\"description\" content=\"Conocimiento del color, Conocimiento por el color. En cualquier entorno, el color Ilama la atenci\u00f3n.\" \/>\r\n<meta name=\"robots\" content=\"index, follow, max-snippet:-1, max-image-preview:large, max-video-preview:-1\" \/>\r\n<link rel=\"canonical\" href=\"https:\/\/sensing.konicaminolta.us\/mx\/learning-center\/color-measurement\/\" \/>\r\n<meta property=\"og:locale\" content=\"es_MX\" \/>\r\n<meta property=\"og:type\" content=\"article\" \/>\r\n<meta property=\"og:title\" content=\"Fundamentos de la Medici\u00f3n de Color | Konica Minolta Sensing\" \/>\r\n<meta property=\"og:description\" content=\"Conocimiento del color, Conocimiento por el color. En cualquier entorno, el color Ilama la atenci\u00f3n.\" \/>\r\n<meta property=\"og:url\" content=\"https:\/\/sensing.konicaminolta.us\/mx\/learning-center\/color-measurement\/\" \/>\r\n<meta property=\"og:site_name\" content=\"Konica Minolta Sensing\" \/>\r\n<meta property=\"article:publisher\" content=\"https:\/\/www.facebook.com\/KonicaMinoltaSensingAmericas\" \/>\r\n<meta property=\"article:modified_time\" content=\"2022-10-11T13:02:35+00:00\" \/>\r\n<meta property=\"og:image\" content=\"https:\/\/sensing.konicaminolta.us\/wp-content\/uploads\/14kmus_10oct_learning-center-banner-5a036ze338.jpg\" \/>\r\n\t<meta property=\"og:image:width\" content=\"1130\" \/>\r\n\t<meta property=\"og:image:height\" content=\"253\" \/>\r\n\t<meta property=\"og:image:type\" content=\"image\/jpeg\" \/>\r\n<meta name=\"twitter:card\" content=\"summary_large_image\" \/>\r\n<meta name=\"twitter:title\" content=\"Fundamentos de la Medici\u00f3n de Color | Konica Minolta Sensing\" \/>\r\n<meta name=\"twitter:description\" content=\"Conocimiento del color, Conocimiento por el color. En cualquier entorno, el color Ilama la atenci\u00f3n.\" \/>\r\n<meta name=\"twitter:site\" content=\"@KMSensingUS\" \/>\r\n<meta name=\"twitter:label1\" content=\"Tiempo de lectura\" \/>\n\t<meta name=\"twitter:data1\" content=\"2 minutos\" \/>\r\n<script type=\"application\/ld+json\" class=\"yoast-schema-graph\">{\"@context\":\"https:\/\/schema.org\",\"@graph\":[{\"@type\":\"WebPage\",\"@id\":\"https:\/\/sensing.konicaminolta.us\/mx\/learning-center\/color-measurement\/\",\"url\":\"https:\/\/sensing.konicaminolta.us\/mx\/learning-center\/color-measurement\/\",\"name\":\"Fundamentos de la Medici\u00f3n de Color | Konica Minolta Sensing\",\"isPartOf\":{\"@id\":\"https:\/\/sensing.konicaminolta.us\/mx\/#website\"},\"primaryImageOfPage\":{\"@id\":\"https:\/\/sensing.konicaminolta.us\/mx\/learning-center\/color-measurement\/#primaryimage\"},\"image\":{\"@id\":\"https:\/\/sensing.konicaminolta.us\/mx\/learning-center\/color-measurement\/#primaryimage\"},\"thumbnailUrl\":\"https:\/\/sensing.konicaminolta.us\/wp-content\/uploads\/lc-color-basics-collage.jpg\",\"datePublished\":\"2020-03-19T22:28:21+00:00\",\"dateModified\":\"2022-10-11T13:02:35+00:00\",\"description\":\"Conocimiento del color, Conocimiento por el color. En cualquier entorno, el color Ilama la atenci\u00f3n.\",\"breadcrumb\":{\"@id\":\"https:\/\/sensing.konicaminolta.us\/mx\/learning-center\/color-measurement\/#breadcrumb\"},\"inLanguage\":\"es\",\"potentialAction\":[{\"@type\":\"ReadAction\",\"target\":[\"https:\/\/sensing.konicaminolta.us\/mx\/learning-center\/color-measurement\/\"]}]},{\"@type\":\"ImageObject\",\"inLanguage\":\"es\",\"@id\":\"https:\/\/sensing.konicaminolta.us\/mx\/learning-center\/color-measurement\/#primaryimage\",\"url\":\"https:\/\/sensing.konicaminolta.us\/wp-content\/uploads\/lc-color-basics-collage.jpg\",\"contentUrl\":\"https:\/\/sensing.konicaminolta.us\/wp-content\/uploads\/lc-color-basics-collage.jpg\"},{\"@type\":\"BreadcrumbList\",\"@id\":\"https:\/\/sensing.konicaminolta.us\/mx\/learning-center\/color-measurement\/#breadcrumb\",\"itemListElement\":[{\"@type\":\"ListItem\",\"position\":1,\"name\":\"Home\",\"item\":\"https:\/\/sensing.konicaminolta.us\/mx\/\"},{\"@type\":\"ListItem\",\"position\":2,\"name\":\"Centro de Aprendizaje\",\"item\":\"https:\/\/sensing.konicaminolta.us\/mx\/learning-center\/\"},{\"@type\":\"ListItem\",\"position\":3,\"name\":\"Fundamentos de la Medici\u00f3n de Color\"}]},{\"@type\":\"WebSite\",\"@id\":\"https:\/\/sensing.konicaminolta.us\/mx\/#website\",\"url\":\"https:\/\/sensing.konicaminolta.us\/mx\/\",\"name\":\"Konica Minolta Sensing\",\"description\":\"Color, Light, and LED Measuring Instruments\",\"publisher\":{\"@id\":\"https:\/\/sensing.konicaminolta.us\/mx\/#organization\"},\"potentialAction\":[{\"@type\":\"SearchAction\",\"target\":{\"@type\":\"EntryPoint\",\"urlTemplate\":\"https:\/\/sensing.konicaminolta.us\/mx\/?s={search_term_string}\"},\"query-input\":{\"@type\":\"PropertyValueSpecification\",\"valueRequired\":true,\"valueName\":\"search_term_string\"}}],\"inLanguage\":\"es\"},{\"@type\":\"Organization\",\"@id\":\"https:\/\/sensing.konicaminolta.us\/mx\/#organization\",\"name\":\"Konica Minolta Sensing Americas\",\"url\":\"https:\/\/sensing.konicaminolta.us\/mx\/\",\"logo\":{\"@type\":\"ImageObject\",\"inLanguage\":\"es\",\"@id\":\"https:\/\/sensing.konicaminolta.us\/mx\/#\/schema\/logo\/image\/\",\"url\":\"https:\/\/sensing.konicaminolta.us\/wp-content\/uploads\/kmsa-vertical.png\",\"contentUrl\":\"https:\/\/sensing.konicaminolta.us\/wp-content\/uploads\/kmsa-vertical.png\",\"width\":195,\"height\":135,\"caption\":\"Konica Minolta Sensing Americas\"},\"image\":{\"@id\":\"https:\/\/sensing.konicaminolta.us\/mx\/#\/schema\/logo\/image\/\"},\"sameAs\":[\"https:\/\/www.facebook.com\/KonicaMinoltaSensingAmericas\",\"https:\/\/x.com\/KMSensingUS\",\"https:\/\/www.instagram.com\/kmsensingus\/\",\"http:\/\/www.linkedin.com\/company\/531676?trk=tyah\",\"https:\/\/www.pinterest.com\/KMSensingUS\/\",\"http:\/\/www.youtube.com\/KonicaMinoltaSense\"]}]}<\/script>\r\n<!-- \/ Yoast SEO Premium plugin. -->","yoast_head_json":{"title":"Fundamentos de la Medici\u00f3n de Color | Konica Minolta Sensing","description":"Conocimiento del color, Conocimiento por el color. En cualquier entorno, el color Ilama la atenci\u00f3n.","robots":{"index":"index","follow":"follow","max-snippet":"max-snippet:-1","max-image-preview":"max-image-preview:large","max-video-preview":"max-video-preview:-1"},"canonical":"https:\/\/sensing.konicaminolta.us\/mx\/learning-center\/color-measurement\/","og_locale":"es_MX","og_type":"article","og_title":"Fundamentos de la Medici\u00f3n de Color | Konica Minolta Sensing","og_description":"Conocimiento del color, Conocimiento por el color. En cualquier entorno, el color Ilama la atenci\u00f3n.","og_url":"https:\/\/sensing.konicaminolta.us\/mx\/learning-center\/color-measurement\/","og_site_name":"Konica Minolta Sensing","article_publisher":"https:\/\/www.facebook.com\/KonicaMinoltaSensingAmericas","article_modified_time":"2022-10-11T13:02:35+00:00","og_image":[{"width":1130,"height":253,"url":"https:\/\/sensing.konicaminolta.us\/wp-content\/uploads\/14kmus_10oct_learning-center-banner-5a036ze338.jpg","type":"image\/jpeg"}],"twitter_card":"summary_large_image","twitter_title":"Fundamentos de la Medici\u00f3n de Color | Konica Minolta Sensing","twitter_description":"Conocimiento del color, Conocimiento por el color. En cualquier entorno, el color Ilama la atenci\u00f3n.","twitter_site":"@KMSensingUS","twitter_misc":{"Tiempo de lectura":"2 minutos"},"schema":{"@context":"https:\/\/schema.org","@graph":[{"@type":"WebPage","@id":"https:\/\/sensing.konicaminolta.us\/mx\/learning-center\/color-measurement\/","url":"https:\/\/sensing.konicaminolta.us\/mx\/learning-center\/color-measurement\/","name":"Fundamentos de la Medici\u00f3n de Color | Konica Minolta Sensing","isPartOf":{"@id":"https:\/\/sensing.konicaminolta.us\/mx\/#website"},"primaryImageOfPage":{"@id":"https:\/\/sensing.konicaminolta.us\/mx\/learning-center\/color-measurement\/#primaryimage"},"image":{"@id":"https:\/\/sensing.konicaminolta.us\/mx\/learning-center\/color-measurement\/#primaryimage"},"thumbnailUrl":"https:\/\/sensing.konicaminolta.us\/wp-content\/uploads\/lc-color-basics-collage.jpg","datePublished":"2020-03-19T22:28:21+00:00","dateModified":"2022-10-11T13:02:35+00:00","description":"Conocimiento del color, Conocimiento por el color. En cualquier entorno, el color Ilama la atenci\u00f3n.","breadcrumb":{"@id":"https:\/\/sensing.konicaminolta.us\/mx\/learning-center\/color-measurement\/#breadcrumb"},"inLanguage":"es","potentialAction":[{"@type":"ReadAction","target":["https:\/\/sensing.konicaminolta.us\/mx\/learning-center\/color-measurement\/"]}]},{"@type":"ImageObject","inLanguage":"es","@id":"https:\/\/sensing.konicaminolta.us\/mx\/learning-center\/color-measurement\/#primaryimage","url":"https:\/\/sensing.konicaminolta.us\/wp-content\/uploads\/lc-color-basics-collage.jpg","contentUrl":"https:\/\/sensing.konicaminolta.us\/wp-content\/uploads\/lc-color-basics-collage.jpg"},{"@type":"BreadcrumbList","@id":"https:\/\/sensing.konicaminolta.us\/mx\/learning-center\/color-measurement\/#breadcrumb","itemListElement":[{"@type":"ListItem","position":1,"name":"Home","item":"https:\/\/sensing.konicaminolta.us\/mx\/"},{"@type":"ListItem","position":2,"name":"Centro de Aprendizaje","item":"https:\/\/sensing.konicaminolta.us\/mx\/learning-center\/"},{"@type":"ListItem","position":3,"name":"Fundamentos de la Medici\u00f3n de Color"}]},{"@type":"WebSite","@id":"https:\/\/sensing.konicaminolta.us\/mx\/#website","url":"https:\/\/sensing.konicaminolta.us\/mx\/","name":"Konica Minolta Sensing","description":"Color, Light, and LED Measuring Instruments","publisher":{"@id":"https:\/\/sensing.konicaminolta.us\/mx\/#organization"},"potentialAction":[{"@type":"SearchAction","target":{"@type":"EntryPoint","urlTemplate":"https:\/\/sensing.konicaminolta.us\/mx\/?s={search_term_string}"},"query-input":{"@type":"PropertyValueSpecification","valueRequired":true,"valueName":"search_term_string"}}],"inLanguage":"es"},{"@type":"Organization","@id":"https:\/\/sensing.konicaminolta.us\/mx\/#organization","name":"Konica Minolta Sensing Americas","url":"https:\/\/sensing.konicaminolta.us\/mx\/","logo":{"@type":"ImageObject","inLanguage":"es","@id":"https:\/\/sensing.konicaminolta.us\/mx\/#\/schema\/logo\/image\/","url":"https:\/\/sensing.konicaminolta.us\/wp-content\/uploads\/kmsa-vertical.png","contentUrl":"https:\/\/sensing.konicaminolta.us\/wp-content\/uploads\/kmsa-vertical.png","width":195,"height":135,"caption":"Konica Minolta Sensing Americas"},"image":{"@id":"https:\/\/sensing.konicaminolta.us\/mx\/#\/schema\/logo\/image\/"},"sameAs":["https:\/\/www.facebook.com\/KonicaMinoltaSensingAmericas","https:\/\/x.com\/KMSensingUS","https:\/\/www.instagram.com\/kmsensingus\/","http:\/\/www.linkedin.com\/company\/531676?trk=tyah","https:\/\/www.pinterest.com\/KMSensingUS\/","http:\/\/www.youtube.com\/KonicaMinoltaSense"]}]}},"_links":{"self":[{"href":"https:\/\/sensing.konicaminolta.us\/mx\/wp-json\/wp\/v2\/pages\/11624","targetHints":{"allow":["GET"]}}],"collection":[{"href":"https:\/\/sensing.konicaminolta.us\/mx\/wp-json\/wp\/v2\/pages"}],"about":[{"href":"https:\/\/sensing.konicaminolta.us\/mx\/wp-json\/wp\/v2\/types\/page"}],"author":[{"embeddable":true,"href":"https:\/\/sensing.konicaminolta.us\/mx\/wp-json\/wp\/v2\/users\/1"}],"replies":[{"embeddable":true,"href":"https:\/\/sensing.konicaminolta.us\/mx\/wp-json\/wp\/v2\/comments?post=11624"}],"version-history":[{"count":1,"href":"https:\/\/sensing.konicaminolta.us\/mx\/wp-json\/wp\/v2\/pages\/11624\/revisions"}],"predecessor-version":[{"id":23364,"href":"https:\/\/sensing.konicaminolta.us\/mx\/wp-json\/wp\/v2\/pages\/11624\/revisions\/23364"}],"up":[{"embeddable":true,"href":"https:\/\/sensing.konicaminolta.us\/mx\/wp-json\/wp\/v2\/pages\/11627"}],"wp:attachment":[{"href":"https:\/\/sensing.konicaminolta.us\/mx\/wp-json\/wp\/v2\/media?parent=11624"}],"curies":[{"name":"wp","href":"https:\/\/api.w.org\/{rel}","templated":true}]}}