{"id":11627,"date":"2020-02-06T16:44:45","date_gmt":"2020-02-06T21:44:45","guid":{"rendered":"https:\/\/sensing.konicaminolta.us\/learning-center\/"},"modified":"2022-07-25T10:19:48","modified_gmt":"2022-07-25T14:19:48","slug":"learning-center","status":"publish","type":"page","link":"https:\/\/sensing.konicaminolta.us\/mx\/learning-center\/","title":{"rendered":"Centro de Aprendizaje"},"content":{"rendered":"<div class=\"wpb-content-wrapper\"><p>[vc_row row_height_percent=&#8221;0&#8243; override_padding=&#8221;yes&#8221; h_padding=&#8221;2&#8243; top_padding=&#8221;0&#8243; bottom_padding=&#8221;0&#8243; overlay_alpha=&#8221;50&#8243; gutter_size=&#8221;3&#8243; column_width_percent=&#8221;100&#8243; shift_y=&#8221;0&#8243; z_index=&#8221;0&#8243;][vc_column width=&#8221;1\/1&#8243;][vc_single_image media=&#8221;2400&#8243; media_width_percent=&#8221;100&#8243; alignment=&#8221;center&#8221;][\/vc_column][\/vc_row][vc_row row_height_percent=&#8221;0&#8243; overlay_alpha=&#8221;50&#8243; gutter_size=&#8221;3&#8243; column_width_percent=&#8221;100&#8243; shift_y=&#8221;0&#8243; z_index=&#8221;0&#8243;][vc_column column_width_percent=&#8221;100&#8243; position_vertical=&#8221;middle&#8221; gutter_size=&#8221;3&#8243; overlay_alpha=&#8221;50&#8243; shift_x=&#8221;0&#8243; shift_y=&#8221;0&#8243; shift_y_down=&#8221;0&#8243; z_index=&#8221;0&#8243; medium_width=&#8221;0&#8243; mobile_width=&#8221;0&#8243; width=&#8221;1\/1&#8243;][vc_row_inner row_inner_height_percent=&#8221;0&#8243; overlay_alpha=&#8221;50&#8243; gutter_size=&#8221;3&#8243; shift_y=&#8221;0&#8243; z_index=&#8221;0&#8243;][vc_column_inner width=&#8221;3\/12&#8243;][vc_single_image media=&#8221;2405&#8243; media_width_percent=&#8221;90&#8243; media_link=&#8221;url:%2Fmx%2Fblog%2F|title:Blog||&#8221;][\/vc_column_inner][vc_column_inner column_width_percent=&#8221;100&#8243; position_vertical=&#8221;middle&#8221; gutter_size=&#8221;3&#8243; overlay_alpha=&#8221;50&#8243; shift_x=&#8221;0&#8243; shift_y=&#8221;0&#8243; shift_y_down=&#8221;0&#8243; z_index=&#8221;0&#8243; medium_width=&#8221;0&#8243; mobile_width=&#8221;0&#8243; width=&#8221;9\/12&#8243;][vc_column_text el_class=&#8221;text-block&#8221;]<strong>Blogs<\/strong><\/p>\n<p>Averig\u00fce lo que est\u00e1 sucediendo en la industria con el blog oficial de Konica Minolta Sensing. Nuestros expertos dan informaci\u00f3n de primera mano sobre productos, caracter\u00edsticas , aplicaciones y noticias de la industria que le dan acceso a todas las cosas de Konica Minolta.<\/p>\n<p><a href=\"https:\/\/sensing.konicaminolta.us\/mx\/blog\/\">Haga clic aqu\u00ed pra ver Blogs<\/a>[\/vc_column_text][\/vc_column_inner][\/vc_row_inner][vc_row_inner row_inner_height_percent=&#8221;0&#8243; overlay_alpha=&#8221;50&#8243; gutter_size=&#8221;3&#8243; shift_y=&#8221;0&#8243; z_index=&#8221;0&#8243;][vc_column_inner width=&#8221;3\/12&#8243;][vc_single_image media=&#8221;2417&#8243; media_width_percent=&#8221;90&#8243; media_link=&#8221;url:https%3A%2F%2Fsensing.konicaminolta.us%2Fmx%2Flearning-center%2Fyoutube%2F|title:Blog||&#8221;][\/vc_column_inner][vc_column_inner column_width_percent=&#8221;100&#8243; position_vertical=&#8221;middle&#8221; gutter_size=&#8221;3&#8243; overlay_alpha=&#8221;50&#8243; shift_x=&#8221;0&#8243; shift_y=&#8221;0&#8243; shift_y_down=&#8221;0&#8243; z_index=&#8221;0&#8243; medium_width=&#8221;0&#8243; mobile_width=&#8221;0&#8243; width=&#8221;9\/12&#8243;][vc_column_text el_class=&#8221;text-block&#8221;]<strong>Galer\u00eda de Videos<\/strong><\/p>\n<p>Con m\u00e1s de 30 v\u00eddeos en nuestra colecci\u00f3n, Konica Minolta Sensing est\u00e1 cambiando la forma de llevar la informaci\u00f3n hacia usted. Navegar a trav\u00e9s de nuestro canal es f\u00e1cil de hacer con videos segmentados por enfoque de producto: Color y Luz y Pantalla. Muchos de nuestros videos est\u00e1n disponibles ahora en espa\u00f1ol y Portugu\u00e9s. Estamos subiendo regularmente videos en nuestro canal de YouTube, as\u00ed que aseg\u00farese de visitar a menudo.<\/p>\n<p><a href=\"https:\/\/sensing.konicaminolta.us\/mx\/learning-center\/youtube\/\">Haga clic aqu\u00ed para ver Videos<\/a>[\/vc_column_text][\/vc_column_inner][\/vc_row_inner][vc_row_inner row_inner_height_percent=&#8221;0&#8243; overlay_alpha=&#8221;50&#8243; gutter_size=&#8221;3&#8243; shift_y=&#8221;0&#8243; z_index=&#8221;0&#8243;][vc_column_inner width=&#8221;3\/12&#8243;][vc_single_image media=&#8221;2420&#8243; media_width_percent=&#8221;90&#8243; media_link=&#8221;url:%2Fmx%2Flearning-center%2Fwhite-papers%2F|title:Blog||&#8221;][\/vc_column_inner][vc_column_inner column_width_percent=&#8221;100&#8243; position_vertical=&#8221;middle&#8221; gutter_size=&#8221;3&#8243; overlay_alpha=&#8221;50&#8243; shift_x=&#8221;0&#8243; shift_y=&#8221;0&#8243; shift_y_down=&#8221;0&#8243; z_index=&#8221;0&#8243; medium_width=&#8221;0&#8243; mobile_width=&#8221;0&#8243; width=&#8221;9\/12&#8243;][vc_column_text el_class=&#8221;text-block&#8221;]<strong>Documentos T\u00e9cnicos<\/strong><\/p>\n<p>Documentos T\u00e9cnicos avanzados escritos por nuestros ingenieros. Estos documentos ofrecen informaci\u00f3n espec\u00edfica de la industria y aplicaciones. Para aprender m\u00e1s acerca de nuestros documentos t\u00e9cnicos, complete el siguiente formulario y le enviaremos los documentos.<\/p>\n<p><a href=\"\/mx\/learning-center\/white-papers\/\"> Haga clic aqu\u00ed para ver los Documentos T\u00e9cnicos<\/a>[\/vc_column_text][\/vc_column_inner][\/vc_row_inner][vc_row_inner row_inner_height_percent=&#8221;0&#8243; overlay_alpha=&#8221;50&#8243; gutter_size=&#8221;3&#8243; shift_y=&#8221;0&#8243; z_index=&#8221;0&#8243;][vc_column_inner width=&#8221;3\/12&#8243;][vc_single_image media=&#8221;2423&#8243; media_width_percent=&#8221;90&#8243; media_link=&#8221;url:%2Fmx%2Fnewsletter-archive%2F|title:Blog||&#8221;][\/vc_column_inner][vc_column_inner column_width_percent=&#8221;100&#8243; position_vertical=&#8221;middle&#8221; gutter_size=&#8221;3&#8243; overlay_alpha=&#8221;50&#8243; shift_x=&#8221;0&#8243; shift_y=&#8221;0&#8243; shift_y_down=&#8221;0&#8243; z_index=&#8221;0&#8243; medium_width=&#8221;0&#8243; mobile_width=&#8221;0&#8243; width=&#8221;9\/12&#8243;][vc_column_text el_class=&#8221;text-block&#8221;]<strong>Archivo de Boletines<\/strong><\/p>\n<p>Explore nuestros boletines mensuales de Tendencias y Tecnolog\u00eda y tenga acceso a una gran cantidad de informaci\u00f3n relevante de la industria, videos, noticias y promociones de productos. Para inscribirse al bolet\u00edn mensual gratuito haga.<\/p>\n<p><a href=\"\/mx\/newsletter-archive\/\"> Haga clic aqu\u00ed para ver Boletines<\/a>[\/vc_column_text][\/vc_column_inner][\/vc_row_inner][vc_row_inner row_inner_height_percent=&#8221;0&#8243; overlay_alpha=&#8221;50&#8243; gutter_size=&#8221;3&#8243; shift_y=&#8221;0&#8243; z_index=&#8221;0&#8243;][vc_column_inner width=&#8221;3\/12&#8243;][vc_single_image media=&#8221;2427&#8243; media_width_percent=&#8221;90&#8243; media_link=&#8221;url:%2Fmx%2Flearning-center%2Fcase-studies%2F|title:Blog||&#8221;][\/vc_column_inner][vc_column_inner column_width_percent=&#8221;100&#8243; position_vertical=&#8221;middle&#8221; gutter_size=&#8221;3&#8243; overlay_alpha=&#8221;50&#8243; shift_x=&#8221;0&#8243; shift_y=&#8221;0&#8243; shift_y_down=&#8221;0&#8243; z_index=&#8221;0&#8243; medium_width=&#8221;0&#8243; mobile_width=&#8221;0&#8243; width=&#8221;9\/12&#8243;][vc_column_text el_class=&#8221;text-block&#8221;]<strong>Casos de Investigaci\u00f3n<\/strong><\/p>\n<p>Konica Minolta Sensing se especializa en medir, comparar, reproduce y comunica el color y la luz. Lea acerca de las aplicaciones del mundo real, donde nuestras soluciones de medici\u00f3n ayudaron a empresas a alcanzar el \u00e9xito por el ahorro de tiempo, la mejora de la productividad, la reducci\u00f3n de residuos y el ahorro de dinero.<\/p>\n<p><a href=\"\/mx\/learning-center\/case-studies\/\">Haga clic aqu\u00ed para ver Casos de Investigaci\u00f3n<\/a>[\/vc_column_text][\/vc_column_inner][\/vc_row_inner][vc_row_inner row_inner_height_percent=&#8221;0&#8243; overlay_alpha=&#8221;50&#8243; gutter_size=&#8221;3&#8243; shift_y=&#8221;0&#8243; z_index=&#8221;0&#8243;][vc_column_inner width=&#8221;3\/12&#8243;][vc_single_image media=&#8221;2430&#8243; media_width_percent=&#8221;90&#8243; media_link=&#8221;url:%2Fmx%2Flearning-center%2Fcolor-measurement%2F|title:Blog||&#8221;][\/vc_column_inner][vc_column_inner column_width_percent=&#8221;100&#8243; position_vertical=&#8221;middle&#8221; gutter_size=&#8221;3&#8243; overlay_alpha=&#8221;50&#8243; shift_x=&#8221;0&#8243; shift_y=&#8221;0&#8243; shift_y_down=&#8221;0&#8243; z_index=&#8221;0&#8243; medium_width=&#8221;0&#8243; mobile_width=&#8221;0&#8243; width=&#8221;9\/12&#8243;][vc_column_text el_class=&#8221;text-block&#8221;]<strong>Centro de Aprendizaje de Medici\u00f3n del Color<\/strong><\/p>\n<p>La medici\u00f3n del color puede ser un tema abrumador y complejo para aprender. Por suerte, Konica Minolta Sensing lo hace m\u00e1s f\u00e1cil con nuestro Centro de Aprendizaje de Medici\u00f3n de Color. Aprenda los conceptos b\u00e1sicos de la medici\u00f3n del color, as\u00ed como las f\u00f3rmulas m\u00e1s avanzadas que se utilizan para asegurarse que las mediciones de color sean precisar.<\/p>\n<p><a href=\"\/mx\/learning-center\/color-measurement\/\">Haga clic aqu\u00ed para ver el Centro de Aprendizaje de Medici\u00f3n de Color<\/a>[\/vc_column_text][\/vc_column_inner][\/vc_row_inner][vc_row_inner row_inner_height_percent=&#8221;0&#8243; overlay_alpha=&#8221;50&#8243; gutter_size=&#8221;3&#8243; shift_y=&#8221;0&#8243; z_index=&#8221;0&#8243;][vc_column_inner width=&#8221;3\/12&#8243;][vc_single_image media=&#8221;2435&#8243; media_width_percent=&#8221;90&#8243; media_link=&#8221;url:%2Fmx%2Flearning-center%2Fcolor-measurement%2F|title:Blog||&#8221;][\/vc_column_inner][vc_column_inner column_width_percent=&#8221;100&#8243; position_vertical=&#8221;middle&#8221; gutter_size=&#8221;3&#8243; overlay_alpha=&#8221;50&#8243; shift_x=&#8221;0&#8243; shift_y=&#8221;0&#8243; shift_y_down=&#8221;0&#8243; z_index=&#8221;0&#8243; medium_width=&#8221;0&#8243; mobile_width=&#8221;0&#8243; width=&#8221;9\/12&#8243;][vc_column_text el_class=&#8221;text-block&#8221;]<strong>Fundamentos de la Medici\u00f3n de Luz<\/strong><\/p>\n<p>La luz es necesaria para la visi\u00f3n. Para la mayor\u00eda de nosotros, la luz brinda un mundo de informaci\u00f3n visual. Las formas y los colores de nuestro alrededor s\u00f3lo son visibles cuando la luz proveniente de los objetos alcanza nuestros ojos y acciona la sensaci\u00f3n de visi\u00f3n.<\/p>\n<p><a href=\"\/mx\/learning-center\/light-measurement\/\">Haga clic aqu\u00ed para ver el Centro de Aprendizaje de Medici\u00f3n de Luz<\/a>[\/vc_column_text][\/vc_column_inner][\/vc_row_inner][\/vc_column][\/vc_row]<\/p>\n<\/div>","protected":false},"excerpt":{"rendered":"<p>[vc_row row_height_percent=&#8221;0&#8243; override_padding=&#8221;yes&#8221; h_padding=&#8221;2&#8243; top_padding=&#8221;0&#8243; bottom_padding=&#8221;0&#8243; overlay_alpha=&#8221;50&#8243; gutter_size=&#8221;3&#8243; column_width_percent=&#8221;100&#8243; shift_y=&#8221;0&#8243; z_index=&#8221;0&#8243;][vc_column width=&#8221;1\/1&#8243;][vc_single_image media=&#8221;2400&#8243; media_width_percent=&#8221;100&#8243; alignment=&#8221;center&#8221;][\/vc_column][\/vc_row][vc_row row_height_percent=&#8221;0&#8243; overlay_alpha=&#8221;50&#8243; gutter_size=&#8221;3&#8243; column_width_percent=&#8221;100&#8243; shift_y=&#8221;0&#8243; [&hellip;]<\/p>\n","protected":false},"author":1,"featured_media":2402,"parent":0,"menu_order":0,"comment_status":"closed","ping_status":"closed","template":"","meta":{"footnotes":""},"class_list":["post-11627","page","type-page","status-publish","has-post-thumbnail","hentry"],"acf":[],"yoast_head":"<!-- This site is optimized with the Yoast SEO Premium plugin v24.4 (Yoast SEO v24.4) - https:\/\/yoast.com\/wordpress\/plugins\/seo\/ -->\r\n<title>Centro de Aprendizaje | Konica Minolta Sensing<\/title>\r\n<meta name=\"description\" content=\"Centro de Aprendizaje de Konica Minolta proporciona acceso a nuestro blog, archivo de boletines, videos de YouTube, libros blancos, y m\u00e1s!\" \/>\r\n<meta name=\"robots\" content=\"index, follow, max-snippet:-1, max-image-preview:large, max-video-preview:-1\" \/>\r\n<link rel=\"canonical\" href=\"https:\/\/sensing.konicaminolta.us\/mx\/learning-center\/\" \/>\r\n<meta property=\"og:locale\" content=\"es_MX\" \/>\r\n<meta property=\"og:type\" content=\"article\" \/>\r\n<meta property=\"og:title\" content=\"Centro de Aprendizaje | Konica Minolta Sensing\" \/>\r\n<meta property=\"og:description\" content=\"Centro de Aprendizaje de Konica Minolta proporciona acceso a nuestro blog, archivo de boletines, videos de YouTube, libros blancos, y m\u00e1s!\" \/>\r\n<meta property=\"og:url\" content=\"https:\/\/sensing.konicaminolta.us\/mx\/learning-center\/\" \/>\r\n<meta property=\"og:site_name\" content=\"Konica Minolta Sensing\" \/>\r\n<meta property=\"article:publisher\" content=\"https:\/\/www.facebook.com\/KonicaMinoltaSensingAmericas\" \/>\r\n<meta property=\"article:modified_time\" content=\"2022-07-25T14:19:48+00:00\" \/>\r\n<meta property=\"og:image\" content=\"https:\/\/sensing.konicaminolta.us\/wp-content\/uploads\/LEARNINGCENTER_v4_.jpg\" \/>\r\n\t<meta property=\"og:image:width\" content=\"1130\" \/>\r\n\t<meta property=\"og:image:height\" content=\"253\" \/>\r\n\t<meta property=\"og:image:type\" content=\"image\/jpeg\" \/>\r\n<meta name=\"twitter:card\" content=\"summary_large_image\" \/>\r\n<meta name=\"twitter:title\" content=\"Centro de Aprendizaje | Konica Minolta Sensing\" \/>\r\n<meta name=\"twitter:description\" content=\"Centro de Aprendizaje de Konica Minolta proporciona acceso a nuestro blog, archivo de boletines, videos de YouTube, libros blancos, y m\u00e1s!\" \/>\r\n<meta name=\"twitter:site\" content=\"@KMSensingUS\" \/>\r\n<meta name=\"twitter:label1\" content=\"Tiempo de lectura\" \/>\n\t<meta name=\"twitter:data1\" content=\"6 minutos\" \/>\r\n<script type=\"application\/ld+json\" class=\"yoast-schema-graph\">{\"@context\":\"https:\/\/schema.org\",\"@graph\":[{\"@type\":\"WebPage\",\"@id\":\"https:\/\/sensing.konicaminolta.us\/mx\/learning-center\/\",\"url\":\"https:\/\/sensing.konicaminolta.us\/mx\/learning-center\/\",\"name\":\"Centro de Aprendizaje | Konica Minolta Sensing\",\"isPartOf\":{\"@id\":\"https:\/\/sensing.konicaminolta.us\/mx\/#website\"},\"primaryImageOfPage\":{\"@id\":\"https:\/\/sensing.konicaminolta.us\/mx\/learning-center\/#primaryimage\"},\"image\":{\"@id\":\"https:\/\/sensing.konicaminolta.us\/mx\/learning-center\/#primaryimage\"},\"thumbnailUrl\":\"https:\/\/sensing.konicaminolta.us\/wp-content\/uploads\/LEARNINGCENTER_v4_.jpg\",\"datePublished\":\"2020-02-06T21:44:45+00:00\",\"dateModified\":\"2022-07-25T14:19:48+00:00\",\"description\":\"Centro de Aprendizaje de Konica Minolta proporciona acceso a nuestro blog, archivo de boletines, videos de YouTube, libros blancos, y m\u00e1s!\",\"breadcrumb\":{\"@id\":\"https:\/\/sensing.konicaminolta.us\/mx\/learning-center\/#breadcrumb\"},\"inLanguage\":\"es\",\"potentialAction\":[{\"@type\":\"ReadAction\",\"target\":[\"https:\/\/sensing.konicaminolta.us\/mx\/learning-center\/\"]}]},{\"@type\":\"ImageObject\",\"inLanguage\":\"es\",\"@id\":\"https:\/\/sensing.konicaminolta.us\/mx\/learning-center\/#primaryimage\",\"url\":\"https:\/\/sensing.konicaminolta.us\/wp-content\/uploads\/LEARNINGCENTER_v4_.jpg\",\"contentUrl\":\"https:\/\/sensing.konicaminolta.us\/wp-content\/uploads\/LEARNINGCENTER_v4_.jpg\",\"width\":1130,\"height\":253,\"caption\":\"Konica Minolta Learning Center\"},{\"@type\":\"BreadcrumbList\",\"@id\":\"https:\/\/sensing.konicaminolta.us\/mx\/learning-center\/#breadcrumb\",\"itemListElement\":[{\"@type\":\"ListItem\",\"position\":1,\"name\":\"Home\",\"item\":\"https:\/\/sensing.konicaminolta.us\/mx\/\"},{\"@type\":\"ListItem\",\"position\":2,\"name\":\"Centro de Aprendizaje\"}]},{\"@type\":\"WebSite\",\"@id\":\"https:\/\/sensing.konicaminolta.us\/mx\/#website\",\"url\":\"https:\/\/sensing.konicaminolta.us\/mx\/\",\"name\":\"Konica Minolta Sensing\",\"description\":\"Color, Light, and LED Measuring Instruments\",\"publisher\":{\"@id\":\"https:\/\/sensing.konicaminolta.us\/mx\/#organization\"},\"potentialAction\":[{\"@type\":\"SearchAction\",\"target\":{\"@type\":\"EntryPoint\",\"urlTemplate\":\"https:\/\/sensing.konicaminolta.us\/mx\/?s={search_term_string}\"},\"query-input\":{\"@type\":\"PropertyValueSpecification\",\"valueRequired\":true,\"valueName\":\"search_term_string\"}}],\"inLanguage\":\"es\"},{\"@type\":\"Organization\",\"@id\":\"https:\/\/sensing.konicaminolta.us\/mx\/#organization\",\"name\":\"Konica Minolta Sensing Americas\",\"url\":\"https:\/\/sensing.konicaminolta.us\/mx\/\",\"logo\":{\"@type\":\"ImageObject\",\"inLanguage\":\"es\",\"@id\":\"https:\/\/sensing.konicaminolta.us\/mx\/#\/schema\/logo\/image\/\",\"url\":\"https:\/\/sensing.konicaminolta.us\/wp-content\/uploads\/kmsa-vertical.png\",\"contentUrl\":\"https:\/\/sensing.konicaminolta.us\/wp-content\/uploads\/kmsa-vertical.png\",\"width\":195,\"height\":135,\"caption\":\"Konica Minolta Sensing Americas\"},\"image\":{\"@id\":\"https:\/\/sensing.konicaminolta.us\/mx\/#\/schema\/logo\/image\/\"},\"sameAs\":[\"https:\/\/www.facebook.com\/KonicaMinoltaSensingAmericas\",\"https:\/\/x.com\/KMSensingUS\",\"https:\/\/www.instagram.com\/kmsensingus\/\",\"http:\/\/www.linkedin.com\/company\/531676?trk=tyah\",\"https:\/\/www.pinterest.com\/KMSensingUS\/\",\"http:\/\/www.youtube.com\/KonicaMinoltaSense\"]}]}<\/script>\r\n<!-- \/ Yoast SEO Premium plugin. -->","yoast_head_json":{"title":"Centro de Aprendizaje | Konica Minolta Sensing","description":"Centro de Aprendizaje de Konica Minolta proporciona acceso a nuestro blog, archivo de boletines, videos de YouTube, libros blancos, y m\u00e1s!","robots":{"index":"index","follow":"follow","max-snippet":"max-snippet:-1","max-image-preview":"max-image-preview:large","max-video-preview":"max-video-preview:-1"},"canonical":"https:\/\/sensing.konicaminolta.us\/mx\/learning-center\/","og_locale":"es_MX","og_type":"article","og_title":"Centro de Aprendizaje | Konica Minolta Sensing","og_description":"Centro de Aprendizaje de Konica Minolta proporciona acceso a nuestro blog, archivo de boletines, videos de YouTube, libros blancos, y m\u00e1s!","og_url":"https:\/\/sensing.konicaminolta.us\/mx\/learning-center\/","og_site_name":"Konica Minolta Sensing","article_publisher":"https:\/\/www.facebook.com\/KonicaMinoltaSensingAmericas","article_modified_time":"2022-07-25T14:19:48+00:00","og_image":[{"width":1130,"height":253,"url":"https:\/\/sensing.konicaminolta.us\/wp-content\/uploads\/LEARNINGCENTER_v4_.jpg","type":"image\/jpeg"}],"twitter_card":"summary_large_image","twitter_title":"Centro de Aprendizaje | Konica Minolta Sensing","twitter_description":"Centro de Aprendizaje de Konica Minolta proporciona acceso a nuestro blog, archivo de boletines, videos de YouTube, libros blancos, y m\u00e1s!","twitter_site":"@KMSensingUS","twitter_misc":{"Tiempo de lectura":"6 minutos"},"schema":{"@context":"https:\/\/schema.org","@graph":[{"@type":"WebPage","@id":"https:\/\/sensing.konicaminolta.us\/mx\/learning-center\/","url":"https:\/\/sensing.konicaminolta.us\/mx\/learning-center\/","name":"Centro de Aprendizaje | Konica Minolta Sensing","isPartOf":{"@id":"https:\/\/sensing.konicaminolta.us\/mx\/#website"},"primaryImageOfPage":{"@id":"https:\/\/sensing.konicaminolta.us\/mx\/learning-center\/#primaryimage"},"image":{"@id":"https:\/\/sensing.konicaminolta.us\/mx\/learning-center\/#primaryimage"},"thumbnailUrl":"https:\/\/sensing.konicaminolta.us\/wp-content\/uploads\/LEARNINGCENTER_v4_.jpg","datePublished":"2020-02-06T21:44:45+00:00","dateModified":"2022-07-25T14:19:48+00:00","description":"Centro de Aprendizaje de Konica Minolta proporciona acceso a nuestro blog, archivo de boletines, videos de YouTube, libros blancos, y m\u00e1s!","breadcrumb":{"@id":"https:\/\/sensing.konicaminolta.us\/mx\/learning-center\/#breadcrumb"},"inLanguage":"es","potentialAction":[{"@type":"ReadAction","target":["https:\/\/sensing.konicaminolta.us\/mx\/learning-center\/"]}]},{"@type":"ImageObject","inLanguage":"es","@id":"https:\/\/sensing.konicaminolta.us\/mx\/learning-center\/#primaryimage","url":"https:\/\/sensing.konicaminolta.us\/wp-content\/uploads\/LEARNINGCENTER_v4_.jpg","contentUrl":"https:\/\/sensing.konicaminolta.us\/wp-content\/uploads\/LEARNINGCENTER_v4_.jpg","width":1130,"height":253,"caption":"Konica Minolta Learning Center"},{"@type":"BreadcrumbList","@id":"https:\/\/sensing.konicaminolta.us\/mx\/learning-center\/#breadcrumb","itemListElement":[{"@type":"ListItem","position":1,"name":"Home","item":"https:\/\/sensing.konicaminolta.us\/mx\/"},{"@type":"ListItem","position":2,"name":"Centro de Aprendizaje"}]},{"@type":"WebSite","@id":"https:\/\/sensing.konicaminolta.us\/mx\/#website","url":"https:\/\/sensing.konicaminolta.us\/mx\/","name":"Konica Minolta Sensing","description":"Color, Light, and LED Measuring Instruments","publisher":{"@id":"https:\/\/sensing.konicaminolta.us\/mx\/#organization"},"potentialAction":[{"@type":"SearchAction","target":{"@type":"EntryPoint","urlTemplate":"https:\/\/sensing.konicaminolta.us\/mx\/?s={search_term_string}"},"query-input":{"@type":"PropertyValueSpecification","valueRequired":true,"valueName":"search_term_string"}}],"inLanguage":"es"},{"@type":"Organization","@id":"https:\/\/sensing.konicaminolta.us\/mx\/#organization","name":"Konica Minolta Sensing Americas","url":"https:\/\/sensing.konicaminolta.us\/mx\/","logo":{"@type":"ImageObject","inLanguage":"es","@id":"https:\/\/sensing.konicaminolta.us\/mx\/#\/schema\/logo\/image\/","url":"https:\/\/sensing.konicaminolta.us\/wp-content\/uploads\/kmsa-vertical.png","contentUrl":"https:\/\/sensing.konicaminolta.us\/wp-content\/uploads\/kmsa-vertical.png","width":195,"height":135,"caption":"Konica Minolta Sensing Americas"},"image":{"@id":"https:\/\/sensing.konicaminolta.us\/mx\/#\/schema\/logo\/image\/"},"sameAs":["https:\/\/www.facebook.com\/KonicaMinoltaSensingAmericas","https:\/\/x.com\/KMSensingUS","https:\/\/www.instagram.com\/kmsensingus\/","http:\/\/www.linkedin.com\/company\/531676?trk=tyah","https:\/\/www.pinterest.com\/KMSensingUS\/","http:\/\/www.youtube.com\/KonicaMinoltaSense"]}]}},"_links":{"self":[{"href":"https:\/\/sensing.konicaminolta.us\/mx\/wp-json\/wp\/v2\/pages\/11627","targetHints":{"allow":["GET"]}}],"collection":[{"href":"https:\/\/sensing.konicaminolta.us\/mx\/wp-json\/wp\/v2\/pages"}],"about":[{"href":"https:\/\/sensing.konicaminolta.us\/mx\/wp-json\/wp\/v2\/types\/page"}],"author":[{"embeddable":true,"href":"https:\/\/sensing.konicaminolta.us\/mx\/wp-json\/wp\/v2\/users\/1"}],"replies":[{"embeddable":true,"href":"https:\/\/sensing.konicaminolta.us\/mx\/wp-json\/wp\/v2\/comments?post=11627"}],"version-history":[{"count":4,"href":"https:\/\/sensing.konicaminolta.us\/mx\/wp-json\/wp\/v2\/pages\/11627\/revisions"}],"predecessor-version":[{"id":23157,"href":"https:\/\/sensing.konicaminolta.us\/mx\/wp-json\/wp\/v2\/pages\/11627\/revisions\/23157"}],"wp:featuredmedia":[{"embeddable":true,"href":"https:\/\/sensing.konicaminolta.us\/mx\/wp-json\/wp\/v2\/media\/2402"}],"wp:attachment":[{"href":"https:\/\/sensing.konicaminolta.us\/mx\/wp-json\/wp\/v2\/media?parent=11627"}],"curies":[{"name":"wp","href":"https:\/\/api.w.org\/{rel}","templated":true}]}}