{"id":11657,"date":"2020-03-13T18:17:20","date_gmt":"2020-03-13T22:17:20","guid":{"rendered":"https:\/\/sensing.konicaminolta.us\/learning-center\/light-measurement\/"},"modified":"2020-03-20T16:30:15","modified_gmt":"2020-03-20T20:30:15","slug":"light-measurement","status":"publish","type":"page","link":"https:\/\/sensing.konicaminolta.us\/mx\/learning-center\/light-measurement\/","title":{"rendered":"Fundamentos de la Medici\u00f3n de Luz"},"content":{"rendered":"<div class=\"wpb-content-wrapper\"><p>[vc_row row_height_percent=&#8221;0&#8243; override_padding=&#8221;yes&#8221; h_padding=&#8221;2&#8243; top_padding=&#8221;0&#8243; bottom_padding=&#8221;2&#8243; overlay_alpha=&#8221;50&#8243; gutter_size=&#8221;3&#8243; column_width_percent=&#8221;100&#8243; shift_y=&#8221;0&#8243; z_index=&#8221;0&#8243;][vc_column width=&#8221;1\/1&#8243;][uncode_block id=&#8221;11162&#8243; inside_column=&#8221;yes&#8221;][\/vc_column][\/vc_row][vc_row row_height_percent=&#8221;0&#8243; override_padding=&#8221;yes&#8221; h_padding=&#8221;2&#8243; top_padding=&#8221;1&#8243; bottom_padding=&#8221;2&#8243; overlay_alpha=&#8221;50&#8243; gutter_size=&#8221;3&#8243; column_width_percent=&#8221;100&#8243; shift_y=&#8221;0&#8243; z_index=&#8221;0&#8243;][vc_column column_width_percent=&#8221;100&#8243; gutter_size=&#8221;2&#8243; overlay_alpha=&#8221;50&#8243; shift_x=&#8221;0&#8243; shift_y=&#8221;0&#8243; shift_y_down=&#8221;0&#8243; z_index=&#8221;0&#8243; medium_width=&#8221;0&#8243; mobile_width=&#8221;0&#8243; width=&#8221;1\/1&#8243;][vc_custom_heading heading_semantic=&#8221;h1&#8243; text_size=&#8221;h3&#8243; separator=&#8221;yes&#8221; separator_color=&#8221;yes&#8221;]Fundamentos de la Medici\u00f3n de Luz[\/vc_custom_heading][vc_column_text el_class=&#8221;text-block light-center-block&#8221;]La luz es necesaria para la visi\u00f3n. Para la mayor\u00eda de nosotros, la luz brinda un mundo de informaci\u00f3n visual. Las formas y los colores de nuestro alrededor s\u00f3lo son visibles cuando la luz proveniente de los objetos alcanza nuestros ojos y acciona la sensaci\u00f3n de visi\u00f3n.<\/p>\n<p><strong>\u00bfQu\u00e9 Es La Luz?<\/strong><br \/>\nLa luz es una forma de energ\u00eda y es parte de un rango m\u00e1s amplio de espectro electromagn\u00e9tico. Las ondas el\u00e9ctricas radiales y de los microondas a los rayos gama forman parte de este espectro electromagn\u00e9tico. El espectro de luz visible es una porci\u00f3n relativamente peque\u00f1a de este espectro, entre 380nm y 760nm. A menudo, la luz es definida incluyendo las regiones infrarroja y ultravioleta.<\/p>\n<p>La detecci\u00f3n de luz es un proceso fundamental y su medici\u00f3n requiere de un gran entendimiento. Es uno de los temas menos conocidos del campo \u00f3ptico, probablemente debido a la introducci\u00f3n de nuevos conceptos y terminolog\u00eda.<\/p>\n<p>La medici\u00f3n de luz puede ser un desaf\u00edo especialmente a la hora de decidir qu\u00e9 medir y c\u00f3mo medirlo.<\/p>\n<p><strong>\u00bfQu\u00e9 Puede Ser Medido?<\/strong><br \/>\nGeneralmente, podemos medir la energ\u00eda luminosa total emitida de una fuente o recibida sobre una superficie. Esta energ\u00eda total puede cubrir una porci\u00f3n del espectro visible incluyendo energ\u00eda ultravioleta e infrarroja. La energ\u00eda de longitudes de onda individuales o sobre un rango de longitudes de onda, tambi\u00e9n pueden ser medidas.<\/p>\n<p>Otra \u00e1rea de inter\u00e9s es el color. El color es una propiedad de luz y puede ser medido y cuantificado.<\/p>\n<p>La ciencia de medici\u00f3n de luz se conoce como Fotometr\u00eda y es una subcategor\u00eda de un campo m\u00e1s amplio que es la Radiometr\u00eda (la medida de la radiaci\u00f3n en todo el espectro electromagn\u00e9tico)[\/vc_column_text][\/vc_column][\/vc_row]<\/p>\n<\/div>","protected":false},"excerpt":{"rendered":"<p>[vc_row row_height_percent=&#8221;0&#8243; override_padding=&#8221;yes&#8221; h_padding=&#8221;2&#8243; top_padding=&#8221;0&#8243; bottom_padding=&#8221;2&#8243; overlay_alpha=&#8221;50&#8243; gutter_size=&#8221;3&#8243; column_width_percent=&#8221;100&#8243; shift_y=&#8221;0&#8243; z_index=&#8221;0&#8243;][vc_column width=&#8221;1\/1&#8243;][uncode_block id=&#8221;11162&#8243; inside_column=&#8221;yes&#8221;][\/vc_column][\/vc_row][vc_row row_height_percent=&#8221;0&#8243; override_padding=&#8221;yes&#8221; h_padding=&#8221;2&#8243; top_padding=&#8221;1&#8243; bottom_padding=&#8221;2&#8243; overlay_alpha=&#8221;50&#8243; [&hellip;]<\/p>\n","protected":false},"author":1,"featured_media":0,"parent":11627,"menu_order":0,"comment_status":"closed","ping_status":"closed","template":"","meta":{"footnotes":""},"class_list":["post-11657","page","type-page","status-publish","hentry"],"acf":[],"yoast_head":"<!-- This site is optimized with the Yoast SEO Premium plugin v24.4 (Yoast SEO v24.4) - https:\/\/yoast.com\/wordpress\/plugins\/seo\/ -->\r\n<title>Light Measurement Basics | Konica Minolta Sensing<\/title>\r\n<meta name=\"description\" content=\"Aprenda los fundamentos de la medici\u00f3n de la luz desde Konica Minolta Detectando como es la luz y qu\u00e9 aspectos de ella se pueden medir?\" \/>\r\n<meta name=\"robots\" content=\"index, follow, max-snippet:-1, max-image-preview:large, max-video-preview:-1\" \/>\r\n<link rel=\"canonical\" href=\"https:\/\/sensing.konicaminolta.us\/mx\/learning-center\/light-measurement\/\" \/>\r\n<meta property=\"og:locale\" content=\"es_MX\" \/>\r\n<meta property=\"og:type\" content=\"article\" \/>\r\n<meta property=\"og:title\" content=\"Fundamentos de la Medici\u00f3n de Luz | Konica Minolta Sensing\" \/>\r\n<meta property=\"og:description\" content=\"Aprenda los fundamentos de la medici\u00f3n de la luz desde Konica Minolta Detectando como es la luz y qu\u00e9 aspectos de ella se pueden medir?\" \/>\r\n<meta property=\"og:url\" content=\"https:\/\/sensing.konicaminolta.us\/mx\/learning-center\/light-measurement\/\" \/>\r\n<meta property=\"og:site_name\" content=\"Konica Minolta Sensing\" \/>\r\n<meta property=\"article:publisher\" content=\"https:\/\/www.facebook.com\/KonicaMinoltaSensingAmericas\" \/>\r\n<meta property=\"article:modified_time\" content=\"2020-03-20T20:30:15+00:00\" \/>\r\n<meta property=\"og:image\" content=\"https:\/\/sensing.konicaminolta.us\/wp-content\/uploads\/konicalogo-4rpp4s6552.png\" \/>\r\n\t<meta property=\"og:image:width\" content=\"1280\" \/>\r\n\t<meta property=\"og:image:height\" content=\"743\" \/>\r\n\t<meta property=\"og:image:type\" content=\"image\/png\" \/>\r\n<meta name=\"twitter:card\" content=\"summary_large_image\" \/>\r\n<meta name=\"twitter:title\" content=\"Fundamentos de la Medici\u00f3n de Luz | Konica Minolta Sensing\" \/>\r\n<meta name=\"twitter:description\" content=\"Aprenda los fundamentos de la medici\u00f3n de la luz desde Konica Minolta Detectando como es la luz y qu\u00e9 aspectos de ella se pueden medir?\" \/>\r\n<meta name=\"twitter:site\" content=\"@KMSensingUS\" \/>\r\n<meta name=\"twitter:label1\" content=\"Tiempo de lectura\" \/>\n\t<meta name=\"twitter:data1\" content=\"2 minutos\" \/>\r\n<script type=\"application\/ld+json\" class=\"yoast-schema-graph\">{\"@context\":\"https:\/\/schema.org\",\"@graph\":[{\"@type\":\"WebPage\",\"@id\":\"https:\/\/sensing.konicaminolta.us\/mx\/learning-center\/light-measurement\/\",\"url\":\"https:\/\/sensing.konicaminolta.us\/mx\/learning-center\/light-measurement\/\",\"name\":\"Light Measurement Basics | Konica Minolta Sensing\",\"isPartOf\":{\"@id\":\"https:\/\/sensing.konicaminolta.us\/mx\/#website\"},\"datePublished\":\"2020-03-13T22:17:20+00:00\",\"dateModified\":\"2020-03-20T20:30:15+00:00\",\"description\":\"Aprenda los fundamentos de la medici\u00f3n de la luz desde Konica Minolta Detectando como es la luz y qu\u00e9 aspectos de ella se pueden medir?\",\"breadcrumb\":{\"@id\":\"https:\/\/sensing.konicaminolta.us\/mx\/learning-center\/light-measurement\/#breadcrumb\"},\"inLanguage\":\"es\",\"potentialAction\":[{\"@type\":\"ReadAction\",\"target\":[\"https:\/\/sensing.konicaminolta.us\/mx\/learning-center\/light-measurement\/\"]}]},{\"@type\":\"BreadcrumbList\",\"@id\":\"https:\/\/sensing.konicaminolta.us\/mx\/learning-center\/light-measurement\/#breadcrumb\",\"itemListElement\":[{\"@type\":\"ListItem\",\"position\":1,\"name\":\"Home\",\"item\":\"https:\/\/sensing.konicaminolta.us\/mx\/\"},{\"@type\":\"ListItem\",\"position\":2,\"name\":\"Centro de Aprendizaje\",\"item\":\"https:\/\/sensing.konicaminolta.us\/mx\/learning-center\/\"},{\"@type\":\"ListItem\",\"position\":3,\"name\":\"Fundamentos de la Medici\u00f3n de Luz\"}]},{\"@type\":\"WebSite\",\"@id\":\"https:\/\/sensing.konicaminolta.us\/mx\/#website\",\"url\":\"https:\/\/sensing.konicaminolta.us\/mx\/\",\"name\":\"Konica Minolta Sensing\",\"description\":\"Color, Light, and LED Measuring Instruments\",\"publisher\":{\"@id\":\"https:\/\/sensing.konicaminolta.us\/mx\/#organization\"},\"potentialAction\":[{\"@type\":\"SearchAction\",\"target\":{\"@type\":\"EntryPoint\",\"urlTemplate\":\"https:\/\/sensing.konicaminolta.us\/mx\/?s={search_term_string}\"},\"query-input\":{\"@type\":\"PropertyValueSpecification\",\"valueRequired\":true,\"valueName\":\"search_term_string\"}}],\"inLanguage\":\"es\"},{\"@type\":\"Organization\",\"@id\":\"https:\/\/sensing.konicaminolta.us\/mx\/#organization\",\"name\":\"Konica Minolta Sensing Americas\",\"url\":\"https:\/\/sensing.konicaminolta.us\/mx\/\",\"logo\":{\"@type\":\"ImageObject\",\"inLanguage\":\"es\",\"@id\":\"https:\/\/sensing.konicaminolta.us\/mx\/#\/schema\/logo\/image\/\",\"url\":\"https:\/\/sensing.konicaminolta.us\/wp-content\/uploads\/kmsa-vertical.png\",\"contentUrl\":\"https:\/\/sensing.konicaminolta.us\/wp-content\/uploads\/kmsa-vertical.png\",\"width\":195,\"height\":135,\"caption\":\"Konica Minolta Sensing Americas\"},\"image\":{\"@id\":\"https:\/\/sensing.konicaminolta.us\/mx\/#\/schema\/logo\/image\/\"},\"sameAs\":[\"https:\/\/www.facebook.com\/KonicaMinoltaSensingAmericas\",\"https:\/\/x.com\/KMSensingUS\",\"https:\/\/www.instagram.com\/kmsensingus\/\",\"http:\/\/www.linkedin.com\/company\/531676?trk=tyah\",\"https:\/\/www.pinterest.com\/KMSensingUS\/\",\"http:\/\/www.youtube.com\/KonicaMinoltaSense\"]}]}<\/script>\r\n<!-- \/ Yoast SEO Premium plugin. -->","yoast_head_json":{"title":"Light Measurement Basics | Konica Minolta Sensing","description":"Aprenda los fundamentos de la medici\u00f3n de la luz desde Konica Minolta Detectando como es la luz y qu\u00e9 aspectos de ella se pueden medir?","robots":{"index":"index","follow":"follow","max-snippet":"max-snippet:-1","max-image-preview":"max-image-preview:large","max-video-preview":"max-video-preview:-1"},"canonical":"https:\/\/sensing.konicaminolta.us\/mx\/learning-center\/light-measurement\/","og_locale":"es_MX","og_type":"article","og_title":"Fundamentos de la Medici\u00f3n de Luz | Konica Minolta Sensing","og_description":"Aprenda los fundamentos de la medici\u00f3n de la luz desde Konica Minolta Detectando como es la luz y qu\u00e9 aspectos de ella se pueden medir?","og_url":"https:\/\/sensing.konicaminolta.us\/mx\/learning-center\/light-measurement\/","og_site_name":"Konica Minolta Sensing","article_publisher":"https:\/\/www.facebook.com\/KonicaMinoltaSensingAmericas","article_modified_time":"2020-03-20T20:30:15+00:00","og_image":[{"width":1280,"height":743,"url":"https:\/\/sensing.konicaminolta.us\/wp-content\/uploads\/konicalogo-4rpp4s6552.png","type":"image\/png"}],"twitter_card":"summary_large_image","twitter_title":"Fundamentos de la Medici\u00f3n de Luz | Konica Minolta Sensing","twitter_description":"Aprenda los fundamentos de la medici\u00f3n de la luz desde Konica Minolta Detectando como es la luz y qu\u00e9 aspectos de ella se pueden medir?","twitter_site":"@KMSensingUS","twitter_misc":{"Tiempo de lectura":"2 minutos"},"schema":{"@context":"https:\/\/schema.org","@graph":[{"@type":"WebPage","@id":"https:\/\/sensing.konicaminolta.us\/mx\/learning-center\/light-measurement\/","url":"https:\/\/sensing.konicaminolta.us\/mx\/learning-center\/light-measurement\/","name":"Light Measurement Basics | Konica Minolta Sensing","isPartOf":{"@id":"https:\/\/sensing.konicaminolta.us\/mx\/#website"},"datePublished":"2020-03-13T22:17:20+00:00","dateModified":"2020-03-20T20:30:15+00:00","description":"Aprenda los fundamentos de la medici\u00f3n de la luz desde Konica Minolta Detectando como es la luz y qu\u00e9 aspectos de ella se pueden medir?","breadcrumb":{"@id":"https:\/\/sensing.konicaminolta.us\/mx\/learning-center\/light-measurement\/#breadcrumb"},"inLanguage":"es","potentialAction":[{"@type":"ReadAction","target":["https:\/\/sensing.konicaminolta.us\/mx\/learning-center\/light-measurement\/"]}]},{"@type":"BreadcrumbList","@id":"https:\/\/sensing.konicaminolta.us\/mx\/learning-center\/light-measurement\/#breadcrumb","itemListElement":[{"@type":"ListItem","position":1,"name":"Home","item":"https:\/\/sensing.konicaminolta.us\/mx\/"},{"@type":"ListItem","position":2,"name":"Centro de Aprendizaje","item":"https:\/\/sensing.konicaminolta.us\/mx\/learning-center\/"},{"@type":"ListItem","position":3,"name":"Fundamentos de la Medici\u00f3n de Luz"}]},{"@type":"WebSite","@id":"https:\/\/sensing.konicaminolta.us\/mx\/#website","url":"https:\/\/sensing.konicaminolta.us\/mx\/","name":"Konica Minolta Sensing","description":"Color, Light, and LED Measuring Instruments","publisher":{"@id":"https:\/\/sensing.konicaminolta.us\/mx\/#organization"},"potentialAction":[{"@type":"SearchAction","target":{"@type":"EntryPoint","urlTemplate":"https:\/\/sensing.konicaminolta.us\/mx\/?s={search_term_string}"},"query-input":{"@type":"PropertyValueSpecification","valueRequired":true,"valueName":"search_term_string"}}],"inLanguage":"es"},{"@type":"Organization","@id":"https:\/\/sensing.konicaminolta.us\/mx\/#organization","name":"Konica Minolta Sensing Americas","url":"https:\/\/sensing.konicaminolta.us\/mx\/","logo":{"@type":"ImageObject","inLanguage":"es","@id":"https:\/\/sensing.konicaminolta.us\/mx\/#\/schema\/logo\/image\/","url":"https:\/\/sensing.konicaminolta.us\/wp-content\/uploads\/kmsa-vertical.png","contentUrl":"https:\/\/sensing.konicaminolta.us\/wp-content\/uploads\/kmsa-vertical.png","width":195,"height":135,"caption":"Konica Minolta Sensing Americas"},"image":{"@id":"https:\/\/sensing.konicaminolta.us\/mx\/#\/schema\/logo\/image\/"},"sameAs":["https:\/\/www.facebook.com\/KonicaMinoltaSensingAmericas","https:\/\/x.com\/KMSensingUS","https:\/\/www.instagram.com\/kmsensingus\/","http:\/\/www.linkedin.com\/company\/531676?trk=tyah","https:\/\/www.pinterest.com\/KMSensingUS\/","http:\/\/www.youtube.com\/KonicaMinoltaSense"]}]}},"_links":{"self":[{"href":"https:\/\/sensing.konicaminolta.us\/mx\/wp-json\/wp\/v2\/pages\/11657","targetHints":{"allow":["GET"]}}],"collection":[{"href":"https:\/\/sensing.konicaminolta.us\/mx\/wp-json\/wp\/v2\/pages"}],"about":[{"href":"https:\/\/sensing.konicaminolta.us\/mx\/wp-json\/wp\/v2\/types\/page"}],"author":[{"embeddable":true,"href":"https:\/\/sensing.konicaminolta.us\/mx\/wp-json\/wp\/v2\/users\/1"}],"replies":[{"embeddable":true,"href":"https:\/\/sensing.konicaminolta.us\/mx\/wp-json\/wp\/v2\/comments?post=11657"}],"version-history":[{"count":0,"href":"https:\/\/sensing.konicaminolta.us\/mx\/wp-json\/wp\/v2\/pages\/11657\/revisions"}],"up":[{"embeddable":true,"href":"https:\/\/sensing.konicaminolta.us\/mx\/wp-json\/wp\/v2\/pages\/11627"}],"wp:attachment":[{"href":"https:\/\/sensing.konicaminolta.us\/mx\/wp-json\/wp\/v2\/media?parent=11657"}],"curies":[{"name":"wp","href":"https:\/\/api.w.org\/{rel}","templated":true}]}}