{"id":11730,"date":"2020-02-22T00:03:52","date_gmt":"2020-02-22T05:03:52","guid":{"rendered":"https:\/\/sensing.konicaminolta.us\/services\/"},"modified":"2020-04-07T11:31:25","modified_gmt":"2020-04-07T15:31:25","slug":"services","status":"publish","type":"page","link":"https:\/\/sensing.konicaminolta.us\/mx\/services\/","title":{"rendered":"Servicios"},"content":{"rendered":"<div class=\"wpb-content-wrapper\"><p>[vc_row row_height_percent=&#8221;0&#8243; override_padding=&#8221;yes&#8221; h_padding=&#8221;2&#8243; top_padding=&#8221;0&#8243; bottom_padding=&#8221;0&#8243; overlay_alpha=&#8221;50&#8243; gutter_size=&#8221;3&#8243; column_width_percent=&#8221;100&#8243; shift_y=&#8221;0&#8243; z_index=&#8221;0&#8243;][vc_column width=&#8221;1\/1&#8243;][vc_single_image media=&#8221;6612&#8243; media_width_percent=&#8221;100&#8243; alignment=&#8221;center&#8221;][\/vc_column][\/vc_row][vc_row row_height_percent=&#8221;0&#8243; override_padding=&#8221;yes&#8221; h_padding=&#8221;2&#8243; top_padding=&#8221;0&#8243; bottom_padding=&#8221;0&#8243; overlay_alpha=&#8221;50&#8243; gutter_size=&#8221;3&#8243; column_width_percent=&#8221;100&#8243; shift_y=&#8221;0&#8243; z_index=&#8221;0&#8243;][vc_column column_width_percent=&#8221;100&#8243; gutter_size=&#8221;3&#8243; expand_height=&#8221;yes&#8221; back_color=&#8221;color-f9f9f9&#8243; overlay_alpha=&#8221;50&#8243; shift_x=&#8221;0&#8243; shift_y=&#8221;0&#8243; shift_y_down=&#8221;0&#8243; z_index=&#8221;0&#8243; medium_width=&#8221;0&#8243; mobile_width=&#8221;0&#8243; width=&#8221;1\/4&#8243; css=&#8221;.vc_custom_1583936974515{padding-top: 20px !important;padding-bottom: 20px !important;}&#8221; el_class=&#8221;services-sidebar&#8221;][vc_widget_sidebar sidebar_id=&#8221;sidebar-services&#8221;][\/vc_column][vc_column column_width_percent=&#8221;100&#8243; gutter_size=&#8221;2&#8243; overlay_alpha=&#8221;50&#8243; shift_x=&#8221;0&#8243; shift_y=&#8221;0&#8243; shift_y_down=&#8221;0&#8243; z_index=&#8221;0&#8243; medium_width=&#8221;0&#8243; mobile_width=&#8221;0&#8243; width=&#8221;3\/4&#8243; css=&#8221;.vc_custom_1582347785052{padding-top: 20px !important;padding-bottom: 20px !important;}&#8221;][vc_row_inner][vc_column_inner column_width_percent=&#8221;100&#8243; gutter_size=&#8221;2&#8243; overlay_alpha=&#8221;50&#8243; shift_x=&#8221;0&#8243; shift_y=&#8221;0&#8243; shift_y_down=&#8221;0&#8243; z_index=&#8221;0&#8243; medium_width=&#8221;0&#8243; mobile_width=&#8221;0&#8243; width=&#8221;1\/1&#8243;][vc_custom_heading heading_semantic=&#8221;h1&#8243; text_size=&#8221;h3&#8243; separator=&#8221;yes&#8221; separator_color=&#8221;yes&#8221;]Konica Minolta Sensing Service[\/vc_custom_heading][vc_column_text]En Konica Minolta, nuestros t\u00e9cnicos certificados est\u00e1n disponibles para atender personalmente los llamados de nuestros clientes y brindar apoyo a sus necesidades de hardware, software y aplicaciones a lo largo del ciclo de vida del producto.<\/p>\n<p>Con nuestra sede corporativa en Ramsey, New Jersey- Estados Unidos- y oficinas regionales en America Latina y Brasil, ofrecemos un sistema completo de servicios para atender las necesidades de nuestros clientes en servicios t\u00e9cnico, servicio de producto y entrenamiento.<\/p>\n<p>Nuestro personal est\u00e1 dedicado a brindar el mejor servicio en su clase. El servicio al cliente es nuestro objetivo principal. Nos esforzamos por construir relaciones duraderas con cada cliente y ofrecer servicios que mejoren sus negocios.<\/p>\n<p>Informaci\u00f3n de Contacto para Servicio:<br \/>\n101 Williams Drive<br \/>\nRamsey, NJ 07446<br \/>\nPhone: (888) 473-2656<br \/>\nEmail:\u00a0<a href=\"mailto:service.sus@konicaminolta.com\">service.sus@konicaminolta.com<\/a>[\/vc_column_text][vc_custom_heading heading_semantic=&#8221;h1&#8243; text_size=&#8221;h3&#8243; separator=&#8221;yes&#8221; separator_color=&#8221;yes&#8221;]Qu\u00e9 Ofrecemos[\/vc_custom_heading][uncode_index el_id=&#8221;index-208530&#8243; isotope_mode=&#8221;fitRows&#8221; loop=&#8221;size:5|order_by:menu_order|post_type:services|by_id:11737,11745,11743,11733,11740&#8243; gutter_size=&#8221;2&#8243; industries_items=&#8221;media|featured|onpost|original&#8221; services_items=&#8221;media|featured|onpost|original,title&#8221; screen_lg=&#8221;800&#8243; screen_md=&#8221;600&#8243; screen_sm=&#8221;480&#8243; single_overlay_opacity=&#8221;50&#8243; single_h_align=&#8221;center&#8221; single_padding=&#8221;0&#8243; custom_order=&#8221;yes&#8221; el_class=&#8221;industry-grid&#8221; order_ids=&#8221;11740,11743,11745,11733,11737&#8243;][\/vc_column_inner][\/vc_row_inner][\/vc_column][\/vc_row]<\/p>\n<\/div>","protected":false},"excerpt":{"rendered":"<p>[vc_row row_height_percent=&#8221;0&#8243; override_padding=&#8221;yes&#8221; h_padding=&#8221;2&#8243; top_padding=&#8221;0&#8243; bottom_padding=&#8221;0&#8243; overlay_alpha=&#8221;50&#8243; gutter_size=&#8221;3&#8243; column_width_percent=&#8221;100&#8243; shift_y=&#8221;0&#8243; z_index=&#8221;0&#8243;][vc_column width=&#8221;1\/1&#8243;][vc_single_image media=&#8221;6612&#8243; media_width_percent=&#8221;100&#8243; alignment=&#8221;center&#8221;][\/vc_column][\/vc_row][vc_row row_height_percent=&#8221;0&#8243; override_padding=&#8221;yes&#8221; h_padding=&#8221;2&#8243; top_padding=&#8221;0&#8243; bottom_padding=&#8221;0&#8243; [&hellip;]<\/p>\n","protected":false},"author":1,"featured_media":0,"parent":0,"menu_order":0,"comment_status":"closed","ping_status":"closed","template":"","meta":{"footnotes":""},"class_list":["post-11730","page","type-page","status-publish","hentry"],"acf":[],"yoast_head":"<!-- This site is optimized with the Yoast SEO Premium plugin v24.4 (Yoast SEO v24.4) - https:\/\/yoast.com\/wordpress\/plugins\/seo\/ -->\r\n<title>Servicios | Konica Minolta Sensing<\/title>\r\n<meta name=\"description\" content=\"Nuestra p\u00e1gina Servicios proporciona soporte de producto y respuestas para todas sus pregunatas de alquiler, reparaci\u00f3 y calibraci\u00f3n.\" \/>\r\n<meta name=\"robots\" content=\"index, follow, max-snippet:-1, max-image-preview:large, max-video-preview:-1\" \/>\r\n<link rel=\"canonical\" href=\"https:\/\/sensing.konicaminolta.us\/mx\/services\/\" \/>\r\n<meta property=\"og:locale\" content=\"es_MX\" \/>\r\n<meta property=\"og:type\" content=\"article\" \/>\r\n<meta property=\"og:title\" content=\"Servicios | Konica Minolta Sensing\" \/>\r\n<meta property=\"og:description\" content=\"Nuestra p\u00e1gina Servicios proporciona soporte de producto y respuestas para todas sus pregunatas de alquiler, reparaci\u00f3 y calibraci\u00f3n.\" \/>\r\n<meta property=\"og:url\" content=\"https:\/\/sensing.konicaminolta.us\/mx\/services\/\" \/>\r\n<meta property=\"og:site_name\" content=\"Konica Minolta Sensing\" \/>\r\n<meta property=\"article:publisher\" content=\"https:\/\/www.facebook.com\/KonicaMinoltaSensingAmericas\" \/>\r\n<meta property=\"article:modified_time\" content=\"2020-04-07T15:31:25+00:00\" \/>\r\n<meta property=\"og:image\" content=\"https:\/\/sensing.konicaminolta.us\/wp-content\/uploads\/konicalogo-4rpp4s6552-1.png\" \/>\r\n\t<meta property=\"og:image:width\" content=\"1280\" \/>\r\n\t<meta property=\"og:image:height\" content=\"743\" \/>\r\n\t<meta property=\"og:image:type\" content=\"image\/png\" \/>\r\n<meta name=\"twitter:card\" content=\"summary_large_image\" \/>\r\n<meta name=\"twitter:title\" content=\"Servicios | Konica Minolta Sensing\" \/>\r\n<meta name=\"twitter:description\" content=\"Nuestra p\u00e1gina Servicios proporciona soporte de producto y respuestas para todas sus pregunatas de alquiler, reparaci\u00f3 y calibraci\u00f3n.\" \/>\r\n<meta name=\"twitter:site\" content=\"@KMSensingUS\" \/>\r\n<meta name=\"twitter:label1\" content=\"Tiempo de lectura\" \/>\n\t<meta name=\"twitter:data1\" content=\"2 minutos\" \/>\r\n<script type=\"application\/ld+json\" class=\"yoast-schema-graph\">{\"@context\":\"https:\/\/schema.org\",\"@graph\":[{\"@type\":\"WebPage\",\"@id\":\"https:\/\/sensing.konicaminolta.us\/mx\/services\/\",\"url\":\"https:\/\/sensing.konicaminolta.us\/mx\/services\/\",\"name\":\"Servicios | Konica Minolta Sensing\",\"isPartOf\":{\"@id\":\"https:\/\/sensing.konicaminolta.us\/mx\/#website\"},\"datePublished\":\"2020-02-22T05:03:52+00:00\",\"dateModified\":\"2020-04-07T15:31:25+00:00\",\"description\":\"Nuestra p\u00e1gina Servicios proporciona soporte de producto y respuestas para todas sus pregunatas de alquiler, reparaci\u00f3 y calibraci\u00f3n.\",\"breadcrumb\":{\"@id\":\"https:\/\/sensing.konicaminolta.us\/mx\/services\/#breadcrumb\"},\"inLanguage\":\"es\",\"potentialAction\":[{\"@type\":\"ReadAction\",\"target\":[\"https:\/\/sensing.konicaminolta.us\/mx\/services\/\"]}]},{\"@type\":\"BreadcrumbList\",\"@id\":\"https:\/\/sensing.konicaminolta.us\/mx\/services\/#breadcrumb\",\"itemListElement\":[{\"@type\":\"ListItem\",\"position\":1,\"name\":\"Home\",\"item\":\"https:\/\/sensing.konicaminolta.us\/mx\/\"},{\"@type\":\"ListItem\",\"position\":2,\"name\":\"Servicios\"}]},{\"@type\":\"WebSite\",\"@id\":\"https:\/\/sensing.konicaminolta.us\/mx\/#website\",\"url\":\"https:\/\/sensing.konicaminolta.us\/mx\/\",\"name\":\"Konica Minolta Sensing\",\"description\":\"Color, Light, and LED Measuring Instruments\",\"publisher\":{\"@id\":\"https:\/\/sensing.konicaminolta.us\/mx\/#organization\"},\"potentialAction\":[{\"@type\":\"SearchAction\",\"target\":{\"@type\":\"EntryPoint\",\"urlTemplate\":\"https:\/\/sensing.konicaminolta.us\/mx\/?s={search_term_string}\"},\"query-input\":{\"@type\":\"PropertyValueSpecification\",\"valueRequired\":true,\"valueName\":\"search_term_string\"}}],\"inLanguage\":\"es\"},{\"@type\":\"Organization\",\"@id\":\"https:\/\/sensing.konicaminolta.us\/mx\/#organization\",\"name\":\"Konica Minolta Sensing Americas\",\"url\":\"https:\/\/sensing.konicaminolta.us\/mx\/\",\"logo\":{\"@type\":\"ImageObject\",\"inLanguage\":\"es\",\"@id\":\"https:\/\/sensing.konicaminolta.us\/mx\/#\/schema\/logo\/image\/\",\"url\":\"https:\/\/sensing.konicaminolta.us\/wp-content\/uploads\/kmsa-vertical.png\",\"contentUrl\":\"https:\/\/sensing.konicaminolta.us\/wp-content\/uploads\/kmsa-vertical.png\",\"width\":195,\"height\":135,\"caption\":\"Konica Minolta Sensing Americas\"},\"image\":{\"@id\":\"https:\/\/sensing.konicaminolta.us\/mx\/#\/schema\/logo\/image\/\"},\"sameAs\":[\"https:\/\/www.facebook.com\/KonicaMinoltaSensingAmericas\",\"https:\/\/x.com\/KMSensingUS\",\"https:\/\/www.instagram.com\/kmsensingus\/\",\"http:\/\/www.linkedin.com\/company\/531676?trk=tyah\",\"https:\/\/www.pinterest.com\/KMSensingUS\/\",\"http:\/\/www.youtube.com\/KonicaMinoltaSense\"]}]}<\/script>\r\n<!-- \/ Yoast SEO Premium plugin. -->","yoast_head_json":{"title":"Servicios | Konica Minolta Sensing","description":"Nuestra p\u00e1gina Servicios proporciona soporte de producto y respuestas para todas sus pregunatas de alquiler, reparaci\u00f3 y calibraci\u00f3n.","robots":{"index":"index","follow":"follow","max-snippet":"max-snippet:-1","max-image-preview":"max-image-preview:large","max-video-preview":"max-video-preview:-1"},"canonical":"https:\/\/sensing.konicaminolta.us\/mx\/services\/","og_locale":"es_MX","og_type":"article","og_title":"Servicios | Konica Minolta Sensing","og_description":"Nuestra p\u00e1gina Servicios proporciona soporte de producto y respuestas para todas sus pregunatas de alquiler, reparaci\u00f3 y calibraci\u00f3n.","og_url":"https:\/\/sensing.konicaminolta.us\/mx\/services\/","og_site_name":"Konica Minolta Sensing","article_publisher":"https:\/\/www.facebook.com\/KonicaMinoltaSensingAmericas","article_modified_time":"2020-04-07T15:31:25+00:00","og_image":[{"width":1280,"height":743,"url":"https:\/\/sensing.konicaminolta.us\/wp-content\/uploads\/konicalogo-4rpp4s6552-1.png","type":"image\/png"}],"twitter_card":"summary_large_image","twitter_title":"Servicios | Konica Minolta Sensing","twitter_description":"Nuestra p\u00e1gina Servicios proporciona soporte de producto y respuestas para todas sus pregunatas de alquiler, reparaci\u00f3 y calibraci\u00f3n.","twitter_site":"@KMSensingUS","twitter_misc":{"Tiempo de lectura":"2 minutos"},"schema":{"@context":"https:\/\/schema.org","@graph":[{"@type":"WebPage","@id":"https:\/\/sensing.konicaminolta.us\/mx\/services\/","url":"https:\/\/sensing.konicaminolta.us\/mx\/services\/","name":"Servicios | Konica Minolta Sensing","isPartOf":{"@id":"https:\/\/sensing.konicaminolta.us\/mx\/#website"},"datePublished":"2020-02-22T05:03:52+00:00","dateModified":"2020-04-07T15:31:25+00:00","description":"Nuestra p\u00e1gina Servicios proporciona soporte de producto y respuestas para todas sus pregunatas de alquiler, reparaci\u00f3 y calibraci\u00f3n.","breadcrumb":{"@id":"https:\/\/sensing.konicaminolta.us\/mx\/services\/#breadcrumb"},"inLanguage":"es","potentialAction":[{"@type":"ReadAction","target":["https:\/\/sensing.konicaminolta.us\/mx\/services\/"]}]},{"@type":"BreadcrumbList","@id":"https:\/\/sensing.konicaminolta.us\/mx\/services\/#breadcrumb","itemListElement":[{"@type":"ListItem","position":1,"name":"Home","item":"https:\/\/sensing.konicaminolta.us\/mx\/"},{"@type":"ListItem","position":2,"name":"Servicios"}]},{"@type":"WebSite","@id":"https:\/\/sensing.konicaminolta.us\/mx\/#website","url":"https:\/\/sensing.konicaminolta.us\/mx\/","name":"Konica Minolta Sensing","description":"Color, Light, and LED Measuring Instruments","publisher":{"@id":"https:\/\/sensing.konicaminolta.us\/mx\/#organization"},"potentialAction":[{"@type":"SearchAction","target":{"@type":"EntryPoint","urlTemplate":"https:\/\/sensing.konicaminolta.us\/mx\/?s={search_term_string}"},"query-input":{"@type":"PropertyValueSpecification","valueRequired":true,"valueName":"search_term_string"}}],"inLanguage":"es"},{"@type":"Organization","@id":"https:\/\/sensing.konicaminolta.us\/mx\/#organization","name":"Konica Minolta Sensing Americas","url":"https:\/\/sensing.konicaminolta.us\/mx\/","logo":{"@type":"ImageObject","inLanguage":"es","@id":"https:\/\/sensing.konicaminolta.us\/mx\/#\/schema\/logo\/image\/","url":"https:\/\/sensing.konicaminolta.us\/wp-content\/uploads\/kmsa-vertical.png","contentUrl":"https:\/\/sensing.konicaminolta.us\/wp-content\/uploads\/kmsa-vertical.png","width":195,"height":135,"caption":"Konica Minolta Sensing Americas"},"image":{"@id":"https:\/\/sensing.konicaminolta.us\/mx\/#\/schema\/logo\/image\/"},"sameAs":["https:\/\/www.facebook.com\/KonicaMinoltaSensingAmericas","https:\/\/x.com\/KMSensingUS","https:\/\/www.instagram.com\/kmsensingus\/","http:\/\/www.linkedin.com\/company\/531676?trk=tyah","https:\/\/www.pinterest.com\/KMSensingUS\/","http:\/\/www.youtube.com\/KonicaMinoltaSense"]}]}},"_links":{"self":[{"href":"https:\/\/sensing.konicaminolta.us\/mx\/wp-json\/wp\/v2\/pages\/11730","targetHints":{"allow":["GET"]}}],"collection":[{"href":"https:\/\/sensing.konicaminolta.us\/mx\/wp-json\/wp\/v2\/pages"}],"about":[{"href":"https:\/\/sensing.konicaminolta.us\/mx\/wp-json\/wp\/v2\/types\/page"}],"author":[{"embeddable":true,"href":"https:\/\/sensing.konicaminolta.us\/mx\/wp-json\/wp\/v2\/users\/1"}],"replies":[{"embeddable":true,"href":"https:\/\/sensing.konicaminolta.us\/mx\/wp-json\/wp\/v2\/comments?post=11730"}],"version-history":[{"count":0,"href":"https:\/\/sensing.konicaminolta.us\/mx\/wp-json\/wp\/v2\/pages\/11730\/revisions"}],"wp:attachment":[{"href":"https:\/\/sensing.konicaminolta.us\/mx\/wp-json\/wp\/v2\/media?parent=11730"}],"curies":[{"name":"wp","href":"https:\/\/api.w.org\/{rel}","templated":true}]}}