{"id":17233,"date":"2020-04-06T01:43:31","date_gmt":"2020-04-06T05:43:31","guid":{"rendered":"https:\/\/sensing.konicaminolta.us\/?page_id=17233"},"modified":"2024-04-22T08:32:11","modified_gmt":"2024-04-22T12:32:11","slug":"on-demand-webinars","status":"publish","type":"page","link":"https:\/\/sensing.konicaminolta.us\/mx\/events\/on-demand-webinars\/","title":{"rendered":"On-Demand Webinars"},"content":{"rendered":"<div class=\"wpb-content-wrapper\"><p>[vc_row row_height_percent=&#8221;0&#8243; override_padding=&#8221;yes&#8221; h_padding=&#8221;2&#8243; top_padding=&#8221;0&#8243; bottom_padding=&#8221;0&#8243; overlay_alpha=&#8221;50&#8243; gutter_size=&#8221;3&#8243; column_width_percent=&#8221;100&#8243; shift_y=&#8221;0&#8243; z_index=&#8221;0&#8243;][vc_column width=&#8221;1\/1&#8243;][vc_single_image media=&#8221;17235&#8243; media_width_percent=&#8221;100&#8243; alignment=&#8221;center&#8221;][\/vc_column][\/vc_row][vc_row row_height_percent=&#8221;0&#8243; overlay_alpha=&#8221;50&#8243; gutter_size=&#8221;3&#8243; column_width_percent=&#8221;100&#8243; shift_y=&#8221;0&#8243; z_index=&#8221;0&#8243;][vc_column column_width_percent=&#8221;100&#8243; position_vertical=&#8221;middle&#8221; gutter_size=&#8221;3&#8243; overlay_alpha=&#8221;50&#8243; shift_x=&#8221;0&#8243; shift_y=&#8221;0&#8243; shift_y_down=&#8221;0&#8243; z_index=&#8221;0&#8243; medium_width=&#8221;0&#8243; mobile_width=&#8221;0&#8243; width=&#8221;1\/1&#8243;][vc_custom_heading heading_semantic=&#8221;h1&#8243; text_size=&#8221;h3&#8243; separator=&#8221;yes&#8221; separator_color=&#8221;yes&#8221;]Seminarios Web Bajo Demanda[\/vc_custom_heading][vc_column_text]Konica Minolta Sensing se complace en ofrecer nuestros seminarios web (webinars) m\u00e1s concurridos ahora en formato de v\u00eddeo Flash, accesibles cuando y donde usted lo desee. Sabemos que su tiempo es valioso y que tiene una agenda ocupada. Estos seminarios web est\u00e1n disponibles las 24 horas del d\u00eda para que lo pueda ver cuando m\u00e1s le convenga. Reciba todos los beneficios de un seminario web en vivo sin tener que iniciar sesi\u00f3n en un momento espec\u00edfico. Reproduzca, detenga, rebobine o adelante el video, usted controla el tiempo.[\/vc_column_text][vc_custom_heading heading_semantic=&#8221;h1&#8243; text_size=&#8221;h3&#8243; separator=&#8221;yes&#8221; separator_color=&#8221;yes&#8221;]Medici\u00f3n del Color[\/vc_custom_heading][vc_row_inner row_inner_height_percent=&#8221;0&#8243; overlay_alpha=&#8221;50&#8243; gutter_size=&#8221;3&#8243; shift_y=&#8221;0&#8243; z_index=&#8221;0&#8243; el_class=&#8221;webinar-row&#8221;][vc_column_inner column_width_percent=&#8221;100&#8243; gutter_size=&#8221;3&#8243; overlay_alpha=&#8221;50&#8243; shift_x=&#8221;0&#8243; shift_y=&#8221;0&#8243; shift_y_down=&#8221;0&#8243; z_index=&#8221;0&#8243; medium_width=&#8221;2&#8243; mobile_width=&#8221;0&#8243; width=&#8221;3\/12&#8243;][vc_single_image media=&#8221;17243&#8243; media_width_percent=&#8221;90&#8243; media_link=&#8221;url:%2Fmx%2Fevents%2Fon-demand-webinars%2Fwebinar-form%2F%3Fwebinar%3Dthe-fundamentals-of-color-science&#8221;][\/vc_column_inner][vc_column_inner column_width_percent=&#8221;100&#8243; position_vertical=&#8221;middle&#8221; gutter_size=&#8221;3&#8243; overlay_alpha=&#8221;50&#8243; shift_x=&#8221;0&#8243; shift_y=&#8221;0&#8243; shift_y_down=&#8221;0&#8243; z_index=&#8221;0&#8243; medium_width=&#8221;6&#8243; mobile_width=&#8221;0&#8243; width=&#8221;9\/12&#8243;][vc_column_text el_class=&#8221;text-block&#8221;]<strong>Las bases de la ciencia del color<\/strong><\/p>\n<p>Konica Minolta Sensing tiene el agrado de ofrecer sus seminarios web (webinars) m\u00e1s solicitados ahora en formato de video Flash, disponibles cu\u00e1ndo y d\u00f3nde usted quiera. Sabemos que su tiempo es valioso y que tiene una agenda ocupada. Por eso, nuestros seminarios web pueden verse las 24 horas del d\u00eda, todos los d\u00edas. Reciba todos los beneficios de un seminario web en vivo sin tener que conectarse a una hora espec\u00edfica. Reproduzca, detenga, rebobine y adelante el video; usted controla el tiempo.<\/p>\n<p><a href=\"\/mx\/events\/on-demand-webinars\/webinar-form?webinar=the-fundamentals-of-color-science\">Registro<\/a>[\/vc_column_text][\/vc_column_inner][\/vc_row_inner][vc_row_inner row_inner_height_percent=&#8221;0&#8243; overlay_alpha=&#8221;50&#8243; gutter_size=&#8221;3&#8243; shift_y=&#8221;0&#8243; z_index=&#8221;0&#8243; el_class=&#8221;webinar-row&#8221;][vc_column_inner column_width_percent=&#8221;100&#8243; gutter_size=&#8221;3&#8243; overlay_alpha=&#8221;50&#8243; shift_x=&#8221;0&#8243; shift_y=&#8221;0&#8243; shift_y_down=&#8221;0&#8243; z_index=&#8221;0&#8243; medium_width=&#8221;2&#8243; mobile_width=&#8221;0&#8243; width=&#8221;3\/12&#8243;][vc_single_image media=&#8221;21579&#8243; media_width_percent=&#8221;90&#8243; media_link=&#8221;url:%2Fmx%2Fevents%2Fon-demand-webinars%2Fwebinar-form%2F%3Fwebinar%3Dcolor-en-los-alimentos&#8221;][\/vc_column_inner][vc_column_inner column_width_percent=&#8221;100&#8243; position_vertical=&#8221;middle&#8221; gutter_size=&#8221;3&#8243; overlay_alpha=&#8221;50&#8243; shift_x=&#8221;0&#8243; shift_y=&#8221;0&#8243; shift_y_down=&#8221;0&#8243; z_index=&#8221;0&#8243; medium_width=&#8221;6&#8243; mobile_width=&#8221;0&#8243; width=&#8221;9\/12&#8243;][vc_column_text el_class=&#8221;text-block&#8221;]<strong>El color en los alimentos: \u00bfc\u00f3mo evaluarlo de manera efectiva?<\/strong><\/p>\n<p>Este seminario brinda consejos \u00fatiles que lo ayudar\u00e1n a profundizar los conocimientos sobre fundamentos de color y el uso de instrumentos colorimetr\u00edcos para mejorar los procesos de control de calidad del color en la industria alimentaria.<\/p>\n<p><a href=\"\/mx\/events\/on-demand-webinars\/webinar-form\/?webinar=color-en-los-alimentos\">Registro<\/a>[\/vc_column_text][\/vc_column_inner][\/vc_row_inner][\/vc_column][\/vc_row]<\/p>\n<\/div>","protected":false},"excerpt":{"rendered":"<p>[vc_row row_height_percent=&#8221;0&#8243; override_padding=&#8221;yes&#8221; h_padding=&#8221;2&#8243; top_padding=&#8221;0&#8243; bottom_padding=&#8221;0&#8243; overlay_alpha=&#8221;50&#8243; gutter_size=&#8221;3&#8243; column_width_percent=&#8221;100&#8243; shift_y=&#8221;0&#8243; z_index=&#8221;0&#8243;][vc_column width=&#8221;1\/1&#8243;][vc_single_image media=&#8221;17235&#8243; media_width_percent=&#8221;100&#8243; alignment=&#8221;center&#8221;][\/vc_column][\/vc_row][vc_row row_height_percent=&#8221;0&#8243; overlay_alpha=&#8221;50&#8243; gutter_size=&#8221;3&#8243; column_width_percent=&#8221;100&#8243; shift_y=&#8221;0&#8243; [&hellip;]<\/p>\n","protected":false},"author":1,"featured_media":0,"parent":11808,"menu_order":0,"comment_status":"closed","ping_status":"closed","template":"","meta":{"footnotes":""},"class_list":["post-17233","page","type-page","status-publish","hentry"],"acf":[],"yoast_head":"<!-- This site is optimized with the Yoast SEO Premium plugin v24.4 (Yoast SEO v24.4) - https:\/\/yoast.com\/wordpress\/plugins\/seo\/ -->\r\n<title>Seminarios Web Bajo Demanda | Konica Minolta Sensing<\/title>\r\n<meta name=\"description\" content=\"Konica Minolta Sensing se complace en ofrecer a nuestros webinars m\u00e1s concurrido ahora en un formato de v\u00eddeo Flash, accesible cuando y donde usted lo desee.\" \/>\r\n<meta name=\"robots\" content=\"index, follow, max-snippet:-1, max-image-preview:large, max-video-preview:-1\" \/>\r\n<link rel=\"canonical\" href=\"https:\/\/sensing.konicaminolta.us\/mx\/events\/on-demand-webinars\/\" \/>\r\n<meta property=\"og:locale\" content=\"es_MX\" \/>\r\n<meta property=\"og:type\" content=\"article\" \/>\r\n<meta property=\"og:title\" content=\"Seminarios Web Bajo Demanda | Konica Minolta Sensing\" \/>\r\n<meta property=\"og:description\" content=\"Konica Minolta Sensing se complace en ofrecer a nuestros webinars m\u00e1s concurrido ahora en un formato de v\u00eddeo Flash, accesible cuando y donde usted lo desee.\" \/>\r\n<meta property=\"og:url\" content=\"https:\/\/sensing.konicaminolta.us\/mx\/events\/on-demand-webinars\/\" \/>\r\n<meta property=\"og:site_name\" content=\"Konica Minolta Sensing\" \/>\r\n<meta property=\"article:publisher\" content=\"https:\/\/www.facebook.com\/KonicaMinoltaSensingAmericas\" \/>\r\n<meta property=\"article:modified_time\" content=\"2024-04-22T12:32:11+00:00\" \/>\r\n<meta property=\"og:image\" content=\"https:\/\/sensing.konicaminolta.us\/wp-content\/uploads\/LearningCenter_OnDemandWebinars.jpg\" \/>\r\n\t<meta property=\"og:image:width\" content=\"940\" \/>\r\n\t<meta property=\"og:image:height\" content=\"260\" \/>\r\n\t<meta property=\"og:image:type\" content=\"image\/jpeg\" \/>\r\n<meta name=\"twitter:card\" content=\"summary_large_image\" \/>\r\n<meta name=\"twitter:title\" content=\"Seminarios Web Bajo Demanda | Konica Minolta Sensing\" \/>\r\n<meta name=\"twitter:description\" content=\"Konica Minolta Sensing se complace en ofrecer a nuestros webinars m\u00e1s concurrido ahora en un formato de v\u00eddeo Flash, accesible cuando y donde usted lo desee.\" \/>\r\n<meta name=\"twitter:site\" content=\"@KMSensingUS\" \/>\r\n<meta name=\"twitter:label1\" content=\"Tiempo de lectura\" \/>\n\t<meta name=\"twitter:data1\" content=\"3 minutos\" \/>\r\n<script type=\"application\/ld+json\" class=\"yoast-schema-graph\">{\"@context\":\"https:\/\/schema.org\",\"@graph\":[{\"@type\":\"WebPage\",\"@id\":\"https:\/\/sensing.konicaminolta.us\/mx\/events\/on-demand-webinars\/\",\"url\":\"https:\/\/sensing.konicaminolta.us\/mx\/events\/on-demand-webinars\/\",\"name\":\"Seminarios Web Bajo Demanda | Konica Minolta Sensing\",\"isPartOf\":{\"@id\":\"https:\/\/sensing.konicaminolta.us\/mx\/#website\"},\"datePublished\":\"2020-04-06T05:43:31+00:00\",\"dateModified\":\"2024-04-22T12:32:11+00:00\",\"description\":\"Konica Minolta Sensing se complace en ofrecer a nuestros webinars m\u00e1s concurrido ahora en un formato de v\u00eddeo Flash, accesible cuando y donde usted lo desee.\",\"breadcrumb\":{\"@id\":\"https:\/\/sensing.konicaminolta.us\/mx\/events\/on-demand-webinars\/#breadcrumb\"},\"inLanguage\":\"es\",\"potentialAction\":[{\"@type\":\"ReadAction\",\"target\":[\"https:\/\/sensing.konicaminolta.us\/mx\/events\/on-demand-webinars\/\"]}]},{\"@type\":\"BreadcrumbList\",\"@id\":\"https:\/\/sensing.konicaminolta.us\/mx\/events\/on-demand-webinars\/#breadcrumb\",\"itemListElement\":[{\"@type\":\"ListItem\",\"position\":1,\"name\":\"Home\",\"item\":\"https:\/\/sensing.konicaminolta.us\/mx\/\"},{\"@type\":\"ListItem\",\"position\":2,\"name\":\"Eventos\",\"item\":\"https:\/\/sensing.konicaminolta.us\/mx\/events\/\"},{\"@type\":\"ListItem\",\"position\":3,\"name\":\"On-Demand Webinars\"}]},{\"@type\":\"WebSite\",\"@id\":\"https:\/\/sensing.konicaminolta.us\/mx\/#website\",\"url\":\"https:\/\/sensing.konicaminolta.us\/mx\/\",\"name\":\"Konica Minolta Sensing\",\"description\":\"Color, Light, and LED Measuring Instruments\",\"publisher\":{\"@id\":\"https:\/\/sensing.konicaminolta.us\/mx\/#organization\"},\"potentialAction\":[{\"@type\":\"SearchAction\",\"target\":{\"@type\":\"EntryPoint\",\"urlTemplate\":\"https:\/\/sensing.konicaminolta.us\/mx\/?s={search_term_string}\"},\"query-input\":{\"@type\":\"PropertyValueSpecification\",\"valueRequired\":true,\"valueName\":\"search_term_string\"}}],\"inLanguage\":\"es\"},{\"@type\":\"Organization\",\"@id\":\"https:\/\/sensing.konicaminolta.us\/mx\/#organization\",\"name\":\"Konica Minolta Sensing Americas\",\"url\":\"https:\/\/sensing.konicaminolta.us\/mx\/\",\"logo\":{\"@type\":\"ImageObject\",\"inLanguage\":\"es\",\"@id\":\"https:\/\/sensing.konicaminolta.us\/mx\/#\/schema\/logo\/image\/\",\"url\":\"https:\/\/sensing.konicaminolta.us\/wp-content\/uploads\/kmsa-vertical.png\",\"contentUrl\":\"https:\/\/sensing.konicaminolta.us\/wp-content\/uploads\/kmsa-vertical.png\",\"width\":195,\"height\":135,\"caption\":\"Konica Minolta Sensing Americas\"},\"image\":{\"@id\":\"https:\/\/sensing.konicaminolta.us\/mx\/#\/schema\/logo\/image\/\"},\"sameAs\":[\"https:\/\/www.facebook.com\/KonicaMinoltaSensingAmericas\",\"https:\/\/x.com\/KMSensingUS\",\"https:\/\/www.instagram.com\/kmsensingus\/\",\"http:\/\/www.linkedin.com\/company\/531676?trk=tyah\",\"https:\/\/www.pinterest.com\/KMSensingUS\/\",\"http:\/\/www.youtube.com\/KonicaMinoltaSense\"]}]}<\/script>\r\n<!-- \/ Yoast SEO Premium plugin. -->","yoast_head_json":{"title":"Seminarios Web Bajo Demanda | Konica Minolta Sensing","description":"Konica Minolta Sensing se complace en ofrecer a nuestros webinars m\u00e1s concurrido ahora en un formato de v\u00eddeo Flash, accesible cuando y donde usted lo desee.","robots":{"index":"index","follow":"follow","max-snippet":"max-snippet:-1","max-image-preview":"max-image-preview:large","max-video-preview":"max-video-preview:-1"},"canonical":"https:\/\/sensing.konicaminolta.us\/mx\/events\/on-demand-webinars\/","og_locale":"es_MX","og_type":"article","og_title":"Seminarios Web Bajo Demanda | Konica Minolta Sensing","og_description":"Konica Minolta Sensing se complace en ofrecer a nuestros webinars m\u00e1s concurrido ahora en un formato de v\u00eddeo Flash, accesible cuando y donde usted lo desee.","og_url":"https:\/\/sensing.konicaminolta.us\/mx\/events\/on-demand-webinars\/","og_site_name":"Konica Minolta Sensing","article_publisher":"https:\/\/www.facebook.com\/KonicaMinoltaSensingAmericas","article_modified_time":"2024-04-22T12:32:11+00:00","og_image":[{"width":940,"height":260,"url":"https:\/\/sensing.konicaminolta.us\/wp-content\/uploads\/LearningCenter_OnDemandWebinars.jpg","type":"image\/jpeg"}],"twitter_card":"summary_large_image","twitter_title":"Seminarios Web Bajo Demanda | Konica Minolta Sensing","twitter_description":"Konica Minolta Sensing se complace en ofrecer a nuestros webinars m\u00e1s concurrido ahora en un formato de v\u00eddeo Flash, accesible cuando y donde usted lo desee.","twitter_site":"@KMSensingUS","twitter_misc":{"Tiempo de lectura":"3 minutos"},"schema":{"@context":"https:\/\/schema.org","@graph":[{"@type":"WebPage","@id":"https:\/\/sensing.konicaminolta.us\/mx\/events\/on-demand-webinars\/","url":"https:\/\/sensing.konicaminolta.us\/mx\/events\/on-demand-webinars\/","name":"Seminarios Web Bajo Demanda | Konica Minolta Sensing","isPartOf":{"@id":"https:\/\/sensing.konicaminolta.us\/mx\/#website"},"datePublished":"2020-04-06T05:43:31+00:00","dateModified":"2024-04-22T12:32:11+00:00","description":"Konica Minolta Sensing se complace en ofrecer a nuestros webinars m\u00e1s concurrido ahora en un formato de v\u00eddeo Flash, accesible cuando y donde usted lo desee.","breadcrumb":{"@id":"https:\/\/sensing.konicaminolta.us\/mx\/events\/on-demand-webinars\/#breadcrumb"},"inLanguage":"es","potentialAction":[{"@type":"ReadAction","target":["https:\/\/sensing.konicaminolta.us\/mx\/events\/on-demand-webinars\/"]}]},{"@type":"BreadcrumbList","@id":"https:\/\/sensing.konicaminolta.us\/mx\/events\/on-demand-webinars\/#breadcrumb","itemListElement":[{"@type":"ListItem","position":1,"name":"Home","item":"https:\/\/sensing.konicaminolta.us\/mx\/"},{"@type":"ListItem","position":2,"name":"Eventos","item":"https:\/\/sensing.konicaminolta.us\/mx\/events\/"},{"@type":"ListItem","position":3,"name":"On-Demand Webinars"}]},{"@type":"WebSite","@id":"https:\/\/sensing.konicaminolta.us\/mx\/#website","url":"https:\/\/sensing.konicaminolta.us\/mx\/","name":"Konica Minolta Sensing","description":"Color, Light, and LED Measuring Instruments","publisher":{"@id":"https:\/\/sensing.konicaminolta.us\/mx\/#organization"},"potentialAction":[{"@type":"SearchAction","target":{"@type":"EntryPoint","urlTemplate":"https:\/\/sensing.konicaminolta.us\/mx\/?s={search_term_string}"},"query-input":{"@type":"PropertyValueSpecification","valueRequired":true,"valueName":"search_term_string"}}],"inLanguage":"es"},{"@type":"Organization","@id":"https:\/\/sensing.konicaminolta.us\/mx\/#organization","name":"Konica Minolta Sensing Americas","url":"https:\/\/sensing.konicaminolta.us\/mx\/","logo":{"@type":"ImageObject","inLanguage":"es","@id":"https:\/\/sensing.konicaminolta.us\/mx\/#\/schema\/logo\/image\/","url":"https:\/\/sensing.konicaminolta.us\/wp-content\/uploads\/kmsa-vertical.png","contentUrl":"https:\/\/sensing.konicaminolta.us\/wp-content\/uploads\/kmsa-vertical.png","width":195,"height":135,"caption":"Konica Minolta Sensing Americas"},"image":{"@id":"https:\/\/sensing.konicaminolta.us\/mx\/#\/schema\/logo\/image\/"},"sameAs":["https:\/\/www.facebook.com\/KonicaMinoltaSensingAmericas","https:\/\/x.com\/KMSensingUS","https:\/\/www.instagram.com\/kmsensingus\/","http:\/\/www.linkedin.com\/company\/531676?trk=tyah","https:\/\/www.pinterest.com\/KMSensingUS\/","http:\/\/www.youtube.com\/KonicaMinoltaSense"]}]}},"_links":{"self":[{"href":"https:\/\/sensing.konicaminolta.us\/mx\/wp-json\/wp\/v2\/pages\/17233","targetHints":{"allow":["GET"]}}],"collection":[{"href":"https:\/\/sensing.konicaminolta.us\/mx\/wp-json\/wp\/v2\/pages"}],"about":[{"href":"https:\/\/sensing.konicaminolta.us\/mx\/wp-json\/wp\/v2\/types\/page"}],"author":[{"embeddable":true,"href":"https:\/\/sensing.konicaminolta.us\/mx\/wp-json\/wp\/v2\/users\/1"}],"replies":[{"embeddable":true,"href":"https:\/\/sensing.konicaminolta.us\/mx\/wp-json\/wp\/v2\/comments?post=17233"}],"version-history":[{"count":12,"href":"https:\/\/sensing.konicaminolta.us\/mx\/wp-json\/wp\/v2\/pages\/17233\/revisions"}],"predecessor-version":[{"id":24668,"href":"https:\/\/sensing.konicaminolta.us\/mx\/wp-json\/wp\/v2\/pages\/17233\/revisions\/24668"}],"up":[{"embeddable":true,"href":"https:\/\/sensing.konicaminolta.us\/mx\/wp-json\/wp\/v2\/pages\/11808"}],"wp:attachment":[{"href":"https:\/\/sensing.konicaminolta.us\/mx\/wp-json\/wp\/v2\/media?parent=17233"}],"curies":[{"name":"wp","href":"https:\/\/api.w.org\/{rel}","templated":true}]}}